{"id":2449,"date":"2025-06-06T06:39:21","date_gmt":"2025-06-06T06:39:21","guid":{"rendered":"https:\/\/gold-trout-569347.hostingersite.com\/?page_id=2449"},"modified":"2026-01-18T10:52:45","modified_gmt":"2026-01-18T10:52:45","slug":"3d-rundgang","status":"publish","type":"page","link":"https:\/\/3dviewjanssen.com\/de_de\/home\/start\/immobilien\/3d-rundgang\/","title":{"rendered":"3D Rundgang"},"content":{"rendered":"\n<figure class=\"wp-block-image alignright size-full is-resized\"><img loading=\"lazy\" decoding=\"async\" width=\"144\" height=\"96\" src=\"https:\/\/3dviewjanssen.com\/wp-content\/uploads\/2026\/01\/Logo_Farbig_Web.jpg\" alt=\"\" class=\"wp-image-3499\" style=\"width:124px;height:auto\" srcset=\"https:\/\/3dviewjanssen.com\/wp-content\/uploads\/2026\/01\/Logo_Farbig_Web.jpg 144w, https:\/\/3dviewjanssen.com\/wp-content\/uploads\/2026\/01\/Logo_Farbig_Web-18x12.jpg 18w\" sizes=\"auto, (max-width: 144px) 100vw, 144px\" \/><figcaption class=\"wp-element-caption\"><a href=\"https:\/\/3dviewjanssen.com\/de_de\/home\/start\/\">Zur\u00fcck&#8230;<\/a><\/figcaption><\/figure>\n\n\n\n<p>Immobilien-Rundg\u00e4nge erm\u00f6glichen eine virtuelle oder gef\u00fchrte Besichtigung von Immobilien, bei der alle R\u00e4ume detailliert betrachtet werden k\u00f6nnen. Besonders virtuelle 360\u00b0-Rundg\u00e4nge bieten Interessenten die M\u00f6glichkeit, sich unabh\u00e4ngig von Ort und Zeit einen realit\u00e4tsnahen Eindruck vom Objekt zu verschaffen. Dies steigert die Effizienz des Vermarktungsprozesses, da potenzielle K\u00e4ufer oder Mieter fr\u00fchzeitig entscheiden k\u00f6nnen, ob eine Immobilie f\u00fcr sie in Frage kommt.<\/p>\n\n\n<p><iframe src=\"https:\/\/wolowo.de\/site\/tour-view\/lGXbdE5Q8O\" style=\"width:800px; height:400px\"><\/iframe><\/p>\n\n\n\n<p><strong><a href=\"https:\/\/wolowo.de\/site\/tour-view\/virtual-tour-key=no\/2972472\" target=\"_blank\" rel=\"noopener\" title=\"\">Zum 360 Rundgang\u2026<\/a><\/strong><\/p>\n\n\n\n<p><\/p>\n","protected":false},"excerpt":{"rendered":"<p>Immobilien-Rundg\u00e4nge erm\u00f6glichen eine virtuelle oder gef\u00fchrte Besichtigung von Immobilien, bei der alle R\u00e4ume detailliert betrachtet werden k\u00f6nnen. Besonders virtuelle 360\u00b0-Rundg\u00e4nge bieten Interessenten die M\u00f6glichkeit, sich unabh\u00e4ngig von Ort und Zeit einen realit\u00e4tsnahen Eindruck vom Objekt zu verschaffen. Dies steigert die Effizienz des Vermarktungsprozesses, da potenzielle K\u00e4ufer oder Mieter fr\u00fchzeitig entscheiden k\u00f6nnen, ob eine Immobilie f\u00fcr [&hellip;]<\/p>\n","protected":false},"author":1,"featured_media":0,"parent":3077,"menu_order":3,"comment_status":"closed","ping_status":"closed","template":"","meta":{"_uag_custom_page_level_css":"","site-sidebar-layout":"default","site-content-layout":"","ast-site-content-layout":"default","site-content-style":"default","site-sidebar-style":"default","ast-global-header-display":"","ast-banner-title-visibility":"","ast-main-header-display":"","ast-hfb-above-header-display":"","ast-hfb-below-header-display":"","ast-hfb-mobile-header-display":"","site-post-title":"","ast-breadcrumbs-content":"","ast-featured-img":"","footer-sml-layout":"","ast-disable-related-posts":"","theme-transparent-header-meta":"","adv-header-id-meta":"","stick-header-meta":"","header-above-stick-meta":"","header-main-stick-meta":"","header-below-stick-meta":"","astra-migrate-meta-layouts":"set","ast-page-background-enabled":"default","ast-page-background-meta":{"desktop":{"background-color":"","background-image":"","background-repeat":"repeat","background-position":"center center","background-size":"auto","background-attachment":"scroll","background-type":"","background-media":"","overlay-type":"","overlay-color":"","overlay-opacity":"","overlay-gradient":""},"tablet":{"background-color":"","background-image":"","background-repeat":"repeat","background-position":"center center","background-size":"auto","background-attachment":"scroll","background-type":"","background-media":"","overlay-type":"","overlay-color":"","overlay-opacity":"","overlay-gradient":""},"mobile":{"background-color":"","background-image":"","background-repeat":"repeat","background-position":"center center","background-size":"auto","background-attachment":"scroll","background-type":"","background-media":"","overlay-type":"","overlay-color":"","overlay-opacity":"","overlay-gradient":""}},"ast-content-background-meta":{"desktop":{"background-color":"var(--ast-global-color-5)","background-image":"","background-repeat":"repeat","background-position":"center center","background-size":"auto","background-attachment":"scroll","background-type":"","background-media":"","overlay-type":"","overlay-color":"","overlay-opacity":"","overlay-gradient":""},"tablet":{"background-color":"var(--ast-global-color-5)","background-image":"","background-repeat":"repeat","background-position":"center center","background-size":"auto","background-attachment":"scroll","background-type":"","background-media":"","overlay-type":"","overlay-color":"","overlay-opacity":"","overlay-gradient":""},"mobile":{"background-color":"var(--ast-global-color-5)","background-image":"","background-repeat":"repeat","background-position":"center center","background-size":"auto","background-attachment":"scroll","background-type":"","background-media":"","overlay-type":"","overlay-color":"","overlay-opacity":"","overlay-gradient":""}},"footnotes":""},"class_list":["post-2449","page","type-page","status-publish","hentry"],"aioseo_notices":[],"uagb_featured_image_src":{"full":false,"thumbnail":false,"medium":false,"medium_large":false,"large":false,"1536x1536":false,"2048x2048":false,"trp-custom-language-flag":false},"uagb_author_info":{"display_name":"dj23769@gmail.com","author_link":"https:\/\/3dviewjanssen.com\/de_de\/author\/dj23769gmail-com\/"},"uagb_comment_info":0,"uagb_excerpt":"Immobilien-Rundg\u00e4nge erm\u00f6glichen eine virtuelle oder gef\u00fchrte Besichtigung von Immobilien, bei der alle R\u00e4ume detailliert betrachtet werden k\u00f6nnen. Besonders virtuelle 360\u00b0-Rundg\u00e4nge bieten Interessenten die M\u00f6glichkeit, sich unabh\u00e4ngig von Ort und Zeit einen realit\u00e4tsnahen Eindruck vom Objekt zu verschaffen. Dies steigert die Effizienz des Vermarktungsprozesses, da potenzielle K\u00e4ufer oder Mieter fr\u00fchzeitig entscheiden k\u00f6nnen, ob eine Immobilie f\u00fcr&hellip;","_links":{"self":[{"href":"https:\/\/3dviewjanssen.com\/de_de\/wp-json\/wp\/v2\/pages\/2449","targetHints":{"allow":["GET"]}}],"collection":[{"href":"https:\/\/3dviewjanssen.com\/de_de\/wp-json\/wp\/v2\/pages"}],"about":[{"href":"https:\/\/3dviewjanssen.com\/de_de\/wp-json\/wp\/v2\/types\/page"}],"author":[{"embeddable":true,"href":"https:\/\/3dviewjanssen.com\/de_de\/wp-json\/wp\/v2\/users\/1"}],"replies":[{"embeddable":true,"href":"https:\/\/3dviewjanssen.com\/de_de\/wp-json\/wp\/v2\/comments?post=2449"}],"version-history":[{"count":11,"href":"https:\/\/3dviewjanssen.com\/de_de\/wp-json\/wp\/v2\/pages\/2449\/revisions"}],"predecessor-version":[{"id":3512,"href":"https:\/\/3dviewjanssen.com\/de_de\/wp-json\/wp\/v2\/pages\/2449\/revisions\/3512"}],"up":[{"embeddable":true,"href":"https:\/\/3dviewjanssen.com\/de_de\/wp-json\/wp\/v2\/pages\/3077"}],"wp:attachment":[{"href":"https:\/\/3dviewjanssen.com\/de_de\/wp-json\/wp\/v2\/media?parent=2449"}],"curies":[{"name":"wp","href":"https:\/\/api.w.org\/{rel}","templated":true}]}}