{"id":3084,"date":"2025-08-19T13:03:10","date_gmt":"2025-08-19T13:03:10","guid":{"rendered":"https:\/\/3dviewjanssen.com\/?page_id=3084"},"modified":"2026-02-20T18:16:27","modified_gmt":"2026-02-20T18:16:27","slug":"objektbetreuung","status":"publish","type":"page","link":"https:\/\/3dviewjanssen.com\/de_de\/home\/start\/verwaltung\/objektbetreuung\/","title":{"rendered":"Objektbetreuung"},"content":{"rendered":"\n<figure class=\"wp-block-image alignright size-full is-resized\"><img loading=\"lazy\" decoding=\"async\" width=\"512\" height=\"512\" src=\"https:\/\/3dviewjanssen.com\/wp-content\/uploads\/2026\/01\/cropped-Logo_Farbig_Web.jpg\" alt=\"\" class=\"wp-image-3504\" style=\"width:124px;height:auto\" srcset=\"https:\/\/3dviewjanssen.com\/wp-content\/uploads\/2026\/01\/cropped-Logo_Farbig_Web.jpg 512w, https:\/\/3dviewjanssen.com\/wp-content\/uploads\/2026\/01\/cropped-Logo_Farbig_Web-300x300.jpg 300w, https:\/\/3dviewjanssen.com\/wp-content\/uploads\/2026\/01\/cropped-Logo_Farbig_Web-150x150.jpg 150w, https:\/\/3dviewjanssen.com\/wp-content\/uploads\/2026\/01\/cropped-Logo_Farbig_Web-12x12.jpg 12w, https:\/\/3dviewjanssen.com\/wp-content\/uploads\/2026\/01\/cropped-Logo_Farbig_Web-270x270.jpg 270w, https:\/\/3dviewjanssen.com\/wp-content\/uploads\/2026\/01\/cropped-Logo_Farbig_Web-192x192.jpg 192w, https:\/\/3dviewjanssen.com\/wp-content\/uploads\/2026\/01\/cropped-Logo_Farbig_Web-180x180.jpg 180w, https:\/\/3dviewjanssen.com\/wp-content\/uploads\/2026\/01\/cropped-Logo_Farbig_Web-32x32.jpg 32w\" sizes=\"auto, (max-width: 512px) 100vw, 512px\" \/><figcaption class=\"wp-element-caption\"><a href=\"https:\/\/3dviewjanssen.com\/de_de\/home\/start\/\">Zur\u00fcck&#8230;<\/a><\/figcaption><\/figure>\n\n\n\n<p>\ud83c\udfe0 <strong>Objektbetreuung mit Energiekontor<\/strong> Janssen<strong> \u2013 wir k\u00fcmmern uns um Ihre Immobilie<\/strong><\/p>\n\n\n\n<p>Eine Immobilie braucht Pflege und Aufmerksamkeit, um ihren Wert zu behalten und ein angenehmes Umfeld zu schaffen. Mit unserer Objektbetreuung \u00fcbernehmen wir alle Aufgaben rund um Ihre Liegenschaft \u2013 <strong>verl\u00e4sslich, transparent und individuell auf Ihre Bed\u00fcrfnisse abgestimmt<\/strong>.<\/p>\n\n\n\n<p>Von der regelm\u00e4\u00dfigen Kontrolle und Instandhaltung \u00fcber die Koordination von Dienstleistern bis hin zur Organisation kleinerer Reparaturen \u2013 <strong>Energiekontor<\/strong> Janssen sorgt daf\u00fcr, dass Ihr Objekt stets in bestem Zustand bleibt.<\/p>\n\n\n\n<p>\ud83d\udc49 Mit <strong>Energiekontor<\/strong> Janssen haben Sie einen <strong>kompetenten Partner<\/strong>, der sich engagiert und professionell um Ihre Immobilie k\u00fcmmert.<\/p>\n","protected":false},"excerpt":{"rendered":"<p>\ud83c\udfe0 Objektbetreuung mit Energiekontor Janssen \u2013 wir k\u00fcmmern uns um Ihre Immobilie Eine Immobilie braucht Pflege und Aufmerksamkeit, um ihren Wert zu behalten und ein angenehmes Umfeld zu schaffen. Mit unserer Objektbetreuung \u00fcbernehmen wir alle Aufgaben rund um Ihre Liegenschaft \u2013 verl\u00e4sslich, transparent und individuell auf Ihre Bed\u00fcrfnisse abgestimmt. Von der regelm\u00e4\u00dfigen Kontrolle und Instandhaltung [&hellip;]<\/p>\n","protected":false},"author":1,"featured_media":0,"parent":3075,"menu_order":1,"comment_status":"closed","ping_status":"closed","template":"","meta":{"_uag_custom_page_level_css":"","site-sidebar-layout":"default","site-content-layout":"","ast-site-content-layout":"default","site-content-style":"default","site-sidebar-style":"default","ast-global-header-display":"","ast-banner-title-visibility":"","ast-main-header-display":"","ast-hfb-above-header-display":"","ast-hfb-below-header-display":"","ast-hfb-mobile-header-display":"","site-post-title":"","ast-breadcrumbs-content":"","ast-featured-img":"","footer-sml-layout":"","ast-disable-related-posts":"","theme-transparent-header-meta":"","adv-header-id-meta":"","stick-header-meta":"","header-above-stick-meta":"","header-main-stick-meta":"","header-below-stick-meta":"","astra-migrate-meta-layouts":"set","ast-page-background-enabled":"default","ast-page-background-meta":{"desktop":{"background-color":"","background-image":"","background-repeat":"repeat","background-position":"center center","background-size":"auto","background-attachment":"scroll","background-type":"","background-media":"","overlay-type":"","overlay-color":"","overlay-opacity":"","overlay-gradient":""},"tablet":{"background-color":"","background-image":"","background-repeat":"repeat","background-position":"center center","background-size":"auto","background-attachment":"scroll","background-type":"","background-media":"","overlay-type":"","overlay-color":"","overlay-opacity":"","overlay-gradient":""},"mobile":{"background-color":"","background-image":"","background-repeat":"repeat","background-position":"center center","background-size":"auto","background-attachment":"scroll","background-type":"","background-media":"","overlay-type":"","overlay-color":"","overlay-opacity":"","overlay-gradient":""}},"ast-content-background-meta":{"desktop":{"background-color":"var(--ast-global-color-5)","background-image":"","background-repeat":"repeat","background-position":"center center","background-size":"auto","background-attachment":"scroll","background-type":"","background-media":"","overlay-type":"","overlay-color":"","overlay-opacity":"","overlay-gradient":""},"tablet":{"background-color":"var(--ast-global-color-5)","background-image":"","background-repeat":"repeat","background-position":"center center","background-size":"auto","background-attachment":"scroll","background-type":"","background-media":"","overlay-type":"","overlay-color":"","overlay-opacity":"","overlay-gradient":""},"mobile":{"background-color":"var(--ast-global-color-5)","background-image":"","background-repeat":"repeat","background-position":"center center","background-size":"auto","background-attachment":"scroll","background-type":"","background-media":"","overlay-type":"","overlay-color":"","overlay-opacity":"","overlay-gradient":""}},"footnotes":""},"class_list":["post-3084","page","type-page","status-publish","hentry"],"aioseo_notices":[],"uagb_featured_image_src":{"full":false,"thumbnail":false,"medium":false,"medium_large":false,"large":false,"1536x1536":false,"2048x2048":false,"trp-custom-language-flag":false},"uagb_author_info":{"display_name":"dj23769@gmail.com","author_link":"https:\/\/3dviewjanssen.com\/de_de\/author\/dj23769gmail-com\/"},"uagb_comment_info":0,"uagb_excerpt":"\ud83c\udfe0 Objektbetreuung mit Energiekontor Janssen \u2013 wir k\u00fcmmern uns um Ihre Immobilie Eine Immobilie braucht Pflege und Aufmerksamkeit, um ihren Wert zu behalten und ein angenehmes Umfeld zu schaffen. Mit unserer Objektbetreuung \u00fcbernehmen wir alle Aufgaben rund um Ihre Liegenschaft \u2013 verl\u00e4sslich, transparent und individuell auf Ihre Bed\u00fcrfnisse abgestimmt. Von der regelm\u00e4\u00dfigen Kontrolle und Instandhaltung&hellip;","_links":{"self":[{"href":"https:\/\/3dviewjanssen.com\/de_de\/wp-json\/wp\/v2\/pages\/3084","targetHints":{"allow":["GET"]}}],"collection":[{"href":"https:\/\/3dviewjanssen.com\/de_de\/wp-json\/wp\/v2\/pages"}],"about":[{"href":"https:\/\/3dviewjanssen.com\/de_de\/wp-json\/wp\/v2\/types\/page"}],"author":[{"embeddable":true,"href":"https:\/\/3dviewjanssen.com\/de_de\/wp-json\/wp\/v2\/users\/1"}],"replies":[{"embeddable":true,"href":"https:\/\/3dviewjanssen.com\/de_de\/wp-json\/wp\/v2\/comments?post=3084"}],"version-history":[{"count":7,"href":"https:\/\/3dviewjanssen.com\/de_de\/wp-json\/wp\/v2\/pages\/3084\/revisions"}],"predecessor-version":[{"id":3546,"href":"https:\/\/3dviewjanssen.com\/de_de\/wp-json\/wp\/v2\/pages\/3084\/revisions\/3546"}],"up":[{"embeddable":true,"href":"https:\/\/3dviewjanssen.com\/de_de\/wp-json\/wp\/v2\/pages\/3075"}],"wp:attachment":[{"href":"https:\/\/3dviewjanssen.com\/de_de\/wp-json\/wp\/v2\/media?parent=3084"}],"curies":[{"name":"wp","href":"https:\/\/api.w.org\/{rel}","templated":true}]}}