{"id":3310,"date":"2025-09-16T08:06:27","date_gmt":"2025-09-16T08:06:27","guid":{"rendered":"https:\/\/3dviewjanssen.com\/?page_id=3310"},"modified":"2026-01-18T10:58:52","modified_gmt":"2026-01-18T10:58:52","slug":"ergebnis-der-wertermittlung-hu","status":"publish","type":"page","link":"https:\/\/3dviewjanssen.com\/de_de\/home\/start\/immobilien\/wertermittlung\/wertermittlung-hu\/ergebnis-der-wertermittlung-hu\/","title":{"rendered":"Ergebnis der Wertermittlung HU"},"content":{"rendered":"\n<figure class=\"wp-block-image alignright size-full is-resized\"><img loading=\"lazy\" decoding=\"async\" width=\"144\" height=\"96\" src=\"https:\/\/3dviewjanssen.com\/wp-content\/uploads\/2026\/01\/Logo_Farbig_Web.jpg\" alt=\"\" class=\"wp-image-3499\" style=\"width:110px;height:auto\" srcset=\"https:\/\/3dviewjanssen.com\/wp-content\/uploads\/2026\/01\/Logo_Farbig_Web.jpg 144w, https:\/\/3dviewjanssen.com\/wp-content\/uploads\/2026\/01\/Logo_Farbig_Web-18x12.jpg 18w\" sizes=\"auto, (max-width: 144px) 100vw, 144px\" \/><figcaption class=\"wp-element-caption\"><a href=\"https:\/\/3dviewjanssen.com\/home\/start\/\">Zur\u00fcck..<\/a><\/figcaption><\/figure>\n\n\n<style>.wertermittlung p { margin:3px 0; }<\/style><div class='wertermittlung' style='font-family:Arial, sans-serif; text-align:left; line-height:1.2;'><h2>Letzte Wertermittlung (ID 13)<\/h2><p><strong>Bezeichnung:<\/strong> EFH Bgm. Feilke Str. 8a<\/p><p><strong>Stra\u00dfe:<\/strong> Musterstrasse 99<\/p><p><strong>PLZ:<\/strong> 99999<\/p><p><strong>Ort:<\/strong> Musterort<\/p><p><strong>Baujahr:<\/strong> 1890 (Alter: 135 Jahre)<\/p><p><strong>Wohnfl\u00e4che:<\/strong> 195.00 m\u00b2<\/p><p><strong>Wohneinheiten:<\/strong> 2<\/p><p><strong>Grundfl\u00e4che:<\/strong> 1250.00 m\u00b2<\/p><p><strong>Miete:<\/strong> 625.00 \u20ac<\/p><p><strong>Betriebskosten:<\/strong> 475.00 \u20ac<\/p><hr><h3>Berechnungsschritte<\/h3><p><strong>Grundwert:<\/strong> 18.750,00 \u20ac<\/p><p><strong>Lagewert:<\/strong> 27.648,00 \u20ac<\/p><p><strong>Altersfaktor:<\/strong> 0,07<\/p><p><strong>Wohnwert:<\/strong> 8.168,33 \u20ac<\/p><p><strong>Ausstattungswert:<\/strong> 74.571,18 \u20ac<\/p><hr><p style='font-size:1.5em; color:green; text-align:center;'>\n                    <strong>Der gesch\u00e4tzte Immobilienwert: 130.000 \u20ac<\/strong>\n                  <\/p><\/div><p style='font-size:0.8em; color:gray;'>Version 1.4.2<\/p>\n\n\n<p>\u2705 A magyar nyelv\u0171 \u00e9rt\u00e9kbecsl\u00e9st sikeresen elk\u00e9sz\u00edtett\u00fck.: <a href='https:\/\/3dviewjanssen.com\/wp-content\/uploads\/wertermittlung_hu_1776450871.pdf' target='_blank'>PDF \u00f6ffnen<\/a><\/p>\n\n\n\n<p><\/p>\n","protected":false},"excerpt":{"rendered":"","protected":false},"author":1,"featured_media":0,"parent":3191,"menu_order":2,"comment_status":"closed","ping_status":"closed","template":"","meta":{"_uag_custom_page_level_css":"","site-sidebar-layout":"default","site-content-layout":"","ast-site-content-layout":"default","site-content-style":"default","site-sidebar-style":"default","ast-global-header-display":"","ast-banner-title-visibility":"","ast-main-header-display":"","ast-hfb-above-header-display":"","ast-hfb-below-header-display":"","ast-hfb-mobile-header-display":"","site-post-title":"","ast-breadcrumbs-content":"","ast-featured-img":"","footer-sml-layout":"","ast-disable-related-posts":"","theme-transparent-header-meta":"","adv-header-id-meta":"","stick-header-meta":"","header-above-stick-meta":"","header-main-stick-meta":"","header-below-stick-meta":"","astra-migrate-meta-layouts":"set","ast-page-background-enabled":"default","ast-page-background-meta":{"desktop":{"background-color":"","background-image":"","background-repeat":"repeat","background-position":"center center","background-size":"auto","background-attachment":"scroll","background-type":"","background-media":"","overlay-type":"","overlay-color":"","overlay-opacity":"","overlay-gradient":""},"tablet":{"background-color":"","background-image":"","background-repeat":"repeat","background-position":"center center","background-size":"auto","background-attachment":"scroll","background-type":"","background-media":"","overlay-type":"","overlay-color":"","overlay-opacity":"","overlay-gradient":""},"mobile":{"background-color":"","background-image":"","background-repeat":"repeat","background-position":"center center","background-size":"auto","background-attachment":"scroll","background-type":"","background-media":"","overlay-type":"","overlay-color":"","overlay-opacity":"","overlay-gradient":""}},"ast-content-background-meta":{"desktop":{"background-color":"var(--ast-global-color-5)","background-image":"","background-repeat":"repeat","background-position":"center center","background-size":"auto","background-attachment":"scroll","background-type":"","background-media":"","overlay-type":"","overlay-color":"","overlay-opacity":"","overlay-gradient":""},"tablet":{"background-color":"var(--ast-global-color-5)","background-image":"","background-repeat":"repeat","background-position":"center center","background-size":"auto","background-attachment":"scroll","background-type":"","background-media":"","overlay-type":"","overlay-color":"","overlay-opacity":"","overlay-gradient":""},"mobile":{"background-color":"var(--ast-global-color-5)","background-image":"","background-repeat":"repeat","background-position":"center center","background-size":"auto","background-attachment":"scroll","background-type":"","background-media":"","overlay-type":"","overlay-color":"","overlay-opacity":"","overlay-gradient":""}},"footnotes":""},"class_list":["post-3310","page","type-page","status-publish","hentry"],"aioseo_notices":[],"uagb_featured_image_src":{"full":false,"thumbnail":false,"medium":false,"medium_large":false,"large":false,"1536x1536":false,"2048x2048":false,"trp-custom-language-flag":false},"uagb_author_info":{"display_name":"dj23769@gmail.com","author_link":"https:\/\/3dviewjanssen.com\/de_de\/author\/dj23769gmail-com\/"},"uagb_comment_info":0,"uagb_excerpt":null,"_links":{"self":[{"href":"https:\/\/3dviewjanssen.com\/de_de\/wp-json\/wp\/v2\/pages\/3310","targetHints":{"allow":["GET"]}}],"collection":[{"href":"https:\/\/3dviewjanssen.com\/de_de\/wp-json\/wp\/v2\/pages"}],"about":[{"href":"https:\/\/3dviewjanssen.com\/de_de\/wp-json\/wp\/v2\/types\/page"}],"author":[{"embeddable":true,"href":"https:\/\/3dviewjanssen.com\/de_de\/wp-json\/wp\/v2\/users\/1"}],"replies":[{"embeddable":true,"href":"https:\/\/3dviewjanssen.com\/de_de\/wp-json\/wp\/v2\/comments?post=3310"}],"version-history":[{"count":9,"href":"https:\/\/3dviewjanssen.com\/de_de\/wp-json\/wp\/v2\/pages\/3310\/revisions"}],"predecessor-version":[{"id":3520,"href":"https:\/\/3dviewjanssen.com\/de_de\/wp-json\/wp\/v2\/pages\/3310\/revisions\/3520"}],"up":[{"embeddable":true,"href":"https:\/\/3dviewjanssen.com\/de_de\/wp-json\/wp\/v2\/pages\/3191"}],"wp:attachment":[{"href":"https:\/\/3dviewjanssen.com\/de_de\/wp-json\/wp\/v2\/media?parent=3310"}],"curies":[{"name":"wp","href":"https:\/\/api.w.org\/{rel}","templated":true}]}}