{"id":3566,"date":"2026-03-15T15:17:35","date_gmt":"2026-03-15T15:17:35","guid":{"rendered":"https:\/\/3dviewjanssen.com\/?page_id=3566"},"modified":"2026-03-15T15:32:42","modified_gmt":"2026-03-15T15:32:42","slug":"eintragung-der-gebaeudeangaben","status":"publish","type":"page","link":"https:\/\/3dviewjanssen.com\/de_de\/home\/start\/service\/formulare\/eintragung-der-gebaeudeangaben\/","title":{"rendered":"Eintragung der Geb\u00e4udeangaben"},"content":{"rendered":"\n<figure class=\"wp-block-image alignright size-full is-resized\"><img loading=\"lazy\" decoding=\"async\" width=\"144\" height=\"96\" src=\"https:\/\/3dviewjanssen.com\/wp-content\/uploads\/2026\/01\/Logo_Farbig_Web.jpg\" alt=\"\" class=\"wp-image-3499\" style=\"width:112px;height:auto\" srcset=\"https:\/\/3dviewjanssen.com\/wp-content\/uploads\/2026\/01\/Logo_Farbig_Web.jpg 144w, https:\/\/3dviewjanssen.com\/wp-content\/uploads\/2026\/01\/Logo_Farbig_Web-18x12.jpg 18w\" sizes=\"auto, (max-width: 144px) 100vw, 144px\" \/><figcaption class=\"wp-element-caption\"><a href=\"http:\/\/www.3dviewjanssen.com\" title=\"\">Startseite&#8230;<\/a><\/figcaption><\/figure>\n\n\n\n<p>Nach Ihren Angaben zu dem Geb\u00e4ude k\u00f6nnen die Energiebilanz und damit die m\u00f6gliche Energieberatung, die daraus resultierende Baubegleitung oder auch der Energiebedarfsausweis angefertigt werden.<\/p>\n\n\n\n<form method=\"post\" enctype=\"multipart\/form-data\">\n\n<input type=\"hidden\" id=\"energie_nonce\" name=\"energie_nonce\" value=\"55c73495a2\" \/><input type=\"hidden\" name=\"_wp_http_referer\" value=\"\/de_de\/wp-json\/wp\/v2\/pages\/3566\" \/>\n<h2>Eigent\u00fcmer<\/h2>\n\n<select name=\"anrede\">\n<option value=\"\">Anrede<\/option>\n<option>Herr<\/option>\n<option>Frau<\/option>\n<\/select>\n\n<input type=\"text\" name=\"vorname\" placeholder=\"Vorname\" required>\n<input type=\"text\" name=\"nachname\" placeholder=\"Nachname\" required>\n\n<input type=\"text\" name=\"strasse\" placeholder=\"Stra\u00dfe\">\n<input type=\"text\" name=\"plz\" placeholder=\"PLZ\">\n<input type=\"text\" name=\"wohnort\" placeholder=\"Wohnort\">\n\n<input type=\"text\" name=\"telefon\" placeholder=\"Telefon\">\n<input type=\"text\" name=\"handy\" placeholder=\"Handy\">\n\n<input type=\"email\" name=\"mail\" placeholder=\"E-Mail\">\n\n<input type=\"text\" name=\"gebort\" placeholder=\"Geburtsort\">\n<input type=\"date\" name=\"gedatum\">\n\n<input type=\"text\" name=\"steuerid\" placeholder=\"Steuer-ID\">\n<input type=\"text\" name=\"iban\" placeholder=\"IBAN\">\n\n<h2>Geb\u00e4ude<\/h2>\n\n<input type=\"text\" name=\"g_strasse\" placeholder=\"Stra\u00dfe\">\n<input type=\"text\" name=\"g_plz\" placeholder=\"PLZ\">\n<input type=\"text\" name=\"g_wohnort\" placeholder=\"Wohnort\">\n\n<input type=\"number\" name=\"baujahr\" placeholder=\"Baujahr\">\n<input type=\"number\" name=\"we\" placeholder=\"Wohneinheiten\">\n<input type=\"number\" name=\"wflaeche\" placeholder=\"Wohnfl\u00e4che m\u00b2\">\n\n<select name=\"keller\">\n<option value=\"\">Keller<\/option>\n<option>Kein Keller<\/option>\n<option>Teilkeller<\/option>\n<option>Vollkeller<\/option>\n<\/select>\n\n<h2>Heizung<\/h2>\n\n<select name=\"heizart\">\n<option value=\"\">Heizart<\/option>\n<option>Brennwert<\/option>\n<option>Biomasse<\/option>\n<option>Strom<\/option>\n<option>NT-Kessel<\/option>\n<option>Kohle<\/option>\n<\/select>\n\n<select name=\"energietraeger\">\n<option value=\"\">Energietr\u00e4ger<\/option>\n<option>Erdgas<\/option>\n<option>Heiz\u00f6l EL<\/option>\n<option>Fl\u00fcssiggas FL<\/option>\n<option>Pellets<\/option>\n<option>Holz<\/option>\n<option>Strom<\/option>\n<option>Braunkohle<\/option>\n<\/select>\n\n<input type=\"number\" name=\"h_baujahr\" placeholder=\"Baujahr Heizung\">\n<input type=\"text\" name=\"leistung\" placeholder=\"Leistung (kW)\">\n\n<h2>Daten hochladen (max. 10 Dateien \u2013 PDF, PNG, JPG)<\/h2>\n<input type=\"file\" name=\"dateien[]\" multiple accept=\".pdf,.png,.jpg,.jpeg\">\n\n<h2>Datenschutz<\/h2>\n\n<label>\n<input type=\"checkbox\" name=\"dsgvo\" required>\nIch akzeptiere die DSGVO und die Verarbeitung meiner Daten\n<\/label>\n\n<br><br>\n\n<input type=\"submit\" name=\"energie_submit\" value=\"Formular senden\">\n\n<\/form>\n\n\n\n\n\n<p><\/p>\n","protected":false},"excerpt":{"rendered":"<p>Nach Ihren Angaben zu dem Geb\u00e4ude k\u00f6nnen die Energiebilanz und damit die m\u00f6gliche Energieberatung, die daraus resultierende Baubegleitung oder auch der Energiebedarfsausweis angefertigt werden.<\/p>\n","protected":false},"author":1,"featured_media":0,"parent":3092,"menu_order":1,"comment_status":"closed","ping_status":"closed","template":"","meta":{"_uag_custom_page_level_css":"","site-sidebar-layout":"default","site-content-layout":"","ast-site-content-layout":"default","site-content-style":"default","site-sidebar-style":"default","ast-global-header-display":"","ast-banner-title-visibility":"","ast-main-header-display":"","ast-hfb-above-header-display":"","ast-hfb-below-header-display":"","ast-hfb-mobile-header-display":"","site-post-title":"","ast-breadcrumbs-content":"","ast-featured-img":"","footer-sml-layout":"","ast-disable-related-posts":"","theme-transparent-header-meta":"","adv-header-id-meta":"","stick-header-meta":"","header-above-stick-meta":"","header-main-stick-meta":"","header-below-stick-meta":"","astra-migrate-meta-layouts":"set","ast-page-background-enabled":"default","ast-page-background-meta":{"desktop":{"background-color":"","background-image":"","background-repeat":"repeat","background-position":"center center","background-size":"auto","background-attachment":"scroll","background-type":"","background-media":"","overlay-type":"","overlay-color":"","overlay-opacity":"","overlay-gradient":""},"tablet":{"background-color":"","background-image":"","background-repeat":"repeat","background-position":"center center","background-size":"auto","background-attachment":"scroll","background-type":"","background-media":"","overlay-type":"","overlay-color":"","overlay-opacity":"","overlay-gradient":""},"mobile":{"background-color":"","background-image":"","background-repeat":"repeat","background-position":"center center","background-size":"auto","background-attachment":"scroll","background-type":"","background-media":"","overlay-type":"","overlay-color":"","overlay-opacity":"","overlay-gradient":""}},"ast-content-background-meta":{"desktop":{"background-color":"var(--ast-global-color-5)","background-image":"","background-repeat":"repeat","background-position":"center center","background-size":"auto","background-attachment":"scroll","background-type":"","background-media":"","overlay-type":"","overlay-color":"","overlay-opacity":"","overlay-gradient":""},"tablet":{"background-color":"var(--ast-global-color-5)","background-image":"","background-repeat":"repeat","background-position":"center center","background-size":"auto","background-attachment":"scroll","background-type":"","background-media":"","overlay-type":"","overlay-color":"","overlay-opacity":"","overlay-gradient":""},"mobile":{"background-color":"var(--ast-global-color-5)","background-image":"","background-repeat":"repeat","background-position":"center center","background-size":"auto","background-attachment":"scroll","background-type":"","background-media":"","overlay-type":"","overlay-color":"","overlay-opacity":"","overlay-gradient":""}},"footnotes":""},"class_list":["post-3566","page","type-page","status-publish","hentry"],"aioseo_notices":[],"uagb_featured_image_src":{"full":false,"thumbnail":false,"medium":false,"medium_large":false,"large":false,"1536x1536":false,"2048x2048":false,"trp-custom-language-flag":false},"uagb_author_info":{"display_name":"dj23769@gmail.com","author_link":"https:\/\/3dviewjanssen.com\/de_de\/author\/dj23769gmail-com\/"},"uagb_comment_info":0,"uagb_excerpt":"Nach Ihren Angaben zu dem Geb\u00e4ude k\u00f6nnen die Energiebilanz und damit die m\u00f6gliche Energieberatung, die daraus resultierende Baubegleitung oder auch der Energiebedarfsausweis angefertigt werden.","_links":{"self":[{"href":"https:\/\/3dviewjanssen.com\/de_de\/wp-json\/wp\/v2\/pages\/3566","targetHints":{"allow":["GET"]}}],"collection":[{"href":"https:\/\/3dviewjanssen.com\/de_de\/wp-json\/wp\/v2\/pages"}],"about":[{"href":"https:\/\/3dviewjanssen.com\/de_de\/wp-json\/wp\/v2\/types\/page"}],"author":[{"embeddable":true,"href":"https:\/\/3dviewjanssen.com\/de_de\/wp-json\/wp\/v2\/users\/1"}],"replies":[{"embeddable":true,"href":"https:\/\/3dviewjanssen.com\/de_de\/wp-json\/wp\/v2\/comments?post=3566"}],"version-history":[{"count":2,"href":"https:\/\/3dviewjanssen.com\/de_de\/wp-json\/wp\/v2\/pages\/3566\/revisions"}],"predecessor-version":[{"id":3569,"href":"https:\/\/3dviewjanssen.com\/de_de\/wp-json\/wp\/v2\/pages\/3566\/revisions\/3569"}],"up":[{"embeddable":true,"href":"https:\/\/3dviewjanssen.com\/de_de\/wp-json\/wp\/v2\/pages\/3092"}],"wp:attachment":[{"href":"https:\/\/3dviewjanssen.com\/de_de\/wp-json\/wp\/v2\/media?parent=3566"}],"curies":[{"name":"wp","href":"https:\/\/api.w.org\/{rel}","templated":true}]}}