{"id":2451,"date":"2025-06-06T06:41:08","date_gmt":"2025-06-06T06:41:08","guid":{"rendered":"https:\/\/gold-trout-569347.hostingersite.com\/?page_id=2451"},"modified":"2026-01-18T10:53:11","modified_gmt":"2026-01-18T10:53:11","slug":"energieausweise","status":"publish","type":"page","link":"https:\/\/3dviewjanssen.com\/en\/home\/start\/immobilien\/energieausweise\/","title":{"rendered":"Energy Performance Certificates"},"content":{"rendered":"<figure class=\"wp-block-image alignright size-full is-resized\"><img loading=\"lazy\" decoding=\"async\" width=\"144\" height=\"96\" src=\"https:\/\/3dviewjanssen.com\/wp-content\/uploads\/2026\/01\/Logo_Farbig_Web.jpg\" alt=\"\" class=\"wp-image-3499\" style=\"width:124px;height:auto\" srcset=\"https:\/\/3dviewjanssen.com\/wp-content\/uploads\/2026\/01\/Logo_Farbig_Web.jpg 144w, https:\/\/3dviewjanssen.com\/wp-content\/uploads\/2026\/01\/Logo_Farbig_Web-18x12.jpg 18w\" sizes=\"auto, (max-width: 144px) 100vw, 144px\" \/><figcaption class=\"wp-element-caption\"><a href=\"https:\/\/3dviewjanssen.com\/en\/home\/start\/\">Back...<\/a><\/figcaption><\/figure>\n\n\n\n<figure class=\"wp-block-image size-large is-resized\"><img loading=\"lazy\" decoding=\"async\" width=\"1024\" height=\"945\" src=\"https:\/\/3dviewjanssen.com\/wp-content\/uploads\/2025\/06\/IMG_0303-1024x945.jpg\" alt=\"\" class=\"wp-image-2464\" style=\"width:386px;height:auto\" srcset=\"https:\/\/3dviewjanssen.com\/wp-content\/uploads\/2025\/06\/IMG_0303-1024x945.jpg 1024w, https:\/\/3dviewjanssen.com\/wp-content\/uploads\/2025\/06\/IMG_0303-300x277.jpg 300w, https:\/\/3dviewjanssen.com\/wp-content\/uploads\/2025\/06\/IMG_0303-768x709.jpg 768w, https:\/\/3dviewjanssen.com\/wp-content\/uploads\/2025\/06\/IMG_0303.jpg 1106w\" sizes=\"auto, (max-width: 1024px) 100vw, 1024px\" \/><\/figure>\n\n\n\n<p>An energy performance certificate is a legally required document that assesses the energy status of a building and provides important guidance for buyers or tenants. It contains information on energy consumption, the efficiency class and possible improvement measures and distinguishes between consumption and demand certificates. The energy performance certificate contributes to transparency on the property market and helps to better assess the energy quality of buildings.<\/p>","protected":false},"excerpt":{"rendered":"<p>Ein Energieausweis ist ein gesetzlich vorgeschriebenes Dokument, das den energetischen Zustand eines Geb\u00e4udes bewertet und f\u00fcr K\u00e4ufer oder Mieter eine wichtige Orientierung bietet. Er enth\u00e4lt Informationen zum Energieverbrauch, zur Effizienzklasse sowie zu m\u00f6glichen Verbesserungsma\u00dfnahmen und unterscheidet zwischen Verbrauchs- und Bedarfsausweis. Der Energieausweis tr\u00e4gt zur Transparenz auf dem Immobilienmarkt bei und hilft, die energetische Qualit\u00e4t von [&hellip;]<\/p>\n","protected":false},"author":1,"featured_media":0,"parent":3077,"menu_order":4,"comment_status":"closed","ping_status":"closed","template":"","meta":{"_uag_custom_page_level_css":"","site-sidebar-layout":"default","site-content-layout":"","ast-site-content-layout":"default","site-content-style":"default","site-sidebar-style":"default","ast-global-header-display":"","ast-banner-title-visibility":"","ast-main-header-display":"","ast-hfb-above-header-display":"","ast-hfb-below-header-display":"","ast-hfb-mobile-header-display":"","site-post-title":"","ast-breadcrumbs-content":"","ast-featured-img":"","footer-sml-layout":"","ast-disable-related-posts":"","theme-transparent-header-meta":"","adv-header-id-meta":"","stick-header-meta":"","header-above-stick-meta":"","header-main-stick-meta":"","header-below-stick-meta":"","astra-migrate-meta-layouts":"set","ast-page-background-enabled":"default","ast-page-background-meta":{"desktop":{"background-color":"","background-image":"","background-repeat":"repeat","background-position":"center center","background-size":"auto","background-attachment":"scroll","background-type":"","background-media":"","overlay-type":"","overlay-color":"","overlay-opacity":"","overlay-gradient":""},"tablet":{"background-color":"","background-image":"","background-repeat":"repeat","background-position":"center center","background-size":"auto","background-attachment":"scroll","background-type":"","background-media":"","overlay-type":"","overlay-color":"","overlay-opacity":"","overlay-gradient":""},"mobile":{"background-color":"","background-image":"","background-repeat":"repeat","background-position":"center center","background-size":"auto","background-attachment":"scroll","background-type":"","background-media":"","overlay-type":"","overlay-color":"","overlay-opacity":"","overlay-gradient":""}},"ast-content-background-meta":{"desktop":{"background-color":"var(--ast-global-color-5)","background-image":"","background-repeat":"repeat","background-position":"center center","background-size":"auto","background-attachment":"scroll","background-type":"","background-media":"","overlay-type":"","overlay-color":"","overlay-opacity":"","overlay-gradient":""},"tablet":{"background-color":"var(--ast-global-color-5)","background-image":"","background-repeat":"repeat","background-position":"center center","background-size":"auto","background-attachment":"scroll","background-type":"","background-media":"","overlay-type":"","overlay-color":"","overlay-opacity":"","overlay-gradient":""},"mobile":{"background-color":"var(--ast-global-color-5)","background-image":"","background-repeat":"repeat","background-position":"center center","background-size":"auto","background-attachment":"scroll","background-type":"","background-media":"","overlay-type":"","overlay-color":"","overlay-opacity":"","overlay-gradient":""}},"footnotes":""},"class_list":["post-2451","page","type-page","status-publish","hentry"],"aioseo_notices":[],"uagb_featured_image_src":{"full":false,"thumbnail":false,"medium":false,"medium_large":false,"large":false,"1536x1536":false,"2048x2048":false,"trp-custom-language-flag":false},"uagb_author_info":{"display_name":"dj23769@gmail.com","author_link":"https:\/\/3dviewjanssen.com\/en\/author\/dj23769gmail-com\/"},"uagb_comment_info":0,"uagb_excerpt":"Ein Energieausweis ist ein gesetzlich vorgeschriebenes Dokument, das den energetischen Zustand eines Geb\u00e4udes bewertet und f\u00fcr K\u00e4ufer oder Mieter eine wichtige Orientierung bietet. Er enth\u00e4lt Informationen zum Energieverbrauch, zur Effizienzklasse sowie zu m\u00f6glichen Verbesserungsma\u00dfnahmen und unterscheidet zwischen Verbrauchs- und Bedarfsausweis. Der Energieausweis tr\u00e4gt zur Transparenz auf dem Immobilienmarkt bei und hilft, die energetische Qualit\u00e4t von&hellip;","_links":{"self":[{"href":"https:\/\/3dviewjanssen.com\/en\/wp-json\/wp\/v2\/pages\/2451","targetHints":{"allow":["GET"]}}],"collection":[{"href":"https:\/\/3dviewjanssen.com\/en\/wp-json\/wp\/v2\/pages"}],"about":[{"href":"https:\/\/3dviewjanssen.com\/en\/wp-json\/wp\/v2\/types\/page"}],"author":[{"embeddable":true,"href":"https:\/\/3dviewjanssen.com\/en\/wp-json\/wp\/v2\/users\/1"}],"replies":[{"embeddable":true,"href":"https:\/\/3dviewjanssen.com\/en\/wp-json\/wp\/v2\/comments?post=2451"}],"version-history":[{"count":5,"href":"https:\/\/3dviewjanssen.com\/en\/wp-json\/wp\/v2\/pages\/2451\/revisions"}],"predecessor-version":[{"id":3513,"href":"https:\/\/3dviewjanssen.com\/en\/wp-json\/wp\/v2\/pages\/2451\/revisions\/3513"}],"up":[{"embeddable":true,"href":"https:\/\/3dviewjanssen.com\/en\/wp-json\/wp\/v2\/pages\/3077"}],"wp:attachment":[{"href":"https:\/\/3dviewjanssen.com\/en\/wp-json\/wp\/v2\/media?parent=2451"}],"curies":[{"name":"wp","href":"https:\/\/api.w.org\/{rel}","templated":true}]}}