{"id":2453,"date":"2025-06-06T06:42:28","date_gmt":"2025-06-06T06:42:28","guid":{"rendered":"https:\/\/gold-trout-569347.hostingersite.com\/?page_id=2453"},"modified":"2026-01-18T10:51:08","modified_gmt":"2026-01-18T10:51:08","slug":"grundrisse","status":"publish","type":"page","link":"https:\/\/3dviewjanssen.com\/en\/home\/start\/immobilien\/grundrisse\/","title":{"rendered":"floor plan"},"content":{"rendered":"<figure class=\"wp-block-image alignright size-full is-resized\"><img loading=\"lazy\" decoding=\"async\" width=\"144\" height=\"96\" src=\"https:\/\/3dviewjanssen.com\/wp-content\/uploads\/2026\/01\/Logo_Farbig_Web.jpg\" alt=\"\" class=\"wp-image-3499\" style=\"width:124px;height:auto\" srcset=\"https:\/\/3dviewjanssen.com\/wp-content\/uploads\/2026\/01\/Logo_Farbig_Web.jpg 144w, https:\/\/3dviewjanssen.com\/wp-content\/uploads\/2026\/01\/Logo_Farbig_Web-18x12.jpg 18w\" sizes=\"auto, (max-width: 144px) 100vw, 144px\" \/><figcaption class=\"wp-element-caption\"><a href=\"https:\/\/3dviewjanssen.com\/en\/home\/start\/\">Back...<\/a><\/figcaption><\/figure>\n\n\n\n<p><br><br><br><br><br>A floor plan is a true-to-scale representation of the spatial layout of a building or flat from a bird's eye view. It shows walls, doors, windows as well as room sizes and functions and serves to better visualise the room structure. Floor plans are a key element in property marketing and help prospective buyers to assess the usability and design options of a property.<\/p>\n\n\n\n<figure class=\"wp-block-image size-large is-resized\"><img loading=\"lazy\" decoding=\"async\" width=\"1024\" height=\"1022\" src=\"https:\/\/3dviewjanssen.com\/wp-content\/uploads\/2025\/06\/IMG_0304-1024x1022.jpg\" alt=\"\" class=\"wp-image-2465\" style=\"width:188px;height:auto\" srcset=\"https:\/\/3dviewjanssen.com\/wp-content\/uploads\/2025\/06\/IMG_0304-1024x1022.jpg 1024w, https:\/\/3dviewjanssen.com\/wp-content\/uploads\/2025\/06\/IMG_0304-300x300.jpg 300w, https:\/\/3dviewjanssen.com\/wp-content\/uploads\/2025\/06\/IMG_0304-150x150.jpg 150w, https:\/\/3dviewjanssen.com\/wp-content\/uploads\/2025\/06\/IMG_0304-768x767.jpg 768w, https:\/\/3dviewjanssen.com\/wp-content\/uploads\/2025\/06\/IMG_0304.jpg 1080w\" sizes=\"auto, (max-width: 1024px) 100vw, 1024px\" \/><\/figure>\n\n\n\n<p>These drawings can also be used to calculate the living space in accordance with DIN 277.<\/p>\n\n\n\n<p><\/p>","protected":false},"excerpt":{"rendered":"<p>Ein Grundriss ist eine ma\u00dfstabsgetreue Darstellung der r\u00e4umlichen Aufteilung eines Geb\u00e4udes oder einer Wohnung aus der Vogelperspektive. Er zeigt W\u00e4nde, T\u00fcren, Fenster sowie Raumgr\u00f6\u00dfen und -funktionen und dient zur besseren Vorstellung der Raumstruktur. Grundrisse sind ein zentrales Element in der Immobilienvermarktung und helfen Interessenten, die Nutzbarkeit und Gestaltungsm\u00f6glichkeiten einer Immobilie einzusch\u00e4tzen. Aus diesen Zeichnungen k\u00f6nnen [&hellip;]<\/p>\n","protected":false},"author":1,"featured_media":0,"parent":3077,"menu_order":1,"comment_status":"closed","ping_status":"closed","template":"","meta":{"_uag_custom_page_level_css":"","site-sidebar-layout":"default","site-content-layout":"","ast-site-content-layout":"default","site-content-style":"default","site-sidebar-style":"default","ast-global-header-display":"","ast-banner-title-visibility":"","ast-main-header-display":"","ast-hfb-above-header-display":"","ast-hfb-below-header-display":"","ast-hfb-mobile-header-display":"","site-post-title":"","ast-breadcrumbs-content":"","ast-featured-img":"","footer-sml-layout":"","ast-disable-related-posts":"","theme-transparent-header-meta":"","adv-header-id-meta":"","stick-header-meta":"","header-above-stick-meta":"","header-main-stick-meta":"","header-below-stick-meta":"","astra-migrate-meta-layouts":"set","ast-page-background-enabled":"default","ast-page-background-meta":{"desktop":{"background-color":"","background-image":"","background-repeat":"repeat","background-position":"center center","background-size":"auto","background-attachment":"scroll","background-type":"","background-media":"","overlay-type":"","overlay-color":"","overlay-opacity":"","overlay-gradient":""},"tablet":{"background-color":"","background-image":"","background-repeat":"repeat","background-position":"center center","background-size":"auto","background-attachment":"scroll","background-type":"","background-media":"","overlay-type":"","overlay-color":"","overlay-opacity":"","overlay-gradient":""},"mobile":{"background-color":"","background-image":"","background-repeat":"repeat","background-position":"center center","background-size":"auto","background-attachment":"scroll","background-type":"","background-media":"","overlay-type":"","overlay-color":"","overlay-opacity":"","overlay-gradient":""}},"ast-content-background-meta":{"desktop":{"background-color":"var(--ast-global-color-5)","background-image":"","background-repeat":"repeat","background-position":"center center","background-size":"auto","background-attachment":"scroll","background-type":"","background-media":"","overlay-type":"","overlay-color":"","overlay-opacity":"","overlay-gradient":""},"tablet":{"background-color":"var(--ast-global-color-5)","background-image":"","background-repeat":"repeat","background-position":"center center","background-size":"auto","background-attachment":"scroll","background-type":"","background-media":"","overlay-type":"","overlay-color":"","overlay-opacity":"","overlay-gradient":""},"mobile":{"background-color":"var(--ast-global-color-5)","background-image":"","background-repeat":"repeat","background-position":"center center","background-size":"auto","background-attachment":"scroll","background-type":"","background-media":"","overlay-type":"","overlay-color":"","overlay-opacity":"","overlay-gradient":""}},"footnotes":""},"class_list":["post-2453","page","type-page","status-publish","hentry"],"aioseo_notices":[],"uagb_featured_image_src":{"full":false,"thumbnail":false,"medium":false,"medium_large":false,"large":false,"1536x1536":false,"2048x2048":false,"trp-custom-language-flag":false},"uagb_author_info":{"display_name":"dj23769@gmail.com","author_link":"https:\/\/3dviewjanssen.com\/en\/author\/dj23769gmail-com\/"},"uagb_comment_info":0,"uagb_excerpt":"Ein Grundriss ist eine ma\u00dfstabsgetreue Darstellung der r\u00e4umlichen Aufteilung eines Geb\u00e4udes oder einer Wohnung aus der Vogelperspektive. Er zeigt W\u00e4nde, T\u00fcren, Fenster sowie Raumgr\u00f6\u00dfen und -funktionen und dient zur besseren Vorstellung der Raumstruktur. Grundrisse sind ein zentrales Element in der Immobilienvermarktung und helfen Interessenten, die Nutzbarkeit und Gestaltungsm\u00f6glichkeiten einer Immobilie einzusch\u00e4tzen. Aus diesen Zeichnungen k\u00f6nnen&hellip;","_links":{"self":[{"href":"https:\/\/3dviewjanssen.com\/en\/wp-json\/wp\/v2\/pages\/2453","targetHints":{"allow":["GET"]}}],"collection":[{"href":"https:\/\/3dviewjanssen.com\/en\/wp-json\/wp\/v2\/pages"}],"about":[{"href":"https:\/\/3dviewjanssen.com\/en\/wp-json\/wp\/v2\/types\/page"}],"author":[{"embeddable":true,"href":"https:\/\/3dviewjanssen.com\/en\/wp-json\/wp\/v2\/users\/1"}],"replies":[{"embeddable":true,"href":"https:\/\/3dviewjanssen.com\/en\/wp-json\/wp\/v2\/comments?post=2453"}],"version-history":[{"count":8,"href":"https:\/\/3dviewjanssen.com\/en\/wp-json\/wp\/v2\/pages\/2453\/revisions"}],"predecessor-version":[{"id":3510,"href":"https:\/\/3dviewjanssen.com\/en\/wp-json\/wp\/v2\/pages\/2453\/revisions\/3510"}],"up":[{"embeddable":true,"href":"https:\/\/3dviewjanssen.com\/en\/wp-json\/wp\/v2\/pages\/3077"}],"wp:attachment":[{"href":"https:\/\/3dviewjanssen.com\/en\/wp-json\/wp\/v2\/media?parent=2453"}],"curies":[{"name":"wp","href":"https:\/\/api.w.org\/{rel}","templated":true}]}}