{"id":2514,"date":"2025-06-10T16:59:58","date_gmt":"2025-06-10T16:59:58","guid":{"rendered":"https:\/\/3dviewjanssen.com\/?page_id=2514"},"modified":"2026-01-18T10:50:29","modified_gmt":"2026-01-18T10:50:29","slug":"start","status":"publish","type":"page","link":"https:\/\/3dviewjanssen.com\/en\/","title":{"rendered":"Start"},"content":{"rendered":"\n<figure class=\"wp-block-image alignright size-full\"><img loading=\"lazy\" decoding=\"async\" width=\"144\" height=\"96\" src=\"https:\/\/3dviewjanssen.com\/wp-content\/uploads\/2026\/01\/Logo_Farbig_Web.jpg\" alt=\"\" class=\"wp-image-3499\" srcset=\"https:\/\/3dviewjanssen.com\/wp-content\/uploads\/2026\/01\/Logo_Farbig_Web.jpg 144w, https:\/\/3dviewjanssen.com\/wp-content\/uploads\/2026\/01\/Logo_Farbig_Web-18x12.jpg 18w\" sizes=\"auto, (max-width: 144px) 100vw, 144px\" \/><\/figure>\n\n\n        <div id=\"laufband-container\" style=\"text-align:center;\">\n                            <h2 class=\"laufband-text\" style=\"display: block;\">\n                    <b>\ud83d\udce2 Aktuelle Wertermittlung hier!<\/b>\n                <\/h2>\n                            <h2 class=\"laufband-text\" style=\"display: none;\">\n                    <b>\ud83d\udce2 Das B\u00fcro ist jetzt samstags ge\u00f6ffnet!<\/b>\n                <\/h2>\n                            <h2 class=\"laufband-text\" style=\"display: none;\">\n                    <b>\ud83d\udce2 Rufen Sie gern an!<\/b>\n                <\/h2>\n                    <\/div>\n\n        <script>\n        document.addEventListener(\"DOMContentLoaded\", function() {\n            let texts = document.querySelectorAll(\"#laufband-container .laufband-text\");\n            let index = 0;\n\n            setInterval(function() {\n                texts[index].style.display = \"none\";   \/\/ aktuelles ausblenden\n                index = (index + 1) % texts.length;   \/\/ n\u00e4chstes\n                texts[index].style.display = \"block\"; \/\/ einblenden\n            }, 4000); \/\/ Wechsel alle 4 Sekunden\n        });\n        <\/script>\n        \n\n\n\n<p>\ud83c\udfe1 <strong>Rundum-Service f\u00fcr deine Immobilie<\/strong><br>Ob Kauf, Verkauf, Vermietung oder Wertermittlung \u2013 wir stehen dir bei allen Fragen rund um Immobilien zur Seite. Mit Erfahrung, Leidenschaft und dem Blick f\u00fcrs Detail begleiten wir dich vom ersten Gespr\u00e4ch bis zum erfolgreichen Abschluss.<\/p>\n\n\n\n<p>Egal, ob du dein Traumobjekt suchst, deine Immobilie bestm\u00f6glich vermarkten m\u00f6chtest oder einfach eine ehrliche Beratung brauchst \u2013 bei uns bist du in guten H\u00e4nden.<\/p>\n\n\n\n<p>\ud83d\udc49 Vertraue auf Kompetenz, die dir den R\u00fccken frei h\u00e4lt \u2013 damit Immobilien f\u00fcr dich kein Stress, sondern ein Gewinn sind.<\/p>\n","protected":false},"excerpt":{"rendered":"<p>\ud83c\udfe1 Rundum-Service f\u00fcr deine ImmobilieOb Kauf, Verkauf, Vermietung oder Wertermittlung \u2013 wir stehen dir bei allen Fragen rund um Immobilien zur Seite. Mit Erfahrung, Leidenschaft und dem Blick f\u00fcrs Detail begleiten wir dich vom ersten Gespr\u00e4ch bis zum erfolgreichen Abschluss. Egal, ob du dein Traumobjekt suchst, deine Immobilie bestm\u00f6glich vermarkten m\u00f6chtest oder einfach eine ehrliche [&hellip;]<\/p>\n","protected":false},"author":2,"featured_media":0,"parent":906,"menu_order":1,"comment_status":"closed","ping_status":"closed","template":"","meta":{"_uag_custom_page_level_css":"","site-sidebar-layout":"default","site-content-layout":"","ast-site-content-layout":"default","site-content-style":"default","site-sidebar-style":"default","ast-global-header-display":"","ast-banner-title-visibility":"","ast-main-header-display":"","ast-hfb-above-header-display":"","ast-hfb-below-header-display":"","ast-hfb-mobile-header-display":"","site-post-title":"","ast-breadcrumbs-content":"","ast-featured-img":"","footer-sml-layout":"","ast-disable-related-posts":"","theme-transparent-header-meta":"","adv-header-id-meta":"","stick-header-meta":"","header-above-stick-meta":"","header-main-stick-meta":"","header-below-stick-meta":"","astra-migrate-meta-layouts":"set","ast-page-background-enabled":"default","ast-page-background-meta":{"desktop":{"background-color":"","background-image":"","background-repeat":"repeat","background-position":"center center","background-size":"auto","background-attachment":"scroll","background-type":"","background-media":"","overlay-type":"","overlay-color":"","overlay-opacity":"","overlay-gradient":""},"tablet":{"background-color":"","background-image":"","background-repeat":"repeat","background-position":"center center","background-size":"auto","background-attachment":"scroll","background-type":"","background-media":"","overlay-type":"","overlay-color":"","overlay-opacity":"","overlay-gradient":""},"mobile":{"background-color":"","background-image":"","background-repeat":"repeat","background-position":"center center","background-size":"auto","background-attachment":"scroll","background-type":"","background-media":"","overlay-type":"","overlay-color":"","overlay-opacity":"","overlay-gradient":""}},"ast-content-background-meta":{"desktop":{"background-color":"var(--ast-global-color-5)","background-image":"","background-repeat":"repeat","background-position":"center center","background-size":"auto","background-attachment":"scroll","background-type":"","background-media":"","overlay-type":"","overlay-color":"","overlay-opacity":"","overlay-gradient":""},"tablet":{"background-color":"var(--ast-global-color-5)","background-image":"","background-repeat":"repeat","background-position":"center center","background-size":"auto","background-attachment":"scroll","background-type":"","background-media":"","overlay-type":"","overlay-color":"","overlay-opacity":"","overlay-gradient":""},"mobile":{"background-color":"var(--ast-global-color-5)","background-image":"","background-repeat":"repeat","background-position":"center center","background-size":"auto","background-attachment":"scroll","background-type":"","background-media":"","overlay-type":"","overlay-color":"","overlay-opacity":"","overlay-gradient":""}},"footnotes":""},"class_list":["post-2514","page","type-page","status-publish","hentry"],"aioseo_notices":[],"uagb_featured_image_src":{"full":false,"thumbnail":false,"medium":false,"medium_large":false,"large":false,"1536x1536":false,"2048x2048":false,"trp-custom-language-flag":false},"uagb_author_info":{"display_name":"Dirk Janssen","author_link":"https:\/\/3dviewjanssen.com\/en\/author\/dirk\/"},"uagb_comment_info":0,"uagb_excerpt":"\ud83c\udfe1 Rundum-Service f\u00fcr deine ImmobilieOb Kauf, Verkauf, Vermietung oder Wertermittlung \u2013 wir stehen dir bei allen Fragen rund um Immobilien zur Seite. Mit Erfahrung, Leidenschaft und dem Blick f\u00fcrs Detail begleiten wir dich vom ersten Gespr\u00e4ch bis zum erfolgreichen Abschluss. Egal, ob du dein Traumobjekt suchst, deine Immobilie bestm\u00f6glich vermarkten m\u00f6chtest oder einfach eine ehrliche&hellip;","_links":{"self":[{"href":"https:\/\/3dviewjanssen.com\/en\/wp-json\/wp\/v2\/pages\/2514","targetHints":{"allow":["GET"]}}],"collection":[{"href":"https:\/\/3dviewjanssen.com\/en\/wp-json\/wp\/v2\/pages"}],"about":[{"href":"https:\/\/3dviewjanssen.com\/en\/wp-json\/wp\/v2\/types\/page"}],"author":[{"embeddable":true,"href":"https:\/\/3dviewjanssen.com\/en\/wp-json\/wp\/v2\/users\/2"}],"replies":[{"embeddable":true,"href":"https:\/\/3dviewjanssen.com\/en\/wp-json\/wp\/v2\/comments?post=2514"}],"version-history":[{"count":10,"href":"https:\/\/3dviewjanssen.com\/en\/wp-json\/wp\/v2\/pages\/2514\/revisions"}],"predecessor-version":[{"id":3508,"href":"https:\/\/3dviewjanssen.com\/en\/wp-json\/wp\/v2\/pages\/2514\/revisions\/3508"}],"up":[{"embeddable":true,"href":"https:\/\/3dviewjanssen.com\/en\/wp-json\/wp\/v2\/pages\/906"}],"wp:attachment":[{"href":"https:\/\/3dviewjanssen.com\/en\/wp-json\/wp\/v2\/media?parent=2514"}],"curies":[{"name":"wp","href":"https:\/\/api.w.org\/{rel}","templated":true}]}}