{"id":3079,"date":"2025-08-19T12:53:38","date_gmt":"2025-08-19T12:53:38","guid":{"rendered":"https:\/\/3dviewjanssen.com\/?page_id=3079"},"modified":"2026-02-20T18:08:41","modified_gmt":"2026-02-20T18:08:41","slug":"service","status":"publish","type":"page","link":"https:\/\/3dviewjanssen.com\/en\/home\/start\/service\/","title":{"rendered":"Service"},"content":{"rendered":"<figure class=\"wp-block-image alignright size-full is-resized\"><img loading=\"lazy\" decoding=\"async\" width=\"512\" height=\"512\" src=\"https:\/\/3dviewjanssen.com\/wp-content\/uploads\/2026\/01\/cropped-Logo_Farbig_Web.jpg\" alt=\"\" class=\"wp-image-3504\" style=\"width:110px;height:auto\" srcset=\"https:\/\/3dviewjanssen.com\/wp-content\/uploads\/2026\/01\/cropped-Logo_Farbig_Web.jpg 512w, https:\/\/3dviewjanssen.com\/wp-content\/uploads\/2026\/01\/cropped-Logo_Farbig_Web-300x300.jpg 300w, https:\/\/3dviewjanssen.com\/wp-content\/uploads\/2026\/01\/cropped-Logo_Farbig_Web-150x150.jpg 150w, https:\/\/3dviewjanssen.com\/wp-content\/uploads\/2026\/01\/cropped-Logo_Farbig_Web-12x12.jpg 12w, https:\/\/3dviewjanssen.com\/wp-content\/uploads\/2026\/01\/cropped-Logo_Farbig_Web-270x270.jpg 270w, https:\/\/3dviewjanssen.com\/wp-content\/uploads\/2026\/01\/cropped-Logo_Farbig_Web-192x192.jpg 192w, https:\/\/3dviewjanssen.com\/wp-content\/uploads\/2026\/01\/cropped-Logo_Farbig_Web-180x180.jpg 180w, https:\/\/3dviewjanssen.com\/wp-content\/uploads\/2026\/01\/cropped-Logo_Farbig_Web-32x32.jpg 32w\" sizes=\"auto, (max-width: 512px) 100vw, 512px\" \/><figcaption class=\"wp-element-caption\"><a href=\"https:\/\/3dviewjanssen.com\/en\/home\/start\/\">Back...<\/a><\/figcaption><\/figure>\n\n\n\n<p>\ud83d\udd27 <strong>Enenrgiekontor Janssen - Detailed service for smooth processes<\/strong><\/p>\n\n\n\n<p>At Energiekontor Janssen we attach great importance to <strong>Structured processes and transparent workflows<\/strong>, so that your project - whether energy consulting, refurbishment, renovation or mould consulting - is implemented efficiently. Our service includes:<\/p>\n\n\n\n<ul class=\"wp-block-list\">\n<li><strong>Personalised advice &amp; analysis:<\/strong> We record your requirements precisely and develop a customised concept based on them.<\/li>\n\n\n\n<li><strong>Planning &amp; Organisation:<\/strong> From material selection to deadlines and authorisations - we coordinate all steps to save you time and effort.<\/li>\n\n\n\n<li><strong>Realisation &amp; control:<\/strong> Our experienced specialists carry out all work reliably, while we regularly monitor progress.<\/li>\n\n\n\n<li><strong>Completion &amp; aftercare:<\/strong> We check the results together, document everything transparently and are also available to advise you after the end of the project.<\/li>\n<\/ul>\n\n\n\n<p>\ud83d\udc49 With Energiekontor Janssen you benefit from <strong>optimised processes, clear communication and stress-free projects<\/strong>, so that your home or property is not only more beautiful, but also efficiently maintained.<\/p>\n\n\n\n<p><\/p>","protected":false},"excerpt":{"rendered":"<p>\ud83d\udd27 Enenrgiekontor Janssen \u2013 Detaillierter Service f\u00fcr reibungslose Abl\u00e4ufe Bei Energiekontor Janssen legen wir Wert auf strukturierte Prozesse und transparente Abl\u00e4ufe, damit Ihr Projekt \u2013 egal ob Energieberatung, Sanierung, Renovierung oder Schimmelberatung \u2013 effizient umgesetzt wird. Unser Service umfasst: \ud83d\udc49 Mit Energiekontor Janssen profitieren Sie von optimierten Abl\u00e4ufen, klarer Kommunikation und stressfreien Projekten, sodass Ihr [&hellip;]<\/p>\n","protected":false},"author":1,"featured_media":0,"parent":2514,"menu_order":3,"comment_status":"closed","ping_status":"closed","template":"","meta":{"_uag_custom_page_level_css":"","site-sidebar-layout":"default","site-content-layout":"","ast-site-content-layout":"default","site-content-style":"default","site-sidebar-style":"default","ast-global-header-display":"","ast-banner-title-visibility":"","ast-main-header-display":"","ast-hfb-above-header-display":"","ast-hfb-below-header-display":"","ast-hfb-mobile-header-display":"","site-post-title":"","ast-breadcrumbs-content":"","ast-featured-img":"","footer-sml-layout":"","ast-disable-related-posts":"","theme-transparent-header-meta":"","adv-header-id-meta":"","stick-header-meta":"","header-above-stick-meta":"","header-main-stick-meta":"","header-below-stick-meta":"","astra-migrate-meta-layouts":"set","ast-page-background-enabled":"default","ast-page-background-meta":{"desktop":{"background-color":"","background-image":"","background-repeat":"repeat","background-position":"center center","background-size":"auto","background-attachment":"scroll","background-type":"","background-media":"","overlay-type":"","overlay-color":"","overlay-opacity":"","overlay-gradient":""},"tablet":{"background-color":"","background-image":"","background-repeat":"repeat","background-position":"center center","background-size":"auto","background-attachment":"scroll","background-type":"","background-media":"","overlay-type":"","overlay-color":"","overlay-opacity":"","overlay-gradient":""},"mobile":{"background-color":"","background-image":"","background-repeat":"repeat","background-position":"center center","background-size":"auto","background-attachment":"scroll","background-type":"","background-media":"","overlay-type":"","overlay-color":"","overlay-opacity":"","overlay-gradient":""}},"ast-content-background-meta":{"desktop":{"background-color":"var(--ast-global-color-5)","background-image":"","background-repeat":"repeat","background-position":"center center","background-size":"auto","background-attachment":"scroll","background-type":"","background-media":"","overlay-type":"","overlay-color":"","overlay-opacity":"","overlay-gradient":""},"tablet":{"background-color":"var(--ast-global-color-5)","background-image":"","background-repeat":"repeat","background-position":"center center","background-size":"auto","background-attachment":"scroll","background-type":"","background-media":"","overlay-type":"","overlay-color":"","overlay-opacity":"","overlay-gradient":""},"mobile":{"background-color":"var(--ast-global-color-5)","background-image":"","background-repeat":"repeat","background-position":"center center","background-size":"auto","background-attachment":"scroll","background-type":"","background-media":"","overlay-type":"","overlay-color":"","overlay-opacity":"","overlay-gradient":""}},"footnotes":""},"class_list":["post-3079","page","type-page","status-publish","hentry"],"aioseo_notices":[],"uagb_featured_image_src":{"full":false,"thumbnail":false,"medium":false,"medium_large":false,"large":false,"1536x1536":false,"2048x2048":false,"trp-custom-language-flag":false},"uagb_author_info":{"display_name":"dj23769@gmail.com","author_link":"https:\/\/3dviewjanssen.com\/en\/author\/dj23769gmail-com\/"},"uagb_comment_info":0,"uagb_excerpt":"\ud83d\udd27 Enenrgiekontor Janssen \u2013 Detaillierter Service f\u00fcr reibungslose Abl\u00e4ufe Bei Energiekontor Janssen legen wir Wert auf strukturierte Prozesse und transparente Abl\u00e4ufe, damit Ihr Projekt \u2013 egal ob Energieberatung, Sanierung, Renovierung oder Schimmelberatung \u2013 effizient umgesetzt wird. Unser Service umfasst: \ud83d\udc49 Mit Energiekontor Janssen profitieren Sie von optimierten Abl\u00e4ufen, klarer Kommunikation und stressfreien Projekten, sodass Ihr&hellip;","_links":{"self":[{"href":"https:\/\/3dviewjanssen.com\/en\/wp-json\/wp\/v2\/pages\/3079","targetHints":{"allow":["GET"]}}],"collection":[{"href":"https:\/\/3dviewjanssen.com\/en\/wp-json\/wp\/v2\/pages"}],"about":[{"href":"https:\/\/3dviewjanssen.com\/en\/wp-json\/wp\/v2\/types\/page"}],"author":[{"embeddable":true,"href":"https:\/\/3dviewjanssen.com\/en\/wp-json\/wp\/v2\/users\/1"}],"replies":[{"embeddable":true,"href":"https:\/\/3dviewjanssen.com\/en\/wp-json\/wp\/v2\/comments?post=3079"}],"version-history":[{"count":5,"href":"https:\/\/3dviewjanssen.com\/en\/wp-json\/wp\/v2\/pages\/3079\/revisions"}],"predecessor-version":[{"id":3536,"href":"https:\/\/3dviewjanssen.com\/en\/wp-json\/wp\/v2\/pages\/3079\/revisions\/3536"}],"up":[{"embeddable":true,"href":"https:\/\/3dviewjanssen.com\/en\/wp-json\/wp\/v2\/pages\/2514"}],"wp:attachment":[{"href":"https:\/\/3dviewjanssen.com\/en\/wp-json\/wp\/v2\/media?parent=3079"}],"curies":[{"name":"wp","href":"https:\/\/api.w.org\/{rel}","templated":true}]}}