{"id":3086,"date":"2025-08-19T13:04:06","date_gmt":"2025-08-19T13:04:06","guid":{"rendered":"https:\/\/3dviewjanssen.com\/?page_id=3086"},"modified":"2026-02-20T18:16:56","modified_gmt":"2026-02-20T18:16:56","slug":"betriebliche-abwicklung","status":"publish","type":"page","link":"https:\/\/3dviewjanssen.com\/en\/home\/start\/verwaltung\/betriebliche-abwicklung\/","title":{"rendered":"Operational processing"},"content":{"rendered":"<figure class=\"wp-block-image alignright size-full is-resized\"><img loading=\"lazy\" decoding=\"async\" width=\"512\" height=\"512\" src=\"https:\/\/3dviewjanssen.com\/wp-content\/uploads\/2026\/01\/cropped-Logo_Farbig_Web.jpg\" alt=\"\" class=\"wp-image-3504\" style=\"width:124px;height:auto\" srcset=\"https:\/\/3dviewjanssen.com\/wp-content\/uploads\/2026\/01\/cropped-Logo_Farbig_Web.jpg 512w, https:\/\/3dviewjanssen.com\/wp-content\/uploads\/2026\/01\/cropped-Logo_Farbig_Web-300x300.jpg 300w, https:\/\/3dviewjanssen.com\/wp-content\/uploads\/2026\/01\/cropped-Logo_Farbig_Web-150x150.jpg 150w, https:\/\/3dviewjanssen.com\/wp-content\/uploads\/2026\/01\/cropped-Logo_Farbig_Web-12x12.jpg 12w, https:\/\/3dviewjanssen.com\/wp-content\/uploads\/2026\/01\/cropped-Logo_Farbig_Web-270x270.jpg 270w, https:\/\/3dviewjanssen.com\/wp-content\/uploads\/2026\/01\/cropped-Logo_Farbig_Web-192x192.jpg 192w, https:\/\/3dviewjanssen.com\/wp-content\/uploads\/2026\/01\/cropped-Logo_Farbig_Web-180x180.jpg 180w, https:\/\/3dviewjanssen.com\/wp-content\/uploads\/2026\/01\/cropped-Logo_Farbig_Web-32x32.jpg 32w\" sizes=\"auto, (max-width: 512px) 100vw, 512px\" \/><figcaption class=\"wp-element-caption\"><a href=\"https:\/\/3dviewjanssen.com\/en\/home\/start\/\">Back...<\/a><\/figcaption><\/figure>\n\n\n\n<p>\ud83d\udcca <strong>Operational billing of properties - transparent &amp; reliable<\/strong><\/p>\n\n\n\n<p>Whether ancillary costs, annual utility bills or the complete commercial administration - the <strong>Energiekontor<\/strong> Janssen will take care of the <strong>Operational settlement of real estate<\/strong> professional and comprehensible.<\/p>\n\n\n\n<p>We take care of:<\/p>\n\n\n\n<ul class=\"wp-block-list\">\n<li>the preparation of clear annual accounts,<\/li>\n\n\n\n<li>processing with suppliers and service providers,<\/li>\n\n\n\n<li>and all tasks relating to property management.<\/li>\n<\/ul>\n\n\n\n<p>With <strong>Energiekontor<\/strong> Janssen you benefit from <strong>clear structures, complete documentation and fair billing<\/strong> - so that you always have an overview and your property is optimally managed.<\/p>\n\n\n\n<p>\ud83d\udc49 Rely on experience and transparency - for billing that creates trust.<\/p>","protected":false},"excerpt":{"rendered":"<p>\ud83d\udcca Betriebliche Abrechnung von Immobilien \u2013 transparent &amp; zuverl\u00e4ssig Ob Nebenkosten, Jahresabrechnungen der Versorger oder die komplette kaufm\u00e4nnische Verwaltung \u2013 Energiekontor Janssen \u00fcbernimmt f\u00fcr Sie die betriebliche Abrechnung von Immobilien professionell und nachvollziehbar. Wir k\u00fcmmern uns um: Mit Energiekontor Janssen profitieren Sie von klaren Strukturen, l\u00fcckenloser Dokumentation und fairer Abrechnung \u2013 damit Sie jederzeit den [&hellip;]<\/p>\n","protected":false},"author":1,"featured_media":0,"parent":3075,"menu_order":3,"comment_status":"closed","ping_status":"closed","template":"","meta":{"_uag_custom_page_level_css":"","site-sidebar-layout":"default","site-content-layout":"","ast-site-content-layout":"default","site-content-style":"default","site-sidebar-style":"default","ast-global-header-display":"","ast-banner-title-visibility":"","ast-main-header-display":"","ast-hfb-above-header-display":"","ast-hfb-below-header-display":"","ast-hfb-mobile-header-display":"","site-post-title":"","ast-breadcrumbs-content":"","ast-featured-img":"","footer-sml-layout":"","ast-disable-related-posts":"","theme-transparent-header-meta":"","adv-header-id-meta":"","stick-header-meta":"","header-above-stick-meta":"","header-main-stick-meta":"","header-below-stick-meta":"","astra-migrate-meta-layouts":"set","ast-page-background-enabled":"default","ast-page-background-meta":{"desktop":{"background-color":"","background-image":"","background-repeat":"repeat","background-position":"center center","background-size":"auto","background-attachment":"scroll","background-type":"","background-media":"","overlay-type":"","overlay-color":"","overlay-opacity":"","overlay-gradient":""},"tablet":{"background-color":"","background-image":"","background-repeat":"repeat","background-position":"center center","background-size":"auto","background-attachment":"scroll","background-type":"","background-media":"","overlay-type":"","overlay-color":"","overlay-opacity":"","overlay-gradient":""},"mobile":{"background-color":"","background-image":"","background-repeat":"repeat","background-position":"center center","background-size":"auto","background-attachment":"scroll","background-type":"","background-media":"","overlay-type":"","overlay-color":"","overlay-opacity":"","overlay-gradient":""}},"ast-content-background-meta":{"desktop":{"background-color":"var(--ast-global-color-5)","background-image":"","background-repeat":"repeat","background-position":"center center","background-size":"auto","background-attachment":"scroll","background-type":"","background-media":"","overlay-type":"","overlay-color":"","overlay-opacity":"","overlay-gradient":""},"tablet":{"background-color":"var(--ast-global-color-5)","background-image":"","background-repeat":"repeat","background-position":"center center","background-size":"auto","background-attachment":"scroll","background-type":"","background-media":"","overlay-type":"","overlay-color":"","overlay-opacity":"","overlay-gradient":""},"mobile":{"background-color":"var(--ast-global-color-5)","background-image":"","background-repeat":"repeat","background-position":"center center","background-size":"auto","background-attachment":"scroll","background-type":"","background-media":"","overlay-type":"","overlay-color":"","overlay-opacity":"","overlay-gradient":""}},"footnotes":""},"class_list":["post-3086","page","type-page","status-publish","hentry"],"aioseo_notices":[],"uagb_featured_image_src":{"full":false,"thumbnail":false,"medium":false,"medium_large":false,"large":false,"1536x1536":false,"2048x2048":false,"trp-custom-language-flag":false},"uagb_author_info":{"display_name":"dj23769@gmail.com","author_link":"https:\/\/3dviewjanssen.com\/en\/author\/dj23769gmail-com\/"},"uagb_comment_info":0,"uagb_excerpt":"\ud83d\udcca Betriebliche Abrechnung von Immobilien \u2013 transparent &amp; zuverl\u00e4ssig Ob Nebenkosten, Jahresabrechnungen der Versorger oder die komplette kaufm\u00e4nnische Verwaltung \u2013 Energiekontor Janssen \u00fcbernimmt f\u00fcr Sie die betriebliche Abrechnung von Immobilien professionell und nachvollziehbar. Wir k\u00fcmmern uns um: Mit Energiekontor Janssen profitieren Sie von klaren Strukturen, l\u00fcckenloser Dokumentation und fairer Abrechnung \u2013 damit Sie jederzeit den&hellip;","_links":{"self":[{"href":"https:\/\/3dviewjanssen.com\/en\/wp-json\/wp\/v2\/pages\/3086","targetHints":{"allow":["GET"]}}],"collection":[{"href":"https:\/\/3dviewjanssen.com\/en\/wp-json\/wp\/v2\/pages"}],"about":[{"href":"https:\/\/3dviewjanssen.com\/en\/wp-json\/wp\/v2\/types\/page"}],"author":[{"embeddable":true,"href":"https:\/\/3dviewjanssen.com\/en\/wp-json\/wp\/v2\/users\/1"}],"replies":[{"embeddable":true,"href":"https:\/\/3dviewjanssen.com\/en\/wp-json\/wp\/v2\/comments?post=3086"}],"version-history":[{"count":6,"href":"https:\/\/3dviewjanssen.com\/en\/wp-json\/wp\/v2\/pages\/3086\/revisions"}],"predecessor-version":[{"id":3547,"href":"https:\/\/3dviewjanssen.com\/en\/wp-json\/wp\/v2\/pages\/3086\/revisions\/3547"}],"up":[{"embeddable":true,"href":"https:\/\/3dviewjanssen.com\/en\/wp-json\/wp\/v2\/pages\/3075"}],"wp:attachment":[{"href":"https:\/\/3dviewjanssen.com\/en\/wp-json\/wp\/v2\/media?parent=3086"}],"curies":[{"name":"wp","href":"https:\/\/api.w.org\/{rel}","templated":true}]}}