{"id":3092,"date":"2025-08-19T13:08:57","date_gmt":"2025-08-19T13:08:57","guid":{"rendered":"https:\/\/3dviewjanssen.com\/?page_id=3092"},"modified":"2026-03-15T15:43:49","modified_gmt":"2026-03-15T15:43:49","slug":"formulare","status":"publish","type":"page","link":"https:\/\/3dviewjanssen.com\/en\/home\/start\/service\/formulare\/","title":{"rendered":"Forms"},"content":{"rendered":"<figure class=\"wp-block-image alignright size-full is-resized\"><img loading=\"lazy\" decoding=\"async\" width=\"512\" height=\"512\" src=\"https:\/\/3dviewjanssen.com\/wp-content\/uploads\/2026\/01\/cropped-Logo_Farbig_Web.jpg\" alt=\"\" class=\"wp-image-3504\" style=\"width:124px;height:auto\" srcset=\"https:\/\/3dviewjanssen.com\/wp-content\/uploads\/2026\/01\/cropped-Logo_Farbig_Web.jpg 512w, https:\/\/3dviewjanssen.com\/wp-content\/uploads\/2026\/01\/cropped-Logo_Farbig_Web-300x300.jpg 300w, https:\/\/3dviewjanssen.com\/wp-content\/uploads\/2026\/01\/cropped-Logo_Farbig_Web-150x150.jpg 150w, https:\/\/3dviewjanssen.com\/wp-content\/uploads\/2026\/01\/cropped-Logo_Farbig_Web-12x12.jpg 12w, https:\/\/3dviewjanssen.com\/wp-content\/uploads\/2026\/01\/cropped-Logo_Farbig_Web-270x270.jpg 270w, https:\/\/3dviewjanssen.com\/wp-content\/uploads\/2026\/01\/cropped-Logo_Farbig_Web-192x192.jpg 192w, https:\/\/3dviewjanssen.com\/wp-content\/uploads\/2026\/01\/cropped-Logo_Farbig_Web-180x180.jpg 180w, https:\/\/3dviewjanssen.com\/wp-content\/uploads\/2026\/01\/cropped-Logo_Farbig_Web-32x32.jpg 32w\" sizes=\"auto, (max-width: 512px) 100vw, 512px\" \/><figcaption class=\"wp-element-caption\"><a href=\"https:\/\/3dviewjanssen.com\/en\/home\/start\/\">Back...<\/a><\/figcaption><\/figure>\n\n\n\n<p>\ud83d\udcdd <strong>Data capture using forms - simple, secure, efficient<\/strong><\/p>\n\n\n\n<p>With Energiekontor Janssen, you can record all relevant information on your projects or properties in an uncomplicated and structured way. Our digital forms ensure that data <strong>Complete, clear and error-free<\/strong> whether for energy consulting, refurbishment, renovation or valuation.<\/p>\n\n\n\n<ul class=\"wp-block-list\">\n<li><strong>Simple &amp; intuitive:<\/strong> User-friendly forms allow all information to be entered quickly.<\/li>\n\n\n\n<li><strong>Structured &amp; secure:<\/strong> All data is stored in an organised and GDPR-compliant manner.<\/li>\n\n\n\n<li><strong>Efficient processing:<\/strong> Information flows directly into project planning and decision-making processes.<\/li>\n<\/ul>\n\n\n\n<p>\ud83d\udc49 Save time, reduce errors and maintain an overview at all times - for smooth processes from start to finish.<\/p>\n\n\n\n<p><a href=\"https:\/\/3dviewjanssen.com\/en\/home\/start\/service\/formulare\/eintragung-der-gebaeudeangaben\/\" target=\"_blank\" rel=\"noopener\" title=\"\">Form for entering building data for energy performance certificates, energy consulting, construction supervision<\/a><\/p>\n\n\n\n<p><\/p>","protected":false},"excerpt":{"rendered":"<p>\ud83d\udcdd Datenerfassung durch Formulare \u2013 einfach, sicher, effizient Mit Energiekontor Janssen erfassen Sie alle relevanten Informationen zu Ihren Projekten oder Immobilien unkompliziert und strukturiert. Unsere digitalen Formulare sorgen daf\u00fcr, dass Daten vollst\u00e4ndig, \u00fcbersichtlich und fehlerfrei erfasst werden \u2013 egal ob f\u00fcr Energieberatung, Sanierung, Renovierung oder Wertermittlung. \ud83d\udc49 So sparen Sie Zeit, reduzieren Fehler und behalten [&hellip;]<\/p>\n","protected":false},"author":1,"featured_media":0,"parent":3079,"menu_order":1,"comment_status":"closed","ping_status":"closed","template":"","meta":{"_uag_custom_page_level_css":"","site-sidebar-layout":"default","site-content-layout":"","ast-site-content-layout":"default","site-content-style":"default","site-sidebar-style":"default","ast-global-header-display":"","ast-banner-title-visibility":"","ast-main-header-display":"","ast-hfb-above-header-display":"","ast-hfb-below-header-display":"","ast-hfb-mobile-header-display":"","site-post-title":"","ast-breadcrumbs-content":"","ast-featured-img":"","footer-sml-layout":"","ast-disable-related-posts":"","theme-transparent-header-meta":"","adv-header-id-meta":"","stick-header-meta":"","header-above-stick-meta":"","header-main-stick-meta":"","header-below-stick-meta":"","astra-migrate-meta-layouts":"set","ast-page-background-enabled":"default","ast-page-background-meta":{"desktop":{"background-color":"","background-image":"","background-repeat":"repeat","background-position":"center center","background-size":"auto","background-attachment":"scroll","background-type":"","background-media":"","overlay-type":"","overlay-color":"","overlay-opacity":"","overlay-gradient":""},"tablet":{"background-color":"","background-image":"","background-repeat":"repeat","background-position":"center center","background-size":"auto","background-attachment":"scroll","background-type":"","background-media":"","overlay-type":"","overlay-color":"","overlay-opacity":"","overlay-gradient":""},"mobile":{"background-color":"","background-image":"","background-repeat":"repeat","background-position":"center center","background-size":"auto","background-attachment":"scroll","background-type":"","background-media":"","overlay-type":"","overlay-color":"","overlay-opacity":"","overlay-gradient":""}},"ast-content-background-meta":{"desktop":{"background-color":"var(--ast-global-color-5)","background-image":"","background-repeat":"repeat","background-position":"center center","background-size":"auto","background-attachment":"scroll","background-type":"","background-media":"","overlay-type":"","overlay-color":"","overlay-opacity":"","overlay-gradient":""},"tablet":{"background-color":"var(--ast-global-color-5)","background-image":"","background-repeat":"repeat","background-position":"center center","background-size":"auto","background-attachment":"scroll","background-type":"","background-media":"","overlay-type":"","overlay-color":"","overlay-opacity":"","overlay-gradient":""},"mobile":{"background-color":"var(--ast-global-color-5)","background-image":"","background-repeat":"repeat","background-position":"center center","background-size":"auto","background-attachment":"scroll","background-type":"","background-media":"","overlay-type":"","overlay-color":"","overlay-opacity":"","overlay-gradient":""}},"footnotes":""},"class_list":["post-3092","page","type-page","status-publish","hentry"],"aioseo_notices":[],"uagb_featured_image_src":{"full":false,"thumbnail":false,"medium":false,"medium_large":false,"large":false,"1536x1536":false,"2048x2048":false,"trp-custom-language-flag":false},"uagb_author_info":{"display_name":"dj23769@gmail.com","author_link":"https:\/\/3dviewjanssen.com\/en\/author\/dj23769gmail-com\/"},"uagb_comment_info":0,"uagb_excerpt":"\ud83d\udcdd Datenerfassung durch Formulare \u2013 einfach, sicher, effizient Mit Energiekontor Janssen erfassen Sie alle relevanten Informationen zu Ihren Projekten oder Immobilien unkompliziert und strukturiert. Unsere digitalen Formulare sorgen daf\u00fcr, dass Daten vollst\u00e4ndig, \u00fcbersichtlich und fehlerfrei erfasst werden \u2013 egal ob f\u00fcr Energieberatung, Sanierung, Renovierung oder Wertermittlung. \ud83d\udc49 So sparen Sie Zeit, reduzieren Fehler und behalten&hellip;","_links":{"self":[{"href":"https:\/\/3dviewjanssen.com\/en\/wp-json\/wp\/v2\/pages\/3092","targetHints":{"allow":["GET"]}}],"collection":[{"href":"https:\/\/3dviewjanssen.com\/en\/wp-json\/wp\/v2\/pages"}],"about":[{"href":"https:\/\/3dviewjanssen.com\/en\/wp-json\/wp\/v2\/types\/page"}],"author":[{"embeddable":true,"href":"https:\/\/3dviewjanssen.com\/en\/wp-json\/wp\/v2\/users\/1"}],"replies":[{"embeddable":true,"href":"https:\/\/3dviewjanssen.com\/en\/wp-json\/wp\/v2\/comments?post=3092"}],"version-history":[{"count":6,"href":"https:\/\/3dviewjanssen.com\/en\/wp-json\/wp\/v2\/pages\/3092\/revisions"}],"predecessor-version":[{"id":3572,"href":"https:\/\/3dviewjanssen.com\/en\/wp-json\/wp\/v2\/pages\/3092\/revisions\/3572"}],"up":[{"embeddable":true,"href":"https:\/\/3dviewjanssen.com\/en\/wp-json\/wp\/v2\/pages\/3079"}],"wp:attachment":[{"href":"https:\/\/3dviewjanssen.com\/en\/wp-json\/wp\/v2\/media?parent=3092"}],"curies":[{"name":"wp","href":"https:\/\/api.w.org\/{rel}","templated":true}]}}