{"id":3096,"date":"2025-08-19T13:10:54","date_gmt":"2025-08-19T13:10:54","guid":{"rendered":"https:\/\/3dviewjanssen.com\/?page_id=3096"},"modified":"2026-02-20T18:14:31","modified_gmt":"2026-02-20T18:14:31","slug":"vertraege","status":"publish","type":"page","link":"https:\/\/3dviewjanssen.com\/en\/home\/start\/service\/vertraege\/","title":{"rendered":"Contracts"},"content":{"rendered":"<figure class=\"wp-block-image alignright size-full is-resized\"><img loading=\"lazy\" decoding=\"async\" width=\"512\" height=\"512\" src=\"https:\/\/3dviewjanssen.com\/wp-content\/uploads\/2026\/01\/cropped-Logo_Farbig_Web.jpg\" alt=\"\" class=\"wp-image-3504\" style=\"width:124px;height:auto\" srcset=\"https:\/\/3dviewjanssen.com\/wp-content\/uploads\/2026\/01\/cropped-Logo_Farbig_Web.jpg 512w, https:\/\/3dviewjanssen.com\/wp-content\/uploads\/2026\/01\/cropped-Logo_Farbig_Web-300x300.jpg 300w, https:\/\/3dviewjanssen.com\/wp-content\/uploads\/2026\/01\/cropped-Logo_Farbig_Web-150x150.jpg 150w, https:\/\/3dviewjanssen.com\/wp-content\/uploads\/2026\/01\/cropped-Logo_Farbig_Web-12x12.jpg 12w, https:\/\/3dviewjanssen.com\/wp-content\/uploads\/2026\/01\/cropped-Logo_Farbig_Web-270x270.jpg 270w, https:\/\/3dviewjanssen.com\/wp-content\/uploads\/2026\/01\/cropped-Logo_Farbig_Web-192x192.jpg 192w, https:\/\/3dviewjanssen.com\/wp-content\/uploads\/2026\/01\/cropped-Logo_Farbig_Web-180x180.jpg 180w, https:\/\/3dviewjanssen.com\/wp-content\/uploads\/2026\/01\/cropped-Logo_Farbig_Web-32x32.jpg 32w\" sizes=\"auto, (max-width: 512px) 100vw, 512px\" \/><figcaption class=\"wp-element-caption\"><a href=\"https:\/\/3dviewjanssen.com\/en\/home\/start\/\">Back...<\/a><\/figcaption><\/figure>\n\n\n\n<p>\ud83d\udcd1 <strong>Useful documents for download<\/strong><\/p>\n\n\n\n<p>On this page, Energiekontor Janssen presents a selection of <strong>Checklists, contracts and other important documents<\/strong> at your disposal. This means you always have the right documents to hand - clearly organised, up-to-date and uncomplicated.<\/p>\n\n\n\n<p>\u2714\ufe0f Practical checklists for your property projects<br>\u2714\ufe0f Contracts &amp; forms for smooth processing<br>\u2714\ufe0f Further helpful documents relating to our services<\/p>\n\n\n\n<p>\ud83d\udc49 Simply select, download and use directly.<\/p>","protected":false},"excerpt":{"rendered":"<p>\ud83d\udcd1 N\u00fctzliche Dokumente zum Download Auf dieser Seite stellt Ihnen Energiekontor Janssen eine Auswahl an Checklisten, Vertr\u00e4gen und weiteren wichtigen Dokumenten zur Verf\u00fcgung. So haben Sie jederzeit die passenden Unterlagen griffbereit \u2013 \u00fcbersichtlich, aktuell und unkompliziert. \u2714\ufe0f Praktische Checklisten f\u00fcr Ihre Immobilienprojekte\u2714\ufe0f Vertr\u00e4ge &amp; Formulare f\u00fcr eine reibungslose Abwicklung\u2714\ufe0f Weitere hilfreiche Dokumente rund um unsere [&hellip;]<\/p>\n","protected":false},"author":1,"featured_media":0,"parent":3079,"menu_order":3,"comment_status":"closed","ping_status":"closed","template":"","meta":{"_uag_custom_page_level_css":"","site-sidebar-layout":"default","site-content-layout":"","ast-site-content-layout":"default","site-content-style":"default","site-sidebar-style":"default","ast-global-header-display":"","ast-banner-title-visibility":"","ast-main-header-display":"","ast-hfb-above-header-display":"","ast-hfb-below-header-display":"","ast-hfb-mobile-header-display":"","site-post-title":"","ast-breadcrumbs-content":"","ast-featured-img":"","footer-sml-layout":"","ast-disable-related-posts":"","theme-transparent-header-meta":"","adv-header-id-meta":"","stick-header-meta":"","header-above-stick-meta":"","header-main-stick-meta":"","header-below-stick-meta":"","astra-migrate-meta-layouts":"set","ast-page-background-enabled":"default","ast-page-background-meta":{"desktop":{"background-color":"","background-image":"","background-repeat":"repeat","background-position":"center center","background-size":"auto","background-attachment":"scroll","background-type":"","background-media":"","overlay-type":"","overlay-color":"","overlay-opacity":"","overlay-gradient":""},"tablet":{"background-color":"","background-image":"","background-repeat":"repeat","background-position":"center center","background-size":"auto","background-attachment":"scroll","background-type":"","background-media":"","overlay-type":"","overlay-color":"","overlay-opacity":"","overlay-gradient":""},"mobile":{"background-color":"","background-image":"","background-repeat":"repeat","background-position":"center center","background-size":"auto","background-attachment":"scroll","background-type":"","background-media":"","overlay-type":"","overlay-color":"","overlay-opacity":"","overlay-gradient":""}},"ast-content-background-meta":{"desktop":{"background-color":"var(--ast-global-color-5)","background-image":"","background-repeat":"repeat","background-position":"center center","background-size":"auto","background-attachment":"scroll","background-type":"","background-media":"","overlay-type":"","overlay-color":"","overlay-opacity":"","overlay-gradient":""},"tablet":{"background-color":"var(--ast-global-color-5)","background-image":"","background-repeat":"repeat","background-position":"center center","background-size":"auto","background-attachment":"scroll","background-type":"","background-media":"","overlay-type":"","overlay-color":"","overlay-opacity":"","overlay-gradient":""},"mobile":{"background-color":"var(--ast-global-color-5)","background-image":"","background-repeat":"repeat","background-position":"center center","background-size":"auto","background-attachment":"scroll","background-type":"","background-media":"","overlay-type":"","overlay-color":"","overlay-opacity":"","overlay-gradient":""}},"footnotes":""},"class_list":["post-3096","page","type-page","status-publish","hentry"],"aioseo_notices":[],"uagb_featured_image_src":{"full":false,"thumbnail":false,"medium":false,"medium_large":false,"large":false,"1536x1536":false,"2048x2048":false,"trp-custom-language-flag":false},"uagb_author_info":{"display_name":"dj23769@gmail.com","author_link":"https:\/\/3dviewjanssen.com\/en\/author\/dj23769gmail-com\/"},"uagb_comment_info":0,"uagb_excerpt":"\ud83d\udcd1 N\u00fctzliche Dokumente zum Download Auf dieser Seite stellt Ihnen Energiekontor Janssen eine Auswahl an Checklisten, Vertr\u00e4gen und weiteren wichtigen Dokumenten zur Verf\u00fcgung. So haben Sie jederzeit die passenden Unterlagen griffbereit \u2013 \u00fcbersichtlich, aktuell und unkompliziert. \u2714\ufe0f Praktische Checklisten f\u00fcr Ihre Immobilienprojekte\u2714\ufe0f Vertr\u00e4ge &amp; Formulare f\u00fcr eine reibungslose Abwicklung\u2714\ufe0f Weitere hilfreiche Dokumente rund um unsere&hellip;","_links":{"self":[{"href":"https:\/\/3dviewjanssen.com\/en\/wp-json\/wp\/v2\/pages\/3096","targetHints":{"allow":["GET"]}}],"collection":[{"href":"https:\/\/3dviewjanssen.com\/en\/wp-json\/wp\/v2\/pages"}],"about":[{"href":"https:\/\/3dviewjanssen.com\/en\/wp-json\/wp\/v2\/types\/page"}],"author":[{"embeddable":true,"href":"https:\/\/3dviewjanssen.com\/en\/wp-json\/wp\/v2\/users\/1"}],"replies":[{"embeddable":true,"href":"https:\/\/3dviewjanssen.com\/en\/wp-json\/wp\/v2\/comments?post=3096"}],"version-history":[{"count":5,"href":"https:\/\/3dviewjanssen.com\/en\/wp-json\/wp\/v2\/pages\/3096\/revisions"}],"predecessor-version":[{"id":3542,"href":"https:\/\/3dviewjanssen.com\/en\/wp-json\/wp\/v2\/pages\/3096\/revisions\/3542"}],"up":[{"embeddable":true,"href":"https:\/\/3dviewjanssen.com\/en\/wp-json\/wp\/v2\/pages\/3079"}],"wp:attachment":[{"href":"https:\/\/3dviewjanssen.com\/en\/wp-json\/wp\/v2\/media?parent=3096"}],"curies":[{"name":"wp","href":"https:\/\/api.w.org\/{rel}","templated":true}]}}