{"id":3128,"date":"2025-08-21T18:29:16","date_gmt":"2025-08-21T18:29:16","guid":{"rendered":"https:\/\/3dviewjanssen.com\/de_de\/?page_id=3128"},"modified":"2026-02-20T18:12:02","modified_gmt":"2026-02-20T18:12:02","slug":"schimmelberatung","status":"publish","type":"page","link":"https:\/\/3dviewjanssen.com\/en\/home\/start\/projekte\/schimmelberatung\/","title":{"rendered":"Mould consulting"},"content":{"rendered":"<figure class=\"wp-block-image alignright size-full is-resized\"><img loading=\"lazy\" decoding=\"async\" width=\"144\" height=\"96\" src=\"https:\/\/3dviewjanssen.com\/wp-content\/uploads\/2026\/01\/Logo_Farbig_Web.jpg\" alt=\"\" class=\"wp-image-3499\" style=\"width:124px;height:auto\" srcset=\"https:\/\/3dviewjanssen.com\/wp-content\/uploads\/2026\/01\/Logo_Farbig_Web.jpg 144w, https:\/\/3dviewjanssen.com\/wp-content\/uploads\/2026\/01\/Logo_Farbig_Web-18x12.jpg 18w\" sizes=\"auto, (max-width: 144px) 100vw, 144px\" \/><figcaption class=\"wp-element-caption\"><a href=\"https:\/\/3dviewjanssen.com\/en\/home\/start\/\">Back...<\/a><\/figcaption><\/figure>\n\n\n\n<p>\ud83e\udda0 <strong>Mould advice from Energiekotnor Janssen - for healthy living<\/strong><\/p>\n\n\n\n<p>Mould in living spaces is not only unsightly, but can also damage the building fabric and impair health. With our professional mould advice, you receive a <strong>Thorough analysis of the causes<\/strong>, practical solutions and clear recommendations for action.<\/p>\n\n\n\n<p>We analyse where the moisture is coming from, how it can be permanently prevented and which renovation measures make sense. In doing so, we rely on <strong>Transparent advice and sustainable solutions<\/strong>, to keep your home mould-free in the long term.<\/p>\n\n\n\n<p>Energiekontor Janssen ensures a healthy indoor climate and preserves the value of your property.<\/p>\n\n\n\n<p><\/p>","protected":false},"excerpt":{"rendered":"<p>\ud83e\udda0 Schimmelberatung vom Energiekotnor Janssen \u2013 f\u00fcr gesundes Wohnen Schimmel in Wohnr\u00e4umen ist nicht nur unsch\u00f6n, sondern kann auch die Bausubstanz sch\u00e4digen und die Gesundheit beeintr\u00e4chtigen. Mit unserer professionellen Schimmelberatung erhalten Sie eine gr\u00fcndliche Analyse der Ursachen, praxisnahe L\u00f6sungsvorschl\u00e4ge und klare Handlungsempfehlungen. Wir pr\u00fcfen, woher die Feuchtigkeit kommt, wie sie sich dauerhaft vermeiden l\u00e4sst und [&hellip;]<\/p>\n","protected":false},"author":1,"featured_media":0,"parent":3098,"menu_order":0,"comment_status":"closed","ping_status":"closed","template":"","meta":{"_uag_custom_page_level_css":"","site-sidebar-layout":"default","site-content-layout":"","ast-site-content-layout":"default","site-content-style":"default","site-sidebar-style":"default","ast-global-header-display":"","ast-banner-title-visibility":"","ast-main-header-display":"","ast-hfb-above-header-display":"","ast-hfb-below-header-display":"","ast-hfb-mobile-header-display":"","site-post-title":"","ast-breadcrumbs-content":"","ast-featured-img":"","footer-sml-layout":"","ast-disable-related-posts":"","theme-transparent-header-meta":"","adv-header-id-meta":"","stick-header-meta":"","header-above-stick-meta":"","header-main-stick-meta":"","header-below-stick-meta":"","astra-migrate-meta-layouts":"set","ast-page-background-enabled":"default","ast-page-background-meta":{"desktop":{"background-color":"","background-image":"","background-repeat":"repeat","background-position":"center center","background-size":"auto","background-attachment":"scroll","background-type":"","background-media":"","overlay-type":"","overlay-color":"","overlay-opacity":"","overlay-gradient":""},"tablet":{"background-color":"","background-image":"","background-repeat":"repeat","background-position":"center center","background-size":"auto","background-attachment":"scroll","background-type":"","background-media":"","overlay-type":"","overlay-color":"","overlay-opacity":"","overlay-gradient":""},"mobile":{"background-color":"","background-image":"","background-repeat":"repeat","background-position":"center center","background-size":"auto","background-attachment":"scroll","background-type":"","background-media":"","overlay-type":"","overlay-color":"","overlay-opacity":"","overlay-gradient":""}},"ast-content-background-meta":{"desktop":{"background-color":"var(--ast-global-color-5)","background-image":"","background-repeat":"repeat","background-position":"center center","background-size":"auto","background-attachment":"scroll","background-type":"","background-media":"","overlay-type":"","overlay-color":"","overlay-opacity":"","overlay-gradient":""},"tablet":{"background-color":"var(--ast-global-color-5)","background-image":"","background-repeat":"repeat","background-position":"center center","background-size":"auto","background-attachment":"scroll","background-type":"","background-media":"","overlay-type":"","overlay-color":"","overlay-opacity":"","overlay-gradient":""},"mobile":{"background-color":"var(--ast-global-color-5)","background-image":"","background-repeat":"repeat","background-position":"center center","background-size":"auto","background-attachment":"scroll","background-type":"","background-media":"","overlay-type":"","overlay-color":"","overlay-opacity":"","overlay-gradient":""}},"footnotes":""},"class_list":["post-3128","page","type-page","status-publish","hentry"],"aioseo_notices":[],"uagb_featured_image_src":{"full":false,"thumbnail":false,"medium":false,"medium_large":false,"large":false,"1536x1536":false,"2048x2048":false,"trp-custom-language-flag":false},"uagb_author_info":{"display_name":"dj23769@gmail.com","author_link":"https:\/\/3dviewjanssen.com\/en\/author\/dj23769gmail-com\/"},"uagb_comment_info":0,"uagb_excerpt":"\ud83e\udda0 Schimmelberatung vom Energiekotnor Janssen \u2013 f\u00fcr gesundes Wohnen Schimmel in Wohnr\u00e4umen ist nicht nur unsch\u00f6n, sondern kann auch die Bausubstanz sch\u00e4digen und die Gesundheit beeintr\u00e4chtigen. Mit unserer professionellen Schimmelberatung erhalten Sie eine gr\u00fcndliche Analyse der Ursachen, praxisnahe L\u00f6sungsvorschl\u00e4ge und klare Handlungsempfehlungen. Wir pr\u00fcfen, woher die Feuchtigkeit kommt, wie sie sich dauerhaft vermeiden l\u00e4sst und&hellip;","_links":{"self":[{"href":"https:\/\/3dviewjanssen.com\/en\/wp-json\/wp\/v2\/pages\/3128","targetHints":{"allow":["GET"]}}],"collection":[{"href":"https:\/\/3dviewjanssen.com\/en\/wp-json\/wp\/v2\/pages"}],"about":[{"href":"https:\/\/3dviewjanssen.com\/en\/wp-json\/wp\/v2\/types\/page"}],"author":[{"embeddable":true,"href":"https:\/\/3dviewjanssen.com\/en\/wp-json\/wp\/v2\/users\/1"}],"replies":[{"embeddable":true,"href":"https:\/\/3dviewjanssen.com\/en\/wp-json\/wp\/v2\/comments?post=3128"}],"version-history":[{"count":6,"href":"https:\/\/3dviewjanssen.com\/en\/wp-json\/wp\/v2\/pages\/3128\/revisions"}],"predecessor-version":[{"id":3537,"href":"https:\/\/3dviewjanssen.com\/en\/wp-json\/wp\/v2\/pages\/3128\/revisions\/3537"}],"up":[{"embeddable":true,"href":"https:\/\/3dviewjanssen.com\/en\/wp-json\/wp\/v2\/pages\/3098"}],"wp:attachment":[{"href":"https:\/\/3dviewjanssen.com\/en\/wp-json\/wp\/v2\/media?parent=3128"}],"curies":[{"name":"wp","href":"https:\/\/api.w.org\/{rel}","templated":true}]}}