{"id":2487,"date":"2025-06-06T11:54:37","date_gmt":"2025-06-06T11:54:37","guid":{"rendered":"https:\/\/gold-trout-569347.hostingersite.com\/?page_id=2487"},"modified":"2026-01-18T10:50:04","modified_gmt":"2026-01-18T10:50:04","slug":"newsletter","status":"publish","type":"page","link":"https:\/\/3dviewjanssen.com\/hu\/home\/newsletter\/","title":{"rendered":"H\u00edrlev\u00e9l"},"content":{"rendered":"<figure class=\"wp-block-image alignright size-full is-resized\"><img loading=\"lazy\" decoding=\"async\" width=\"144\" height=\"96\" src=\"https:\/\/3dviewjanssen.com\/wp-content\/uploads\/2026\/01\/Logo_Farbig_Web.jpg\" alt=\"\" class=\"wp-image-3499\" style=\"width:179px;height:auto\" srcset=\"https:\/\/3dviewjanssen.com\/wp-content\/uploads\/2026\/01\/Logo_Farbig_Web.jpg 144w, https:\/\/3dviewjanssen.com\/wp-content\/uploads\/2026\/01\/Logo_Farbig_Web-18x12.jpg 18w\" sizes=\"auto, (max-width: 144px) 100vw, 144px\" \/><figcaption class=\"wp-element-caption\"><a href=\"https:\/\/3dviewjanssen.com\/hu\/home\/start\/\">Vissza...<\/a><\/figcaption><\/figure>\n\n\n\n<p><br><br><\/p>\n\n\n\n<p><br><\/p>\n\n\n\n<p>Kattintson be - ingyenesen, k\u00f6telezetts\u00e9g n\u00e9lk\u00fcl &amp; mindig <br>egy kis extr\u00e1val az \u00d6n sz\u00e1m\u00e1ra! \ud83d\ude80<\/p>\n\n\n\n<p>\ud83d\udc8c <strong>Legyen a r\u00e9szese - h\u00edrlevel\u00fcnk \u00d6nnek!<\/strong><br>Nem akarsz lemaradni semmir\u0151l? Akkor kapja meg h\u00edreinket egyenesen a postal\u00e1d\u00e1j\u00e1ba, \u00e9s legyen V.I.P. \u00fcgyf\u00e9l.<br>\u2728 Izgalmas betekint\u00e9s<br>\u2728 Exkluz\u00edv prom\u00f3ci\u00f3k<br>\u2728 Tippek, amelyek val\u00f3ban k\u00fcl\u00f6nbs\u00e9get tesznek<\/p>\n\n\n\n<p>V.I.P \u00fcgyf\u00e9lk\u00e9nt minden \u00faj aj\u00e1nlatot el\u0151sz\u00f6r k\u00f6zvetlen\u00fcl a V.I.P \u00fcgyfelek sz\u00e1m\u00e1ra jelent\u00fcnk be.<br>\u00e9s csak ezut\u00e1n teszik k\u00f6zz\u00e9 \u0151ket. <\/p>","protected":false},"excerpt":{"rendered":"<p>Klick dich rein \u2013 kostenlos, unverbindlich &amp; immer mit einem kleinen Extra f\u00fcr dich! \ud83d\ude80 \ud83d\udc8c Sei dabei \u2013 unser Newsletter f\u00fcr dich!Du willst nichts mehr verpassen? Dann schnapp Dir unsere News direkt ins Postfach und werde V.I.P &#8211; Kunde.\u2728 Spannende Einblicke\u2728 Exklusive Aktionen\u2728 Tipps, die wirklich was bringen Als V.I.P-Kunde werden alle neuen Angebote [&hellip;]<\/p>\n","protected":false},"author":1,"featured_media":0,"parent":906,"menu_order":1,"comment_status":"closed","ping_status":"closed","template":"","meta":{"_uag_custom_page_level_css":"","site-sidebar-layout":"default","site-content-layout":"","ast-site-content-layout":"default","site-content-style":"default","site-sidebar-style":"default","ast-global-header-display":"","ast-banner-title-visibility":"","ast-main-header-display":"","ast-hfb-above-header-display":"","ast-hfb-below-header-display":"","ast-hfb-mobile-header-display":"","site-post-title":"","ast-breadcrumbs-content":"","ast-featured-img":"","footer-sml-layout":"","ast-disable-related-posts":"","theme-transparent-header-meta":"","adv-header-id-meta":"","stick-header-meta":"","header-above-stick-meta":"","header-main-stick-meta":"","header-below-stick-meta":"","astra-migrate-meta-layouts":"set","ast-page-background-enabled":"default","ast-page-background-meta":{"desktop":{"background-color":"","background-image":"","background-repeat":"repeat","background-position":"center center","background-size":"auto","background-attachment":"scroll","background-type":"","background-media":"","overlay-type":"","overlay-color":"","overlay-opacity":"","overlay-gradient":""},"tablet":{"background-color":"","background-image":"","background-repeat":"repeat","background-position":"center center","background-size":"auto","background-attachment":"scroll","background-type":"","background-media":"","overlay-type":"","overlay-color":"","overlay-opacity":"","overlay-gradient":""},"mobile":{"background-color":"","background-image":"","background-repeat":"repeat","background-position":"center center","background-size":"auto","background-attachment":"scroll","background-type":"","background-media":"","overlay-type":"","overlay-color":"","overlay-opacity":"","overlay-gradient":""}},"ast-content-background-meta":{"desktop":{"background-color":"var(--ast-global-color-5)","background-image":"","background-repeat":"repeat","background-position":"center center","background-size":"auto","background-attachment":"scroll","background-type":"","background-media":"","overlay-type":"","overlay-color":"","overlay-opacity":"","overlay-gradient":""},"tablet":{"background-color":"var(--ast-global-color-5)","background-image":"","background-repeat":"repeat","background-position":"center center","background-size":"auto","background-attachment":"scroll","background-type":"","background-media":"","overlay-type":"","overlay-color":"","overlay-opacity":"","overlay-gradient":""},"mobile":{"background-color":"var(--ast-global-color-5)","background-image":"","background-repeat":"repeat","background-position":"center center","background-size":"auto","background-attachment":"scroll","background-type":"","background-media":"","overlay-type":"","overlay-color":"","overlay-opacity":"","overlay-gradient":""}},"footnotes":""},"class_list":["post-2487","page","type-page","status-publish","hentry"],"aioseo_notices":[],"uagb_featured_image_src":{"full":false,"thumbnail":false,"medium":false,"medium_large":false,"large":false,"1536x1536":false,"2048x2048":false,"trp-custom-language-flag":false},"uagb_author_info":{"display_name":"dj23769@gmail.com","author_link":"https:\/\/3dviewjanssen.com\/hu\/author\/dj23769gmail-com\/"},"uagb_comment_info":0,"uagb_excerpt":"Klick dich rein \u2013 kostenlos, unverbindlich &amp; immer mit einem kleinen Extra f\u00fcr dich! \ud83d\ude80 \ud83d\udc8c Sei dabei \u2013 unser Newsletter f\u00fcr dich!Du willst nichts mehr verpassen? Dann schnapp Dir unsere News direkt ins Postfach und werde V.I.P &#8211; Kunde.\u2728 Spannende Einblicke\u2728 Exklusive Aktionen\u2728 Tipps, die wirklich was bringen Als V.I.P-Kunde werden alle neuen Angebote&hellip;","_links":{"self":[{"href":"https:\/\/3dviewjanssen.com\/hu\/wp-json\/wp\/v2\/pages\/2487","targetHints":{"allow":["GET"]}}],"collection":[{"href":"https:\/\/3dviewjanssen.com\/hu\/wp-json\/wp\/v2\/pages"}],"about":[{"href":"https:\/\/3dviewjanssen.com\/hu\/wp-json\/wp\/v2\/types\/page"}],"author":[{"embeddable":true,"href":"https:\/\/3dviewjanssen.com\/hu\/wp-json\/wp\/v2\/users\/1"}],"replies":[{"embeddable":true,"href":"https:\/\/3dviewjanssen.com\/hu\/wp-json\/wp\/v2\/comments?post=2487"}],"version-history":[{"count":7,"href":"https:\/\/3dviewjanssen.com\/hu\/wp-json\/wp\/v2\/pages\/2487\/revisions"}],"predecessor-version":[{"id":3507,"href":"https:\/\/3dviewjanssen.com\/hu\/wp-json\/wp\/v2\/pages\/2487\/revisions\/3507"}],"up":[{"embeddable":true,"href":"https:\/\/3dviewjanssen.com\/hu\/wp-json\/wp\/v2\/pages\/906"}],"wp:attachment":[{"href":"https:\/\/3dviewjanssen.com\/hu\/wp-json\/wp\/v2\/media?parent=2487"}],"curies":[{"name":"wp","href":"https:\/\/api.w.org\/{rel}","templated":true}]}}