{"id":2587,"date":"2025-06-16T10:53:29","date_gmt":"2025-06-16T10:53:29","guid":{"rendered":"https:\/\/3dviewjanssen.com\/?page_id=2587"},"modified":"2026-02-20T18:21:14","modified_gmt":"2026-02-20T18:21:14","slug":"40002-2","status":"publish","type":"page","link":"https:\/\/3dviewjanssen.com\/hu\/home\/start\/log-in\/kundenliste\/40002-2\/","title":{"rendered":"40002 \u00dcgyf\u00e9l men\u00fc"},"content":{"rendered":"<figure class=\"wp-block-image alignright size-full is-resized\"><img loading=\"lazy\" decoding=\"async\" width=\"512\" height=\"512\" src=\"https:\/\/3dviewjanssen.com\/wp-content\/uploads\/2026\/01\/cropped-Logo_Farbig_Web.jpg\" alt=\"\" class=\"wp-image-3504\" style=\"width:113px;height:auto\" srcset=\"https:\/\/3dviewjanssen.com\/wp-content\/uploads\/2026\/01\/cropped-Logo_Farbig_Web.jpg 512w, https:\/\/3dviewjanssen.com\/wp-content\/uploads\/2026\/01\/cropped-Logo_Farbig_Web-300x300.jpg 300w, https:\/\/3dviewjanssen.com\/wp-content\/uploads\/2026\/01\/cropped-Logo_Farbig_Web-150x150.jpg 150w, https:\/\/3dviewjanssen.com\/wp-content\/uploads\/2026\/01\/cropped-Logo_Farbig_Web-12x12.jpg 12w, https:\/\/3dviewjanssen.com\/wp-content\/uploads\/2026\/01\/cropped-Logo_Farbig_Web-270x270.jpg 270w, https:\/\/3dviewjanssen.com\/wp-content\/uploads\/2026\/01\/cropped-Logo_Farbig_Web-192x192.jpg 192w, https:\/\/3dviewjanssen.com\/wp-content\/uploads\/2026\/01\/cropped-Logo_Farbig_Web-180x180.jpg 180w, https:\/\/3dviewjanssen.com\/wp-content\/uploads\/2026\/01\/cropped-Logo_Farbig_Web-32x32.jpg 32w\" sizes=\"auto, (max-width: 512px) 100vw, 512px\" \/><figcaption class=\"wp-element-caption\"><a href=\"https:\/\/3dviewjanssen.com\/hu\/home\/start\/log-in\/\" title=\"\">Kijelentkez\u00e9s...<\/a><\/figcaption><\/figure>\n\n\n\n<p class=\"has-text-align-center\"><br><br><br><br><br><br><br><br><strong>Tartalomjegyz\u00e9k<\/strong><\/p>\n\n\n\n<p><a href=\"https:\/\/3dviewjanssen.com\/hu\/home\/start\/log-in\/kundenliste\/40002-2\/40002-objekt-liste\/\" target=\"_blank\" rel=\"noreferrer noopener\">Hirdet\u00e9sek list\u00e1ja<\/a><\/p>\n\n\n\n<p><a href=\"https:\/\/3dviewjanssen.com\/hu\/home\/start\/log-in\/kundenliste\/kd-id40002\/40002-objekt-expose\/\" title=\"\">A leleplez\u00e9sek list\u00e1ja<\/a><\/p>\n\n\n\n<p><a href=\"https:\/\/3dviewjanssen.com\/hu\/home\/start\/log-in\/kundenliste\/kd-id40002\/40002-objekt-3d-rundgang\/\" title=\"\">A 360-as t\u00fara list\u00e1ja<\/a><\/p>\n\n\n\n<p><a href=\"https:\/\/3dviewjanssen.com\/hu\/home\/start\/log-in\/kundenliste\/kd-id40002\/40002-objekt-information\/\" title=\"\">Az \u00e9p\u00fcletre vonatkoz\u00f3 inform\u00e1ci\u00f3k jegyz\u00e9ke<\/a><\/p>\n\n\n\n<p><a href=\"https:\/\/3dviewjanssen.com\/hu\/home\/start\/log-in\/kundenliste\/40002-2\/40002-neues-objekt-eintragen\/\">\u00daj tulajdons\u00e1gok regisztr\u00e1l\u00e1sa<\/a><\/p>\n\n\n\n<p><\/p>","protected":false},"excerpt":{"rendered":"<p>Inhaltsverzeichnis Liste der Inserate Liste der Expos\u00e9 Liste der 360 Rundgang Liste der Geb\u00e4udeinformation Neue Immobilien eintragen<\/p>","protected":false},"author":2,"featured_media":0,"parent":2498,"menu_order":2,"comment_status":"closed","ping_status":"closed","template":"","meta":{"_uag_custom_page_level_css":"","site-sidebar-layout":"default","site-content-layout":"","ast-site-content-layout":"default","site-content-style":"default","site-sidebar-style":"default","ast-global-header-display":"","ast-banner-title-visibility":"","ast-main-header-display":"","ast-hfb-above-header-display":"","ast-hfb-below-header-display":"","ast-hfb-mobile-header-display":"","site-post-title":"","ast-breadcrumbs-content":"","ast-featured-img":"","footer-sml-layout":"","ast-disable-related-posts":"","theme-transparent-header-meta":"","adv-header-id-meta":"","stick-header-meta":"","header-above-stick-meta":"","header-main-stick-meta":"","header-below-stick-meta":"","astra-migrate-meta-layouts":"set","ast-page-background-enabled":"default","ast-page-background-meta":{"desktop":{"background-color":"","background-image":"","background-repeat":"repeat","background-position":"center center","background-size":"auto","background-attachment":"scroll","background-type":"","background-media":"","overlay-type":"","overlay-color":"","overlay-opacity":"","overlay-gradient":""},"tablet":{"background-color":"","background-image":"","background-repeat":"repeat","background-position":"center center","background-size":"auto","background-attachment":"scroll","background-type":"","background-media":"","overlay-type":"","overlay-color":"","overlay-opacity":"","overlay-gradient":""},"mobile":{"background-color":"","background-image":"","background-repeat":"repeat","background-position":"center center","background-size":"auto","background-attachment":"scroll","background-type":"","background-media":"","overlay-type":"","overlay-color":"","overlay-opacity":"","overlay-gradient":""}},"ast-content-background-meta":{"desktop":{"background-color":"var(--ast-global-color-5)","background-image":"","background-repeat":"repeat","background-position":"center center","background-size":"auto","background-attachment":"scroll","background-type":"","background-media":"","overlay-type":"","overlay-color":"","overlay-opacity":"","overlay-gradient":""},"tablet":{"background-color":"var(--ast-global-color-5)","background-image":"","background-repeat":"repeat","background-position":"center center","background-size":"auto","background-attachment":"scroll","background-type":"","background-media":"","overlay-type":"","overlay-color":"","overlay-opacity":"","overlay-gradient":""},"mobile":{"background-color":"var(--ast-global-color-5)","background-image":"","background-repeat":"repeat","background-position":"center center","background-size":"auto","background-attachment":"scroll","background-type":"","background-media":"","overlay-type":"","overlay-color":"","overlay-opacity":"","overlay-gradient":""}},"footnotes":""},"class_list":["post-2587","page","type-page","status-publish","hentry"],"aioseo_notices":[],"uagb_featured_image_src":{"full":false,"thumbnail":false,"medium":false,"medium_large":false,"large":false,"1536x1536":false,"2048x2048":false,"trp-custom-language-flag":false},"uagb_author_info":{"display_name":"Dirk Janssen","author_link":"https:\/\/3dviewjanssen.com\/hu\/author\/dirk\/"},"uagb_comment_info":0,"uagb_excerpt":"Inhaltsverzeichnis Liste der Inserate Liste der Expos\u00e9 Liste der 360 Rundgang Liste der Geb\u00e4udeinformation Neue Immobilien eintragen","_links":{"self":[{"href":"https:\/\/3dviewjanssen.com\/hu\/wp-json\/wp\/v2\/pages\/2587","targetHints":{"allow":["GET"]}}],"collection":[{"href":"https:\/\/3dviewjanssen.com\/hu\/wp-json\/wp\/v2\/pages"}],"about":[{"href":"https:\/\/3dviewjanssen.com\/hu\/wp-json\/wp\/v2\/types\/page"}],"author":[{"embeddable":true,"href":"https:\/\/3dviewjanssen.com\/hu\/wp-json\/wp\/v2\/users\/2"}],"replies":[{"embeddable":true,"href":"https:\/\/3dviewjanssen.com\/hu\/wp-json\/wp\/v2\/comments?post=2587"}],"version-history":[{"count":13,"href":"https:\/\/3dviewjanssen.com\/hu\/wp-json\/wp\/v2\/pages\/2587\/revisions"}],"predecessor-version":[{"id":3556,"href":"https:\/\/3dviewjanssen.com\/hu\/wp-json\/wp\/v2\/pages\/2587\/revisions\/3556"}],"up":[{"embeddable":true,"href":"https:\/\/3dviewjanssen.com\/hu\/wp-json\/wp\/v2\/pages\/2498"}],"wp:attachment":[{"href":"https:\/\/3dviewjanssen.com\/hu\/wp-json\/wp\/v2\/media?parent=2587"}],"curies":[{"name":"wp","href":"https:\/\/api.w.org\/{rel}","templated":true}]}}