{"id":2613,"date":"2025-06-17T08:12:01","date_gmt":"2025-06-17T08:12:01","guid":{"rendered":"https:\/\/3dviewjanssen.com\/?page_id=2613"},"modified":"2026-04-12T10:40:10","modified_gmt":"2026-04-12T10:40:10","slug":"log-in","status":"publish","type":"page","link":"https:\/\/3dviewjanssen.com\/hu\/home\/start\/log-in\/","title":{"rendered":"Immo Bel\u00e9p\u00e9s"},"content":{"rendered":"<p><strong><em>f\u00fcr Immobilien Pr\u00e4sentationen<\/em><\/strong><\/p>\n\n\n\n<figure class=\"wp-block-image alignright size-full is-resized\"><img loading=\"lazy\" decoding=\"async\" width=\"512\" height=\"512\" src=\"https:\/\/3dviewjanssen.com\/wp-content\/uploads\/2026\/01\/cropped-Logo_Farbig_Web.jpg\" alt=\"\" class=\"wp-image-3504\" style=\"width:110px;height:auto\" srcset=\"https:\/\/3dviewjanssen.com\/wp-content\/uploads\/2026\/01\/cropped-Logo_Farbig_Web.jpg 512w, https:\/\/3dviewjanssen.com\/wp-content\/uploads\/2026\/01\/cropped-Logo_Farbig_Web-300x300.jpg 300w, https:\/\/3dviewjanssen.com\/wp-content\/uploads\/2026\/01\/cropped-Logo_Farbig_Web-150x150.jpg 150w, https:\/\/3dviewjanssen.com\/wp-content\/uploads\/2026\/01\/cropped-Logo_Farbig_Web-12x12.jpg 12w, https:\/\/3dviewjanssen.com\/wp-content\/uploads\/2026\/01\/cropped-Logo_Farbig_Web-270x270.jpg 270w, https:\/\/3dviewjanssen.com\/wp-content\/uploads\/2026\/01\/cropped-Logo_Farbig_Web-192x192.jpg 192w, https:\/\/3dviewjanssen.com\/wp-content\/uploads\/2026\/01\/cropped-Logo_Farbig_Web-180x180.jpg 180w, https:\/\/3dviewjanssen.com\/wp-content\/uploads\/2026\/01\/cropped-Logo_Farbig_Web-32x32.jpg 32w\" sizes=\"auto, (max-width: 512px) 100vw, 512px\" \/><figcaption class=\"wp-element-caption\"><a href=\"https:\/\/3dviewjanssen.com\/hu\/home\/start\/\">Vissza...<\/a><\/figcaption><\/figure>\n\n\n\n<p><br><br><br><br><br>\ud83d\udd11 <strong>Az \u00d6n hozz\u00e1f\u00e9r\u00e9se az \u00fcgyf\u00e9lport\u00e1lhoz<\/strong><br>Jelentkezzen be k\u00e9nyelmesen a szem\u00e9lyes \u00fcgyf\u00e9lport\u00e1lj\u00e1ra a k\u00f6vetkez\u0151 c\u00edmen <strong>Energiekontor Janssen<\/strong> \u00e9s b\u00e1rmikor hozz\u00e1f\u00e9rhet dokumentumaihoz, szerz\u0151d\u00e9seihez \u00e9s sz\u00e1ml\u00e1ihoz.<\/p>\n\n\n\n<p>\ud83d\udc49 Egyszer\u0171en jelentkezzen be, tartsa szem el\u0151tt \u00e9s haszn\u00e1lja az \u00f6sszes szolg\u00e1ltat\u00e1st egy helyen.<\/p>\n\n\n    \n    <form method=\"post\" action=\"\" data-trp-original-action=\"\">\n        <label for=\"kd_benutzer\">Felhaszn\u00e1l\u00f3i n\u00e9v:<\/label><br>\n        <input type=\"text\" name=\"kd_benutzer\" id=\"kd_benutzer\" required><br><br>\n\n        <label for=\"kd_passwort\">Jelsz\u00f3:<\/label><br>\n        <input type=\"password\" name=\"kd_passwort\" id=\"kd_passwort\" required><br><br>\n\n        <input type=\"submit\" name=\"custom_login_submit\" value=\"Bejelentkez\u00e9s\">\n    <input type=\"hidden\" name=\"trp-form-language\" value=\"hu\"\/><\/form>\n    \n\n\n\n<p><br>Ha m\u00e9g nem regisztr\u00e1lt, el\u0151sz\u00f6r itt kell regisztr\u00e1lnia. <br><br><a href=\"https:\/\/3dviewjanssen.com\/hu\/home\/start\/log-in\/kundenregistrierung\/\" target=\"_blank\" rel=\"noreferrer noopener\">regisztr\u00e1ljon...<\/a><\/p>\n\n\n\n<p><\/p>\n\n\n\n<p><\/p>","protected":false},"excerpt":{"rendered":"<p>f\u00fcr Immobilien Pr\u00e4sentationen \ud83d\udd11 Ihr Zugang zum KundenportalLoggen Sie sich bequem in Ihr pers\u00f6nliches Kundenportal von Energiekontor Janssen ein und greifen Sie jederzeit auf Ihre Dokumente, Vertr\u00e4ge und Abrechnungen zu. \ud83d\udc49 Einfach anmelden, \u00dcberblick behalten und alle Services an einem Ort nutzen. Wenn Du Dich noch nicht registriert hast, solltest Du erst mal hier registrieren&#8230;<\/p>","protected":false},"author":2,"featured_media":0,"parent":2514,"menu_order":6,"comment_status":"closed","ping_status":"closed","template":"","meta":{"_uag_custom_page_level_css":"","site-sidebar-layout":"default","site-content-layout":"","ast-site-content-layout":"default","site-content-style":"default","site-sidebar-style":"default","ast-global-header-display":"","ast-banner-title-visibility":"","ast-main-header-display":"","ast-hfb-above-header-display":"","ast-hfb-below-header-display":"","ast-hfb-mobile-header-display":"","site-post-title":"","ast-breadcrumbs-content":"","ast-featured-img":"","footer-sml-layout":"","ast-disable-related-posts":"","theme-transparent-header-meta":"","adv-header-id-meta":"","stick-header-meta":"","header-above-stick-meta":"","header-main-stick-meta":"","header-below-stick-meta":"","astra-migrate-meta-layouts":"set","ast-page-background-enabled":"default","ast-page-background-meta":{"desktop":{"background-color":"","background-image":"","background-repeat":"repeat","background-position":"center center","background-size":"auto","background-attachment":"scroll","background-type":"","background-media":"","overlay-type":"","overlay-color":"","overlay-opacity":"","overlay-gradient":""},"tablet":{"background-color":"","background-image":"","background-repeat":"repeat","background-position":"center center","background-size":"auto","background-attachment":"scroll","background-type":"","background-media":"","overlay-type":"","overlay-color":"","overlay-opacity":"","overlay-gradient":""},"mobile":{"background-color":"","background-image":"","background-repeat":"repeat","background-position":"center center","background-size":"auto","background-attachment":"scroll","background-type":"","background-media":"","overlay-type":"","overlay-color":"","overlay-opacity":"","overlay-gradient":""}},"ast-content-background-meta":{"desktop":{"background-color":"var(--ast-global-color-5)","background-image":"","background-repeat":"repeat","background-position":"center center","background-size":"auto","background-attachment":"scroll","background-type":"","background-media":"","overlay-type":"","overlay-color":"","overlay-opacity":"","overlay-gradient":""},"tablet":{"background-color":"var(--ast-global-color-5)","background-image":"","background-repeat":"repeat","background-position":"center center","background-size":"auto","background-attachment":"scroll","background-type":"","background-media":"","overlay-type":"","overlay-color":"","overlay-opacity":"","overlay-gradient":""},"mobile":{"background-color":"var(--ast-global-color-5)","background-image":"","background-repeat":"repeat","background-position":"center center","background-size":"auto","background-attachment":"scroll","background-type":"","background-media":"","overlay-type":"","overlay-color":"","overlay-opacity":"","overlay-gradient":""}},"footnotes":""},"class_list":["post-2613","page","type-page","status-publish","hentry"],"aioseo_notices":[],"uagb_featured_image_src":{"full":false,"thumbnail":false,"medium":false,"medium_large":false,"large":false,"1536x1536":false,"2048x2048":false,"trp-custom-language-flag":false},"uagb_author_info":{"display_name":"Dirk Janssen","author_link":"https:\/\/3dviewjanssen.com\/hu\/author\/dirk\/"},"uagb_comment_info":0,"uagb_excerpt":"f\u00fcr Immobilien Pr\u00e4sentationen \ud83d\udd11 Ihr Zugang zum KundenportalLoggen Sie sich bequem in Ihr pers\u00f6nliches Kundenportal von Energiekontor Janssen ein und greifen Sie jederzeit auf Ihre Dokumente, Vertr\u00e4ge und Abrechnungen zu. \ud83d\udc49 Einfach anmelden, \u00dcberblick behalten und alle Services an einem Ort nutzen. Wenn Du Dich noch nicht registriert hast, solltest Du erst mal hier registrieren&#8230;","_links":{"self":[{"href":"https:\/\/3dviewjanssen.com\/hu\/wp-json\/wp\/v2\/pages\/2613","targetHints":{"allow":["GET"]}}],"collection":[{"href":"https:\/\/3dviewjanssen.com\/hu\/wp-json\/wp\/v2\/pages"}],"about":[{"href":"https:\/\/3dviewjanssen.com\/hu\/wp-json\/wp\/v2\/types\/page"}],"author":[{"embeddable":true,"href":"https:\/\/3dviewjanssen.com\/hu\/wp-json\/wp\/v2\/users\/2"}],"replies":[{"embeddable":true,"href":"https:\/\/3dviewjanssen.com\/hu\/wp-json\/wp\/v2\/comments?post=2613"}],"version-history":[{"count":13,"href":"https:\/\/3dviewjanssen.com\/hu\/wp-json\/wp\/v2\/pages\/2613\/revisions"}],"predecessor-version":[{"id":3579,"href":"https:\/\/3dviewjanssen.com\/hu\/wp-json\/wp\/v2\/pages\/2613\/revisions\/3579"}],"up":[{"embeddable":true,"href":"https:\/\/3dviewjanssen.com\/hu\/wp-json\/wp\/v2\/pages\/2514"}],"wp:attachment":[{"href":"https:\/\/3dviewjanssen.com\/hu\/wp-json\/wp\/v2\/media?parent=2613"}],"curies":[{"name":"wp","href":"https:\/\/api.w.org\/{rel}","templated":true}]}}