{"id":3031,"date":"2025-07-29T10:26:36","date_gmt":"2025-07-29T10:26:36","guid":{"rendered":"https:\/\/3dviewjanssen.com\/?page_id=3031"},"modified":"2026-01-18T10:55:08","modified_gmt":"2026-01-18T10:55:08","slug":"ergebnis-wertermittlung-de","status":"publish","type":"page","link":"https:\/\/3dviewjanssen.com\/hu\/home\/start\/immobilien\/wertermittlung\/wertermittlung_de\/ergebnis-wertermittlung-de\/","title":{"rendered":"Az \u00e9rt\u00e9kel\u00e9s eredm\u00e9nye DE"},"content":{"rendered":"<figure class=\"wp-block-image alignright size-full is-resized\"><img loading=\"lazy\" decoding=\"async\" width=\"144\" height=\"96\" src=\"https:\/\/3dviewjanssen.com\/wp-content\/uploads\/2026\/01\/Logo_Farbig_Web.jpg\" alt=\"\" class=\"wp-image-3499\" style=\"width:110px;height:auto\" srcset=\"https:\/\/3dviewjanssen.com\/wp-content\/uploads\/2026\/01\/Logo_Farbig_Web.jpg 144w, https:\/\/3dviewjanssen.com\/wp-content\/uploads\/2026\/01\/Logo_Farbig_Web-18x12.jpg 18w\" sizes=\"auto, (max-width: 144px) 100vw, 144px\" \/><figcaption class=\"wp-element-caption\"><a href=\"https:\/\/3dviewjanssen.com\/hu\/home\/start\/\">Vissza...<\/a><\/figcaption><\/figure>\n\n\n\n<p><br><br><br><br><br>Az al\u00e1bbi inform\u00e1ci\u00f3k a 16 n\u00e9met sz\u00f6vets\u00e9gi \u00e1llamban megl\u00e9v\u0151 ingatlanok jelenlegi \u00e1tlagos \u00e9rt\u00e9k\u00e9n (\u20ac\/m\u00b2) alapulnak. Az adatok piaci elemz\u00e9sekb\u0151l sz\u00e1rmaznak (ingatlanport\u00e1lokon szerepl\u0151 elad\u00e1si \u00e1rak) - az inform\u00e1ci\u00f3k 2025. j\u00faliusi \u00e1llapot\u00faak \u00e9s folyamatosan friss\u00fclnek. Ezenk\u00edv\u00fcl csak a m\u0171szaki r\u00e9szleteket veszik figyelembe. A gazdas\u00e1gi szempontokat az \u00d6n p\u00e9nz\u00fcgyi tan\u00e1csad\u00f3ja vagy ingatlan\u00fcgyn\u00f6ke tudja ismertetni.<\/p>\n\n\n<style>.wertermittlung p { margin:3px 0; }<\/style><div class='wertermittlung' style='font-family:Arial, sans-serif; text-align:left; line-height:1.2;'><h2>Utols\u00f3 \u00e9rt\u00e9kel\u00e9s (ID 41)<\/h2><p><strong>Megnevez\u00e9s:<\/strong> EFH Musterstrasse<\/p><p><strong>Utca:<\/strong> Minta utca<\/p><p><strong>POSTAC\u00cdM:<\/strong> 23758<\/p><p><strong>Helysz\u00edn:<\/strong> Mintav\u00e1ros<\/p><p><strong>Az \u00e9p\u00edt\u00e9s \u00e9ve:<\/strong> 1985<\/p><p><strong>Lak\u00f3t\u00e9r:<\/strong> 99.00 m\u00b2<\/p><p><strong>Lak\u00f3egys\u00e9gek:<\/strong> 2<\/p><p><strong>Ter\u00fclet:<\/strong> 990.00 m\u00b2<\/p><p><strong>B\u00e9rl\u00e9s:<\/strong> 750.00 \u20ac<\/p><p><strong>M\u0171k\u00f6d\u00e9si k\u00f6lts\u00e9gek:<\/strong> 230.00 \u20ac<\/p><hr><h3>Sz\u00e1m\u00edt\u00e1si l\u00e9p\u00e9sek<\/h3><p><strong>Alap\u00e9rt\u00e9k:<\/strong> 94.050,00 \u20ac<\/p><p><strong>Helysz\u00edn \u00e9rt\u00e9ke:<\/strong> 24.576,00 \u20ac<\/p><p><strong>\u00c9letkori t\u00e9nyez\u0151:<\/strong> 0,25<\/p><p><strong>Az ingatlan kora:<\/strong> 40 \u00e9v<\/p><p><strong>Lakoss\u00e1gi \u00e9rt\u00e9k:<\/strong> 58.137,75 \u20ac<\/p><p><strong>Berendez\u00e9s \u00e9rt\u00e9ke:<\/strong> 65.469,49 \u20ac<\/p><hr><p style='font-size:1.5em; color:green; text-align:center;'>\n                    <strong>Az ingatlan becs\u00fclt \u00e9rt\u00e9ke: 243 000 eur\u00f3.<\/strong>\n                  <\/p><\/div><p style='font-size:0.8em; color:gray;'>1.5.0 verzi\u00f3 (SQL-CTE-vel)<\/p>\n\n\n\n<p><br><\/p>\n\n\n<p>\u2705 Az \u00e9rt\u00e9kel\u00e9s sikeresen befejez\u0151d\u00f6tt: <a href='https:\/\/3dviewjanssen.com\/wp-content\/uploads\/wertermittlung_de_1776412982.pdf' target='_blank'>PDF megnyit\u00e1sa<\/a><\/p>","protected":false},"excerpt":{"rendered":"<p>Az al\u00e1bbi inform\u00e1ci\u00f3k a 16 n\u00e9met sz\u00f6vets\u00e9gi \u00e1llamban megl\u00e9v\u0151 ingatlanok jelenlegi \u00e1tlagos \u00e9rt\u00e9k\u00e9n (\u20ac\/m\u00b2) alapulnak. Az adatok piaci elemz\u00e9sekb\u0151l sz\u00e1rmaznak (ingatlanport\u00e1lokon szerepl\u0151 elad\u00e1si \u00e1rak) - az inform\u00e1ci\u00f3k 2025. j\u00faliusi \u00e1llapot\u00faak \u00e9s folyamatosan friss\u00fclnek. Ezenk\u00edv\u00fcl csak a m\u0171szaki r\u00e9szleteket veszik figyelembe. A gazdas\u00e1gi szempontokat az \u00d6n p\u00e9nz\u00fcgyi tan\u00e1csad\u00f3ja vagy ingatlan\u00fcgyn\u00f6ke tudja ismertetni.<\/p>","protected":false},"author":1,"featured_media":0,"parent":2981,"menu_order":2,"comment_status":"closed","ping_status":"closed","template":"","meta":{"_uag_custom_page_level_css":"","site-sidebar-layout":"default","site-content-layout":"","ast-site-content-layout":"default","site-content-style":"default","site-sidebar-style":"default","ast-global-header-display":"","ast-banner-title-visibility":"","ast-main-header-display":"","ast-hfb-above-header-display":"","ast-hfb-below-header-display":"","ast-hfb-mobile-header-display":"","site-post-title":"","ast-breadcrumbs-content":"","ast-featured-img":"","footer-sml-layout":"","ast-disable-related-posts":"","theme-transparent-header-meta":"","adv-header-id-meta":"","stick-header-meta":"","header-above-stick-meta":"","header-main-stick-meta":"","header-below-stick-meta":"","astra-migrate-meta-layouts":"set","ast-page-background-enabled":"default","ast-page-background-meta":{"desktop":{"background-color":"","background-image":"","background-repeat":"repeat","background-position":"center center","background-size":"auto","background-attachment":"scroll","background-type":"","background-media":"","overlay-type":"","overlay-color":"","overlay-opacity":"","overlay-gradient":""},"tablet":{"background-color":"","background-image":"","background-repeat":"repeat","background-position":"center center","background-size":"auto","background-attachment":"scroll","background-type":"","background-media":"","overlay-type":"","overlay-color":"","overlay-opacity":"","overlay-gradient":""},"mobile":{"background-color":"","background-image":"","background-repeat":"repeat","background-position":"center center","background-size":"auto","background-attachment":"scroll","background-type":"","background-media":"","overlay-type":"","overlay-color":"","overlay-opacity":"","overlay-gradient":""}},"ast-content-background-meta":{"desktop":{"background-color":"var(--ast-global-color-5)","background-image":"","background-repeat":"repeat","background-position":"center center","background-size":"auto","background-attachment":"scroll","background-type":"","background-media":"","overlay-type":"","overlay-color":"","overlay-opacity":"","overlay-gradient":""},"tablet":{"background-color":"var(--ast-global-color-5)","background-image":"","background-repeat":"repeat","background-position":"center center","background-size":"auto","background-attachment":"scroll","background-type":"","background-media":"","overlay-type":"","overlay-color":"","overlay-opacity":"","overlay-gradient":""},"mobile":{"background-color":"var(--ast-global-color-5)","background-image":"","background-repeat":"repeat","background-position":"center center","background-size":"auto","background-attachment":"scroll","background-type":"","background-media":"","overlay-type":"","overlay-color":"","overlay-opacity":"","overlay-gradient":""}},"footnotes":""},"class_list":["post-3031","page","type-page","status-publish","hentry"],"aioseo_notices":[],"uagb_featured_image_src":{"full":false,"thumbnail":false,"medium":false,"medium_large":false,"large":false,"1536x1536":false,"2048x2048":false,"trp-custom-language-flag":false},"uagb_author_info":{"display_name":"dj23769@gmail.com","author_link":"https:\/\/3dviewjanssen.com\/hu\/author\/dj23769gmail-com\/"},"uagb_comment_info":0,"uagb_excerpt":"Die folgenden Angaben basieren auf den aktuellen Durchschnittswerte (\u20ac\/m\u00b2) f\u00fcr Bestandsimmobilien in den 16 deutschen Bundesl\u00e4ndern. Die Daten stammen aus Marktanalysen (Angebotspreise auf Immobilienportalen) \u2013 Stand der Angaben ist Juli 2025 und wird kontinuierlich aktualisiert. Weiterhin sind nur technische Details ber\u00fccksichtigt. Die wirtschaftlichen Aspekte kann Ihr Finanzberater bzw. Immoblienmakler erl\u00e4utern.","_links":{"self":[{"href":"https:\/\/3dviewjanssen.com\/hu\/wp-json\/wp\/v2\/pages\/3031","targetHints":{"allow":["GET"]}}],"collection":[{"href":"https:\/\/3dviewjanssen.com\/hu\/wp-json\/wp\/v2\/pages"}],"about":[{"href":"https:\/\/3dviewjanssen.com\/hu\/wp-json\/wp\/v2\/types\/page"}],"author":[{"embeddable":true,"href":"https:\/\/3dviewjanssen.com\/hu\/wp-json\/wp\/v2\/users\/1"}],"replies":[{"embeddable":true,"href":"https:\/\/3dviewjanssen.com\/hu\/wp-json\/wp\/v2\/comments?post=3031"}],"version-history":[{"count":34,"href":"https:\/\/3dviewjanssen.com\/hu\/wp-json\/wp\/v2\/pages\/3031\/revisions"}],"predecessor-version":[{"id":3517,"href":"https:\/\/3dviewjanssen.com\/hu\/wp-json\/wp\/v2\/pages\/3031\/revisions\/3517"}],"up":[{"embeddable":true,"href":"https:\/\/3dviewjanssen.com\/hu\/wp-json\/wp\/v2\/pages\/2981"}],"wp:attachment":[{"href":"https:\/\/3dviewjanssen.com\/hu\/wp-json\/wp\/v2\/media?parent=3031"}],"curies":[{"name":"wp","href":"https:\/\/api.w.org\/{rel}","templated":true}]}}