{"id":3077,"date":"2025-08-19T12:51:02","date_gmt":"2025-08-19T12:51:02","guid":{"rendered":"https:\/\/3dviewjanssen.com\/?page_id=3077"},"modified":"2026-01-18T10:50:45","modified_gmt":"2026-01-18T10:50:45","slug":"immobilien","status":"publish","type":"page","link":"https:\/\/3dviewjanssen.com\/hu\/home\/start\/immobilien\/","title":{"rendered":"Ingatlanok"},"content":{"rendered":"<figure class=\"wp-block-image alignright size-full is-resized\"><img loading=\"lazy\" decoding=\"async\" width=\"144\" height=\"96\" src=\"https:\/\/3dviewjanssen.com\/wp-content\/uploads\/2026\/01\/Logo_Farbig_Web.jpg\" alt=\"\" class=\"wp-image-3499\" style=\"width:110px;height:auto\" srcset=\"https:\/\/3dviewjanssen.com\/wp-content\/uploads\/2026\/01\/Logo_Farbig_Web.jpg 144w, https:\/\/3dviewjanssen.com\/wp-content\/uploads\/2026\/01\/Logo_Farbig_Web-18x12.jpg 18w\" sizes=\"auto, (max-width: 144px) 100vw, 144px\" \/><figcaption class=\"wp-element-caption\"><a href=\"https:\/\/3dviewjanssen.com\/hu\/home\/start\/\">Vissza...<\/a><\/figcaption><\/figure>\n\n\n\n<p><br><br><\/p>\n\n\n\n<p>\ud83c\udfe1 <strong>Teljes k\u00f6r\u0171 szolg\u00e1ltat\u00e1s az \u00d6n ingatlana sz\u00e1m\u00e1ra<\/strong><br>Legyen sz\u00f3 v\u00e1s\u00e1rl\u00e1sr\u00f3l, elad\u00e1sr\u00f3l, b\u00e9rbead\u00e1sr\u00f3l vagy \u00e9rt\u00e9kbecsl\u00e9sr\u0151l - minden ingatlanokkal kapcsolatos k\u00e9rd\u00e9sben az \u00d6n mellett \u00e1llunk. Tapasztalattal, szenved\u00e9llyel \u00e9s a r\u00e9szletekre val\u00f3 odafigyel\u00e9ssel t\u00e1mogatjuk \u00d6nt az els\u0151 tal\u00e1lkoz\u00e1st\u00f3l a tranzakci\u00f3 sikeres lebonyol\u00edt\u00e1s\u00e1ig.<\/p>\n\n\n\n<p>Ak\u00e1r \u00e1lmai ingatlan\u00e1t keresi, ak\u00e1r a lehet\u0151 legjobb m\u00f3don szeretn\u00e9 \u00e9rt\u00e9kes\u00edteni ingatlan\u00e1t, vagy egyszer\u0171en csak \u0151szinte tan\u00e1csra van sz\u00fcks\u00e9ge - n\u00e1lunk j\u00f3 kezekben van.<\/p>\n\n\n\n<p>\ud83d\udc49 B\u00edzzon az \u00d6nt t\u00e1mogat\u00f3 szak\u00e9rtelemben - \u00edgy az ingatlan nem stresszt jelent az \u00d6n sz\u00e1m\u00e1ra, hanem el\u0151nyt.<\/p>\n\n\n\n<p><\/p>","protected":false},"excerpt":{"rendered":"<p>\ud83c\udfe1 Rundum-Service f\u00fcr deine ImmobilieOb Kauf, Verkauf, Vermietung oder Wertermittlung \u2013 wir stehen dir bei allen Fragen rund um Immobilien zur Seite. Mit Erfahrung, Leidenschaft und dem Blick f\u00fcrs Detail begleiten wir dich vom ersten Gespr\u00e4ch bis zum erfolgreichen Abschluss. Egal, ob du dein Traumobjekt suchst, deine Immobilie bestm\u00f6glich vermarkten m\u00f6chtest oder einfach eine ehrliche [&hellip;]<\/p>\n","protected":false},"author":1,"featured_media":0,"parent":2514,"menu_order":1,"comment_status":"closed","ping_status":"closed","template":"","meta":{"_uag_custom_page_level_css":"","site-sidebar-layout":"default","site-content-layout":"","ast-site-content-layout":"default","site-content-style":"default","site-sidebar-style":"default","ast-global-header-display":"","ast-banner-title-visibility":"","ast-main-header-display":"","ast-hfb-above-header-display":"","ast-hfb-below-header-display":"","ast-hfb-mobile-header-display":"","site-post-title":"","ast-breadcrumbs-content":"","ast-featured-img":"","footer-sml-layout":"","ast-disable-related-posts":"","theme-transparent-header-meta":"","adv-header-id-meta":"","stick-header-meta":"","header-above-stick-meta":"","header-main-stick-meta":"","header-below-stick-meta":"","astra-migrate-meta-layouts":"set","ast-page-background-enabled":"default","ast-page-background-meta":{"desktop":{"background-color":"","background-image":"","background-repeat":"repeat","background-position":"center center","background-size":"auto","background-attachment":"scroll","background-type":"","background-media":"","overlay-type":"","overlay-color":"","overlay-opacity":"","overlay-gradient":""},"tablet":{"background-color":"","background-image":"","background-repeat":"repeat","background-position":"center center","background-size":"auto","background-attachment":"scroll","background-type":"","background-media":"","overlay-type":"","overlay-color":"","overlay-opacity":"","overlay-gradient":""},"mobile":{"background-color":"","background-image":"","background-repeat":"repeat","background-position":"center center","background-size":"auto","background-attachment":"scroll","background-type":"","background-media":"","overlay-type":"","overlay-color":"","overlay-opacity":"","overlay-gradient":""}},"ast-content-background-meta":{"desktop":{"background-color":"var(--ast-global-color-5)","background-image":"","background-repeat":"repeat","background-position":"center center","background-size":"auto","background-attachment":"scroll","background-type":"","background-media":"","overlay-type":"","overlay-color":"","overlay-opacity":"","overlay-gradient":""},"tablet":{"background-color":"var(--ast-global-color-5)","background-image":"","background-repeat":"repeat","background-position":"center center","background-size":"auto","background-attachment":"scroll","background-type":"","background-media":"","overlay-type":"","overlay-color":"","overlay-opacity":"","overlay-gradient":""},"mobile":{"background-color":"var(--ast-global-color-5)","background-image":"","background-repeat":"repeat","background-position":"center center","background-size":"auto","background-attachment":"scroll","background-type":"","background-media":"","overlay-type":"","overlay-color":"","overlay-opacity":"","overlay-gradient":""}},"footnotes":""},"class_list":["post-3077","page","type-page","status-publish","hentry"],"aioseo_notices":[],"uagb_featured_image_src":{"full":false,"thumbnail":false,"medium":false,"medium_large":false,"large":false,"1536x1536":false,"2048x2048":false,"trp-custom-language-flag":false},"uagb_author_info":{"display_name":"dj23769@gmail.com","author_link":"https:\/\/3dviewjanssen.com\/hu\/author\/dj23769gmail-com\/"},"uagb_comment_info":0,"uagb_excerpt":"\ud83c\udfe1 Rundum-Service f\u00fcr deine ImmobilieOb Kauf, Verkauf, Vermietung oder Wertermittlung \u2013 wir stehen dir bei allen Fragen rund um Immobilien zur Seite. Mit Erfahrung, Leidenschaft und dem Blick f\u00fcrs Detail begleiten wir dich vom ersten Gespr\u00e4ch bis zum erfolgreichen Abschluss. Egal, ob du dein Traumobjekt suchst, deine Immobilie bestm\u00f6glich vermarkten m\u00f6chtest oder einfach eine ehrliche&hellip;","_links":{"self":[{"href":"https:\/\/3dviewjanssen.com\/hu\/wp-json\/wp\/v2\/pages\/3077","targetHints":{"allow":["GET"]}}],"collection":[{"href":"https:\/\/3dviewjanssen.com\/hu\/wp-json\/wp\/v2\/pages"}],"about":[{"href":"https:\/\/3dviewjanssen.com\/hu\/wp-json\/wp\/v2\/types\/page"}],"author":[{"embeddable":true,"href":"https:\/\/3dviewjanssen.com\/hu\/wp-json\/wp\/v2\/users\/1"}],"replies":[{"embeddable":true,"href":"https:\/\/3dviewjanssen.com\/hu\/wp-json\/wp\/v2\/comments?post=3077"}],"version-history":[{"count":5,"href":"https:\/\/3dviewjanssen.com\/hu\/wp-json\/wp\/v2\/pages\/3077\/revisions"}],"predecessor-version":[{"id":3509,"href":"https:\/\/3dviewjanssen.com\/hu\/wp-json\/wp\/v2\/pages\/3077\/revisions\/3509"}],"up":[{"embeddable":true,"href":"https:\/\/3dviewjanssen.com\/hu\/wp-json\/wp\/v2\/pages\/2514"}],"wp:attachment":[{"href":"https:\/\/3dviewjanssen.com\/hu\/wp-json\/wp\/v2\/media?parent=3077"}],"curies":[{"name":"wp","href":"https:\/\/api.w.org\/{rel}","templated":true}]}}