{"id":3079,"date":"2025-08-19T12:53:38","date_gmt":"2025-08-19T12:53:38","guid":{"rendered":"https:\/\/3dviewjanssen.com\/?page_id=3079"},"modified":"2026-02-20T18:08:41","modified_gmt":"2026-02-20T18:08:41","slug":"service","status":"publish","type":"page","link":"https:\/\/3dviewjanssen.com\/hu\/home\/start\/service\/","title":{"rendered":"Szolg\u00e1ltat\u00e1s"},"content":{"rendered":"<figure class=\"wp-block-image alignright size-full is-resized\"><img loading=\"lazy\" decoding=\"async\" width=\"512\" height=\"512\" src=\"https:\/\/3dviewjanssen.com\/wp-content\/uploads\/2026\/01\/cropped-Logo_Farbig_Web.jpg\" alt=\"\" class=\"wp-image-3504\" style=\"width:110px;height:auto\" srcset=\"https:\/\/3dviewjanssen.com\/wp-content\/uploads\/2026\/01\/cropped-Logo_Farbig_Web.jpg 512w, https:\/\/3dviewjanssen.com\/wp-content\/uploads\/2026\/01\/cropped-Logo_Farbig_Web-300x300.jpg 300w, https:\/\/3dviewjanssen.com\/wp-content\/uploads\/2026\/01\/cropped-Logo_Farbig_Web-150x150.jpg 150w, https:\/\/3dviewjanssen.com\/wp-content\/uploads\/2026\/01\/cropped-Logo_Farbig_Web-12x12.jpg 12w, https:\/\/3dviewjanssen.com\/wp-content\/uploads\/2026\/01\/cropped-Logo_Farbig_Web-270x270.jpg 270w, https:\/\/3dviewjanssen.com\/wp-content\/uploads\/2026\/01\/cropped-Logo_Farbig_Web-192x192.jpg 192w, https:\/\/3dviewjanssen.com\/wp-content\/uploads\/2026\/01\/cropped-Logo_Farbig_Web-180x180.jpg 180w, https:\/\/3dviewjanssen.com\/wp-content\/uploads\/2026\/01\/cropped-Logo_Farbig_Web-32x32.jpg 32w\" sizes=\"auto, (max-width: 512px) 100vw, 512px\" \/><figcaption class=\"wp-element-caption\"><a href=\"https:\/\/3dviewjanssen.com\/hu\/home\/start\/\">Vissza...<\/a><\/figcaption><\/figure>\n\n\n\n<p>\ud83d\udd27 <strong>Enenrgiekontor Janssen - R\u00e9szletes szolg\u00e1ltat\u00e1s a z\u00f6kken\u0151mentes folyamatok\u00e9rt<\/strong><\/p>\n\n\n\n<p>Az Energiekontor Janssenn\u00e9l nagy jelent\u0151s\u00e9get tulajdon\u00edtunk a k\u00f6vetkez\u0151knek <strong>Struktur\u00e1lt folyamatok \u00e9s \u00e1tl\u00e1that\u00f3 munkafolyamatok<\/strong>, hogy az \u00d6n projektje - legyen sz\u00f3 energetikai tan\u00e1csad\u00e1sr\u00f3l, fel\u00faj\u00edt\u00e1sr\u00f3l, fel\u00faj\u00edt\u00e1sr\u00f3l vagy pen\u00e9szv\u00e9delmi tan\u00e1csad\u00e1sr\u00f3l - hat\u00e9konyan val\u00f3suljon meg. Szolg\u00e1ltat\u00e1sunk mag\u00e1ban foglalja:<\/p>\n\n\n\n<ul class=\"wp-block-list\">\n<li><strong>Szem\u00e9lyre szabott tan\u00e1csad\u00e1s \u00e9s elemz\u00e9s:<\/strong> Pontosan r\u00f6gz\u00edtj\u00fck az \u00d6n ig\u00e9nyeit, \u00e9s ezek alapj\u00e1n szem\u00e9lyre szabott koncepci\u00f3t dolgozunk ki.<\/li>\n\n\n\n<li><strong>Tervez\u00e9s \u00e9s szervez\u00e9s:<\/strong> Az anyagv\u00e1laszt\u00e1st\u00f3l a hat\u00e1rid\u0151kig \u00e9s enged\u00e9lyekig - minden l\u00e9p\u00e9st koordin\u00e1lunk, hogy id\u0151t \u00e9s energi\u00e1t takar\u00edtsunk meg \u00d6nnek.<\/li>\n\n\n\n<li><strong>Megval\u00f3s\u00edt\u00e1s \u00e9s ellen\u0151rz\u00e9s:<\/strong> Tapasztalt szakembereink minden munk\u00e1t megb\u00edzhat\u00f3an v\u00e9geznek el, mik\u00f6zben rendszeresen nyomon k\u00f6vetj\u00fck az el\u0151rehalad\u00e1st.<\/li>\n\n\n\n<li><strong>Befejez\u00e9s \u00e9s ut\u00f3gondoz\u00e1s:<\/strong> Egy\u00fctt ellen\u0151rizz\u00fck az eredm\u00e9nyeket, mindent \u00e1tl\u00e1that\u00f3an dokument\u00e1lunk, \u00e9s a projekt befejez\u00e9se ut\u00e1n is \u00e1llunk rendelkez\u00e9s\u00e9re, hogy tan\u00e1csot adjunk \u00d6nnek.<\/li>\n<\/ul>\n\n\n\n<p>\ud83d\udc49 Az Energiekontor Janssennel \u00d6n a k\u00f6vetkez\u0151kb\u0151l profit\u00e1lhat <strong>optimaliz\u00e1lt folyamatok, vil\u00e1gos kommunik\u00e1ci\u00f3 \u00e9s stresszmentes projektek<\/strong>, hogy otthona vagy ingatlana ne csak szebb legyen, hanem hat\u00e9konyan karbantartott is.<\/p>\n\n\n\n<p><\/p>","protected":false},"excerpt":{"rendered":"<p>\ud83d\udd27 Enenrgiekontor Janssen \u2013 Detaillierter Service f\u00fcr reibungslose Abl\u00e4ufe Bei Energiekontor Janssen legen wir Wert auf strukturierte Prozesse und transparente Abl\u00e4ufe, damit Ihr Projekt \u2013 egal ob Energieberatung, Sanierung, Renovierung oder Schimmelberatung \u2013 effizient umgesetzt wird. Unser Service umfasst: \ud83d\udc49 Mit Energiekontor Janssen profitieren Sie von optimierten Abl\u00e4ufen, klarer Kommunikation und stressfreien Projekten, sodass Ihr [&hellip;]<\/p>\n","protected":false},"author":1,"featured_media":0,"parent":2514,"menu_order":3,"comment_status":"closed","ping_status":"closed","template":"","meta":{"_uag_custom_page_level_css":"","site-sidebar-layout":"default","site-content-layout":"","ast-site-content-layout":"default","site-content-style":"default","site-sidebar-style":"default","ast-global-header-display":"","ast-banner-title-visibility":"","ast-main-header-display":"","ast-hfb-above-header-display":"","ast-hfb-below-header-display":"","ast-hfb-mobile-header-display":"","site-post-title":"","ast-breadcrumbs-content":"","ast-featured-img":"","footer-sml-layout":"","ast-disable-related-posts":"","theme-transparent-header-meta":"","adv-header-id-meta":"","stick-header-meta":"","header-above-stick-meta":"","header-main-stick-meta":"","header-below-stick-meta":"","astra-migrate-meta-layouts":"set","ast-page-background-enabled":"default","ast-page-background-meta":{"desktop":{"background-color":"","background-image":"","background-repeat":"repeat","background-position":"center center","background-size":"auto","background-attachment":"scroll","background-type":"","background-media":"","overlay-type":"","overlay-color":"","overlay-opacity":"","overlay-gradient":""},"tablet":{"background-color":"","background-image":"","background-repeat":"repeat","background-position":"center center","background-size":"auto","background-attachment":"scroll","background-type":"","background-media":"","overlay-type":"","overlay-color":"","overlay-opacity":"","overlay-gradient":""},"mobile":{"background-color":"","background-image":"","background-repeat":"repeat","background-position":"center center","background-size":"auto","background-attachment":"scroll","background-type":"","background-media":"","overlay-type":"","overlay-color":"","overlay-opacity":"","overlay-gradient":""}},"ast-content-background-meta":{"desktop":{"background-color":"var(--ast-global-color-5)","background-image":"","background-repeat":"repeat","background-position":"center center","background-size":"auto","background-attachment":"scroll","background-type":"","background-media":"","overlay-type":"","overlay-color":"","overlay-opacity":"","overlay-gradient":""},"tablet":{"background-color":"var(--ast-global-color-5)","background-image":"","background-repeat":"repeat","background-position":"center center","background-size":"auto","background-attachment":"scroll","background-type":"","background-media":"","overlay-type":"","overlay-color":"","overlay-opacity":"","overlay-gradient":""},"mobile":{"background-color":"var(--ast-global-color-5)","background-image":"","background-repeat":"repeat","background-position":"center center","background-size":"auto","background-attachment":"scroll","background-type":"","background-media":"","overlay-type":"","overlay-color":"","overlay-opacity":"","overlay-gradient":""}},"footnotes":""},"class_list":["post-3079","page","type-page","status-publish","hentry"],"aioseo_notices":[],"uagb_featured_image_src":{"full":false,"thumbnail":false,"medium":false,"medium_large":false,"large":false,"1536x1536":false,"2048x2048":false,"trp-custom-language-flag":false},"uagb_author_info":{"display_name":"dj23769@gmail.com","author_link":"https:\/\/3dviewjanssen.com\/hu\/author\/dj23769gmail-com\/"},"uagb_comment_info":0,"uagb_excerpt":"\ud83d\udd27 Enenrgiekontor Janssen \u2013 Detaillierter Service f\u00fcr reibungslose Abl\u00e4ufe Bei Energiekontor Janssen legen wir Wert auf strukturierte Prozesse und transparente Abl\u00e4ufe, damit Ihr Projekt \u2013 egal ob Energieberatung, Sanierung, Renovierung oder Schimmelberatung \u2013 effizient umgesetzt wird. Unser Service umfasst: \ud83d\udc49 Mit Energiekontor Janssen profitieren Sie von optimierten Abl\u00e4ufen, klarer Kommunikation und stressfreien Projekten, sodass Ihr&hellip;","_links":{"self":[{"href":"https:\/\/3dviewjanssen.com\/hu\/wp-json\/wp\/v2\/pages\/3079","targetHints":{"allow":["GET"]}}],"collection":[{"href":"https:\/\/3dviewjanssen.com\/hu\/wp-json\/wp\/v2\/pages"}],"about":[{"href":"https:\/\/3dviewjanssen.com\/hu\/wp-json\/wp\/v2\/types\/page"}],"author":[{"embeddable":true,"href":"https:\/\/3dviewjanssen.com\/hu\/wp-json\/wp\/v2\/users\/1"}],"replies":[{"embeddable":true,"href":"https:\/\/3dviewjanssen.com\/hu\/wp-json\/wp\/v2\/comments?post=3079"}],"version-history":[{"count":5,"href":"https:\/\/3dviewjanssen.com\/hu\/wp-json\/wp\/v2\/pages\/3079\/revisions"}],"predecessor-version":[{"id":3536,"href":"https:\/\/3dviewjanssen.com\/hu\/wp-json\/wp\/v2\/pages\/3079\/revisions\/3536"}],"up":[{"embeddable":true,"href":"https:\/\/3dviewjanssen.com\/hu\/wp-json\/wp\/v2\/pages\/2514"}],"wp:attachment":[{"href":"https:\/\/3dviewjanssen.com\/hu\/wp-json\/wp\/v2\/media?parent=3079"}],"curies":[{"name":"wp","href":"https:\/\/api.w.org\/{rel}","templated":true}]}}