{"id":3082,"date":"2025-08-19T13:00:44","date_gmt":"2025-08-19T13:00:44","guid":{"rendered":"https:\/\/3dviewjanssen.com\/?page_id=3082"},"modified":"2026-01-18T10:52:17","modified_gmt":"2026-01-18T10:52:17","slug":"ermittlung-der-wohnflaeche","status":"publish","type":"page","link":"https:\/\/3dviewjanssen.com\/hu\/home\/start\/immobilien\/ermittlung-der-wohnflaeche\/","title":{"rendered":"Az \u00e9lett\u00e9r meghat\u00e1roz\u00e1sa"},"content":{"rendered":"<figure class=\"wp-block-image alignright size-full is-resized\"><img loading=\"lazy\" decoding=\"async\" width=\"144\" height=\"96\" src=\"https:\/\/3dviewjanssen.com\/wp-content\/uploads\/2026\/01\/Logo_Farbig_Web.jpg\" alt=\"\" class=\"wp-image-3499\" style=\"width:124px;height:auto\" srcset=\"https:\/\/3dviewjanssen.com\/wp-content\/uploads\/2026\/01\/Logo_Farbig_Web.jpg 144w, https:\/\/3dviewjanssen.com\/wp-content\/uploads\/2026\/01\/Logo_Farbig_Web-18x12.jpg 18w\" sizes=\"auto, (max-width: 144px) 100vw, 144px\" \/><figcaption class=\"wp-element-caption\"><a href=\"https:\/\/3dviewjanssen.com\/hu\/home\/start\/\">Vissza...<\/a><\/figcaption><\/figure>\n\n\n\n<p><br><br><br>\ud83d\udccf <strong>Lak\u00f3t\u00e9rsz\u00e1m\u00edt\u00e1s az Energiekontor Janssen-t\u0151l<\/strong> e.K.<br>A lak\u00f3ter\u00fclet pontos kisz\u00e1m\u00edt\u00e1sa az alapja b\u00e1rmely ingatlan m\u00e9lt\u00e1nyos \u00e9rt\u00e9kel\u00e9s\u00e9nek. Ak\u00e1r v\u00e1s\u00e1rl\u00e1s, ak\u00e1r elad\u00e1s vagy b\u00e9rbead\u00e1s - a pontos n\u00e9gyzetm\u00e9terek gyakran meghat\u00e1rozz\u00e1k egy ingatlan \u00e9rt\u00e9k\u00e9t \u00e9s vonzerej\u00e9t.<\/p>\n\n\n\n<p>Az Energiekontor Janssen e.K.-val \u00d6n a k\u00f6vetkez\u0151ket kapja <strong>Az \u00d6n lak\u00f3t\u00e9r\u00e9nek professzion\u00e1lis \u00e9s \u00e9rthet\u0151 kisz\u00e1m\u00edt\u00e1sa<\/strong> a hat\u00e1lyos jogszab\u00e1lyi el\u0151\u00edr\u00e1soknak \u00e9s elismert m\u00f3dszereknek (pl. Wohnfl\u00e4chenverordnung - WoFlV) megfelel\u0151en. Ez biztos\u00edtja \u00d6nnek azt a bizonyoss\u00e1got, hogy minden ter\u00fcletet helyesen r\u00f6gz\u00edtenek \u00e9s \u00e1tl\u00e1that\u00f3an dokument\u00e1lnak.<\/p>\n\n\n\n<p>\ud83d\udc49 B\u00edzzon a pontoss\u00e1gban \u00e9s a tapasztalatban - a tiszta t\u00e9nyek \u00e9s a megb\u00edzhat\u00f3 alap az ingatlanokkal kapcsolatos d\u00f6nt\u00e9seihez.<\/p>\n\n\n\n<p><\/p>","protected":false},"excerpt":{"rendered":"<p>\ud83d\udccf Wohnfl\u00e4chenberechnung vom Energiekontor Janssen e.K.Eine pr\u00e4zise Wohnfl\u00e4chenberechnung ist die Grundlage f\u00fcr eine faire Bewertung jeder Immobilie. Ob beim Kauf, Verkauf oder zur Vermietung \u2013 die exakten Quadratmeter entscheiden oft \u00fcber den Wert und die Attraktivit\u00e4t eines Objektes. Mit Energiekontor Janssen e.K. erh\u00e4ltst du eine fachgerechte und nachvollziehbare Berechnung deiner Wohnfl\u00e4che nach den aktuellen gesetzlichen [&hellip;]<\/p>\n","protected":false},"author":1,"featured_media":0,"parent":3077,"menu_order":2,"comment_status":"closed","ping_status":"closed","template":"","meta":{"_uag_custom_page_level_css":"","site-sidebar-layout":"default","site-content-layout":"","ast-site-content-layout":"default","site-content-style":"default","site-sidebar-style":"default","ast-global-header-display":"","ast-banner-title-visibility":"","ast-main-header-display":"","ast-hfb-above-header-display":"","ast-hfb-below-header-display":"","ast-hfb-mobile-header-display":"","site-post-title":"","ast-breadcrumbs-content":"","ast-featured-img":"","footer-sml-layout":"","ast-disable-related-posts":"","theme-transparent-header-meta":"","adv-header-id-meta":"","stick-header-meta":"","header-above-stick-meta":"","header-main-stick-meta":"","header-below-stick-meta":"","astra-migrate-meta-layouts":"set","ast-page-background-enabled":"default","ast-page-background-meta":{"desktop":{"background-color":"","background-image":"","background-repeat":"repeat","background-position":"center center","background-size":"auto","background-attachment":"scroll","background-type":"","background-media":"","overlay-type":"","overlay-color":"","overlay-opacity":"","overlay-gradient":""},"tablet":{"background-color":"","background-image":"","background-repeat":"repeat","background-position":"center center","background-size":"auto","background-attachment":"scroll","background-type":"","background-media":"","overlay-type":"","overlay-color":"","overlay-opacity":"","overlay-gradient":""},"mobile":{"background-color":"","background-image":"","background-repeat":"repeat","background-position":"center center","background-size":"auto","background-attachment":"scroll","background-type":"","background-media":"","overlay-type":"","overlay-color":"","overlay-opacity":"","overlay-gradient":""}},"ast-content-background-meta":{"desktop":{"background-color":"var(--ast-global-color-5)","background-image":"","background-repeat":"repeat","background-position":"center center","background-size":"auto","background-attachment":"scroll","background-type":"","background-media":"","overlay-type":"","overlay-color":"","overlay-opacity":"","overlay-gradient":""},"tablet":{"background-color":"var(--ast-global-color-5)","background-image":"","background-repeat":"repeat","background-position":"center center","background-size":"auto","background-attachment":"scroll","background-type":"","background-media":"","overlay-type":"","overlay-color":"","overlay-opacity":"","overlay-gradient":""},"mobile":{"background-color":"var(--ast-global-color-5)","background-image":"","background-repeat":"repeat","background-position":"center center","background-size":"auto","background-attachment":"scroll","background-type":"","background-media":"","overlay-type":"","overlay-color":"","overlay-opacity":"","overlay-gradient":""}},"footnotes":""},"class_list":["post-3082","page","type-page","status-publish","hentry"],"aioseo_notices":[],"uagb_featured_image_src":{"full":false,"thumbnail":false,"medium":false,"medium_large":false,"large":false,"1536x1536":false,"2048x2048":false,"trp-custom-language-flag":false},"uagb_author_info":{"display_name":"dj23769@gmail.com","author_link":"https:\/\/3dviewjanssen.com\/hu\/author\/dj23769gmail-com\/"},"uagb_comment_info":0,"uagb_excerpt":"\ud83d\udccf Wohnfl\u00e4chenberechnung vom Energiekontor Janssen e.K.Eine pr\u00e4zise Wohnfl\u00e4chenberechnung ist die Grundlage f\u00fcr eine faire Bewertung jeder Immobilie. Ob beim Kauf, Verkauf oder zur Vermietung \u2013 die exakten Quadratmeter entscheiden oft \u00fcber den Wert und die Attraktivit\u00e4t eines Objektes. Mit Energiekontor Janssen e.K. erh\u00e4ltst du eine fachgerechte und nachvollziehbare Berechnung deiner Wohnfl\u00e4che nach den aktuellen gesetzlichen&hellip;","_links":{"self":[{"href":"https:\/\/3dviewjanssen.com\/hu\/wp-json\/wp\/v2\/pages\/3082","targetHints":{"allow":["GET"]}}],"collection":[{"href":"https:\/\/3dviewjanssen.com\/hu\/wp-json\/wp\/v2\/pages"}],"about":[{"href":"https:\/\/3dviewjanssen.com\/hu\/wp-json\/wp\/v2\/types\/page"}],"author":[{"embeddable":true,"href":"https:\/\/3dviewjanssen.com\/hu\/wp-json\/wp\/v2\/users\/1"}],"replies":[{"embeddable":true,"href":"https:\/\/3dviewjanssen.com\/hu\/wp-json\/wp\/v2\/comments?post=3082"}],"version-history":[{"count":5,"href":"https:\/\/3dviewjanssen.com\/hu\/wp-json\/wp\/v2\/pages\/3082\/revisions"}],"predecessor-version":[{"id":3511,"href":"https:\/\/3dviewjanssen.com\/hu\/wp-json\/wp\/v2\/pages\/3082\/revisions\/3511"}],"up":[{"embeddable":true,"href":"https:\/\/3dviewjanssen.com\/hu\/wp-json\/wp\/v2\/pages\/3077"}],"wp:attachment":[{"href":"https:\/\/3dviewjanssen.com\/hu\/wp-json\/wp\/v2\/media?parent=3082"}],"curies":[{"name":"wp","href":"https:\/\/api.w.org\/{rel}","templated":true}]}}