{"id":3084,"date":"2025-08-19T13:03:10","date_gmt":"2025-08-19T13:03:10","guid":{"rendered":"https:\/\/3dviewjanssen.com\/?page_id=3084"},"modified":"2026-02-20T18:16:27","modified_gmt":"2026-02-20T18:16:27","slug":"objektbetreuung","status":"publish","type":"page","link":"https:\/\/3dviewjanssen.com\/hu\/home\/start\/verwaltung\/objektbetreuung\/","title":{"rendered":"Ingatlankezel\u00e9s"},"content":{"rendered":"<figure class=\"wp-block-image alignright size-full is-resized\"><img loading=\"lazy\" decoding=\"async\" width=\"512\" height=\"512\" src=\"https:\/\/3dviewjanssen.com\/wp-content\/uploads\/2026\/01\/cropped-Logo_Farbig_Web.jpg\" alt=\"\" class=\"wp-image-3504\" style=\"width:124px;height:auto\" srcset=\"https:\/\/3dviewjanssen.com\/wp-content\/uploads\/2026\/01\/cropped-Logo_Farbig_Web.jpg 512w, https:\/\/3dviewjanssen.com\/wp-content\/uploads\/2026\/01\/cropped-Logo_Farbig_Web-300x300.jpg 300w, https:\/\/3dviewjanssen.com\/wp-content\/uploads\/2026\/01\/cropped-Logo_Farbig_Web-150x150.jpg 150w, https:\/\/3dviewjanssen.com\/wp-content\/uploads\/2026\/01\/cropped-Logo_Farbig_Web-12x12.jpg 12w, https:\/\/3dviewjanssen.com\/wp-content\/uploads\/2026\/01\/cropped-Logo_Farbig_Web-270x270.jpg 270w, https:\/\/3dviewjanssen.com\/wp-content\/uploads\/2026\/01\/cropped-Logo_Farbig_Web-192x192.jpg 192w, https:\/\/3dviewjanssen.com\/wp-content\/uploads\/2026\/01\/cropped-Logo_Farbig_Web-180x180.jpg 180w, https:\/\/3dviewjanssen.com\/wp-content\/uploads\/2026\/01\/cropped-Logo_Farbig_Web-32x32.jpg 32w\" sizes=\"auto, (max-width: 512px) 100vw, 512px\" \/><figcaption class=\"wp-element-caption\"><a href=\"https:\/\/3dviewjanssen.com\/hu\/home\/start\/\">Vissza...<\/a><\/figcaption><\/figure>\n\n\n\n<p>\ud83c\udfe0 <strong>Ingatlankezel\u00e9s az Energiekontorral<\/strong> Janssen<strong> - Vigy\u00e1zunk az \u00d6n tulajdon\u00e1ra<\/strong><\/p>\n\n\n\n<p>Az ingatlanoknak gondoskod\u00e1sra \u00e9s figyelemre van sz\u00fcks\u00e9g\u00fck ahhoz, hogy meg\u0151rizz\u00e9k \u00e9rt\u00e9k\u00fcket \u00e9s kellemes k\u00f6rnyezetet teremtsenek. Ingatlankezel\u00e9si szolg\u00e1ltat\u00e1sunkkal az \u00d6n ingatlan\u00e1val kapcsolatos \u00f6sszes feladatot mi l\u00e1tjuk el - <strong>Megb\u00edzhat\u00f3, \u00e1tl\u00e1that\u00f3 \u00e9s az \u00d6n ig\u00e9nyeire szabottan<\/strong>.<\/p>\n\n\n\n<p>A rendszeres ellen\u0151rz\u00e9st\u0151l \u00e9s karbantart\u00e1st\u00f3l a szolg\u00e1ltat\u00f3k koordin\u00e1l\u00e1s\u00e1ig \u00e9s a kisebb jav\u00edt\u00e1sok megszervez\u00e9s\u00e9ig. <strong>Energiekontor<\/strong> A Janssen gondoskodik arr\u00f3l, hogy ingatlana mindig a legjobb \u00e1llapotban legyen.<\/p>\n\n\n\n<p>\ud83d\udc49 A <strong>Energiekontor<\/strong> Janssen van egy <strong>kompetens partner<\/strong>, akik elk\u00f6telezetten \u00e9s szakszer\u0171en gondoskodnak az \u00d6n ingatlan\u00e1r\u00f3l.<\/p>","protected":false},"excerpt":{"rendered":"<p>\ud83c\udfe0 Objektbetreuung mit Energiekontor Janssen \u2013 wir k\u00fcmmern uns um Ihre Immobilie Eine Immobilie braucht Pflege und Aufmerksamkeit, um ihren Wert zu behalten und ein angenehmes Umfeld zu schaffen. Mit unserer Objektbetreuung \u00fcbernehmen wir alle Aufgaben rund um Ihre Liegenschaft \u2013 verl\u00e4sslich, transparent und individuell auf Ihre Bed\u00fcrfnisse abgestimmt. Von der regelm\u00e4\u00dfigen Kontrolle und Instandhaltung [&hellip;]<\/p>\n","protected":false},"author":1,"featured_media":0,"parent":3075,"menu_order":1,"comment_status":"closed","ping_status":"closed","template":"","meta":{"_uag_custom_page_level_css":"","site-sidebar-layout":"default","site-content-layout":"","ast-site-content-layout":"default","site-content-style":"default","site-sidebar-style":"default","ast-global-header-display":"","ast-banner-title-visibility":"","ast-main-header-display":"","ast-hfb-above-header-display":"","ast-hfb-below-header-display":"","ast-hfb-mobile-header-display":"","site-post-title":"","ast-breadcrumbs-content":"","ast-featured-img":"","footer-sml-layout":"","ast-disable-related-posts":"","theme-transparent-header-meta":"","adv-header-id-meta":"","stick-header-meta":"","header-above-stick-meta":"","header-main-stick-meta":"","header-below-stick-meta":"","astra-migrate-meta-layouts":"set","ast-page-background-enabled":"default","ast-page-background-meta":{"desktop":{"background-color":"","background-image":"","background-repeat":"repeat","background-position":"center center","background-size":"auto","background-attachment":"scroll","background-type":"","background-media":"","overlay-type":"","overlay-color":"","overlay-opacity":"","overlay-gradient":""},"tablet":{"background-color":"","background-image":"","background-repeat":"repeat","background-position":"center center","background-size":"auto","background-attachment":"scroll","background-type":"","background-media":"","overlay-type":"","overlay-color":"","overlay-opacity":"","overlay-gradient":""},"mobile":{"background-color":"","background-image":"","background-repeat":"repeat","background-position":"center center","background-size":"auto","background-attachment":"scroll","background-type":"","background-media":"","overlay-type":"","overlay-color":"","overlay-opacity":"","overlay-gradient":""}},"ast-content-background-meta":{"desktop":{"background-color":"var(--ast-global-color-5)","background-image":"","background-repeat":"repeat","background-position":"center center","background-size":"auto","background-attachment":"scroll","background-type":"","background-media":"","overlay-type":"","overlay-color":"","overlay-opacity":"","overlay-gradient":""},"tablet":{"background-color":"var(--ast-global-color-5)","background-image":"","background-repeat":"repeat","background-position":"center center","background-size":"auto","background-attachment":"scroll","background-type":"","background-media":"","overlay-type":"","overlay-color":"","overlay-opacity":"","overlay-gradient":""},"mobile":{"background-color":"var(--ast-global-color-5)","background-image":"","background-repeat":"repeat","background-position":"center center","background-size":"auto","background-attachment":"scroll","background-type":"","background-media":"","overlay-type":"","overlay-color":"","overlay-opacity":"","overlay-gradient":""}},"footnotes":""},"class_list":["post-3084","page","type-page","status-publish","hentry"],"aioseo_notices":[],"uagb_featured_image_src":{"full":false,"thumbnail":false,"medium":false,"medium_large":false,"large":false,"1536x1536":false,"2048x2048":false,"trp-custom-language-flag":false},"uagb_author_info":{"display_name":"dj23769@gmail.com","author_link":"https:\/\/3dviewjanssen.com\/hu\/author\/dj23769gmail-com\/"},"uagb_comment_info":0,"uagb_excerpt":"\ud83c\udfe0 Objektbetreuung mit Energiekontor Janssen \u2013 wir k\u00fcmmern uns um Ihre Immobilie Eine Immobilie braucht Pflege und Aufmerksamkeit, um ihren Wert zu behalten und ein angenehmes Umfeld zu schaffen. Mit unserer Objektbetreuung \u00fcbernehmen wir alle Aufgaben rund um Ihre Liegenschaft \u2013 verl\u00e4sslich, transparent und individuell auf Ihre Bed\u00fcrfnisse abgestimmt. Von der regelm\u00e4\u00dfigen Kontrolle und Instandhaltung&hellip;","_links":{"self":[{"href":"https:\/\/3dviewjanssen.com\/hu\/wp-json\/wp\/v2\/pages\/3084","targetHints":{"allow":["GET"]}}],"collection":[{"href":"https:\/\/3dviewjanssen.com\/hu\/wp-json\/wp\/v2\/pages"}],"about":[{"href":"https:\/\/3dviewjanssen.com\/hu\/wp-json\/wp\/v2\/types\/page"}],"author":[{"embeddable":true,"href":"https:\/\/3dviewjanssen.com\/hu\/wp-json\/wp\/v2\/users\/1"}],"replies":[{"embeddable":true,"href":"https:\/\/3dviewjanssen.com\/hu\/wp-json\/wp\/v2\/comments?post=3084"}],"version-history":[{"count":7,"href":"https:\/\/3dviewjanssen.com\/hu\/wp-json\/wp\/v2\/pages\/3084\/revisions"}],"predecessor-version":[{"id":3546,"href":"https:\/\/3dviewjanssen.com\/hu\/wp-json\/wp\/v2\/pages\/3084\/revisions\/3546"}],"up":[{"embeddable":true,"href":"https:\/\/3dviewjanssen.com\/hu\/wp-json\/wp\/v2\/pages\/3075"}],"wp:attachment":[{"href":"https:\/\/3dviewjanssen.com\/hu\/wp-json\/wp\/v2\/media?parent=3084"}],"curies":[{"name":"wp","href":"https:\/\/api.w.org\/{rel}","templated":true}]}}