{"id":3086,"date":"2025-08-19T13:04:06","date_gmt":"2025-08-19T13:04:06","guid":{"rendered":"https:\/\/3dviewjanssen.com\/?page_id=3086"},"modified":"2026-02-20T18:16:56","modified_gmt":"2026-02-20T18:16:56","slug":"betriebliche-abwicklung","status":"publish","type":"page","link":"https:\/\/3dviewjanssen.com\/hu\/home\/start\/verwaltung\/betriebliche-abwicklung\/","title":{"rendered":"Operat\u00edv feldolgoz\u00e1s"},"content":{"rendered":"<figure class=\"wp-block-image alignright size-full is-resized\"><img loading=\"lazy\" decoding=\"async\" width=\"512\" height=\"512\" src=\"https:\/\/3dviewjanssen.com\/wp-content\/uploads\/2026\/01\/cropped-Logo_Farbig_Web.jpg\" alt=\"\" class=\"wp-image-3504\" style=\"width:124px;height:auto\" srcset=\"https:\/\/3dviewjanssen.com\/wp-content\/uploads\/2026\/01\/cropped-Logo_Farbig_Web.jpg 512w, https:\/\/3dviewjanssen.com\/wp-content\/uploads\/2026\/01\/cropped-Logo_Farbig_Web-300x300.jpg 300w, https:\/\/3dviewjanssen.com\/wp-content\/uploads\/2026\/01\/cropped-Logo_Farbig_Web-150x150.jpg 150w, https:\/\/3dviewjanssen.com\/wp-content\/uploads\/2026\/01\/cropped-Logo_Farbig_Web-12x12.jpg 12w, https:\/\/3dviewjanssen.com\/wp-content\/uploads\/2026\/01\/cropped-Logo_Farbig_Web-270x270.jpg 270w, https:\/\/3dviewjanssen.com\/wp-content\/uploads\/2026\/01\/cropped-Logo_Farbig_Web-192x192.jpg 192w, https:\/\/3dviewjanssen.com\/wp-content\/uploads\/2026\/01\/cropped-Logo_Farbig_Web-180x180.jpg 180w, https:\/\/3dviewjanssen.com\/wp-content\/uploads\/2026\/01\/cropped-Logo_Farbig_Web-32x32.jpg 32w\" sizes=\"auto, (max-width: 512px) 100vw, 512px\" \/><figcaption class=\"wp-element-caption\"><a href=\"https:\/\/3dviewjanssen.com\/hu\/home\/start\/\">Vissza...<\/a><\/figcaption><\/figure>\n\n\n\n<p>\ud83d\udcca <strong>Az ingatlanok operat\u00edv sz\u00e1ml\u00e1z\u00e1sa - \u00e1tl\u00e1that\u00f3 \u00e9s megb\u00edzhat\u00f3<\/strong><\/p>\n\n\n\n<p>Legyen sz\u00f3 j\u00e1rul\u00e9kos k\u00f6lts\u00e9gekr\u0151l, \u00e9ves k\u00f6z\u00fczemi sz\u00e1ml\u00e1kr\u00f3l vagy a teljes kereskedelmi adminisztr\u00e1ci\u00f3r\u00f3l - a <strong>Energiekontor<\/strong> Janssen gondoskodik a <strong>Ingatlanok operat\u00edv elsz\u00e1mol\u00e1sa<\/strong> szakszer\u0171 \u00e9s \u00e9rthet\u0151.<\/p>\n\n\n\n<p>Vigy\u00e1zunk:<\/p>\n\n\n\n<ul class=\"wp-block-list\">\n<li>az egy\u00e9rtelm\u0171 \u00e9ves besz\u00e1mol\u00f3 elk\u00e9sz\u00edt\u00e9se,<\/li>\n\n\n\n<li>a besz\u00e1ll\u00edt\u00f3kkal \u00e9s szolg\u00e1ltat\u00f3kkal val\u00f3 feldolgoz\u00e1s,<\/li>\n\n\n\n<li>\u00e9s az ingatlanok kezel\u00e9s\u00e9vel kapcsolatos valamennyi feladat.<\/li>\n<\/ul>\n\n\n\n<p>A  c\u00edmen <strong>Energiekontor<\/strong> Janssen el\u0151nyei <strong>vil\u00e1gos strukt\u00far\u00e1k, teljes dokument\u00e1ci\u00f3 \u00e9s tisztess\u00e9ges sz\u00e1ml\u00e1z\u00e1s<\/strong> - hogy \u00d6n mindig \u00e1ttekinthet\u0151 legyen, \u00e9s ingatlana optim\u00e1lisan legyen kezelve.<\/p>\n\n\n\n<p>\ud83d\udc49 B\u00edzzon a tapasztalatban \u00e9s az \u00e1tl\u00e1that\u00f3s\u00e1gban - a sz\u00e1ml\u00e1z\u00e1s bizalmat teremt.<\/p>","protected":false},"excerpt":{"rendered":"<p>\ud83d\udcca Betriebliche Abrechnung von Immobilien \u2013 transparent &amp; zuverl\u00e4ssig Ob Nebenkosten, Jahresabrechnungen der Versorger oder die komplette kaufm\u00e4nnische Verwaltung \u2013 Energiekontor Janssen \u00fcbernimmt f\u00fcr Sie die betriebliche Abrechnung von Immobilien professionell und nachvollziehbar. Wir k\u00fcmmern uns um: Mit Energiekontor Janssen profitieren Sie von klaren Strukturen, l\u00fcckenloser Dokumentation und fairer Abrechnung \u2013 damit Sie jederzeit den [&hellip;]<\/p>\n","protected":false},"author":1,"featured_media":0,"parent":3075,"menu_order":3,"comment_status":"closed","ping_status":"closed","template":"","meta":{"_uag_custom_page_level_css":"","site-sidebar-layout":"default","site-content-layout":"","ast-site-content-layout":"default","site-content-style":"default","site-sidebar-style":"default","ast-global-header-display":"","ast-banner-title-visibility":"","ast-main-header-display":"","ast-hfb-above-header-display":"","ast-hfb-below-header-display":"","ast-hfb-mobile-header-display":"","site-post-title":"","ast-breadcrumbs-content":"","ast-featured-img":"","footer-sml-layout":"","ast-disable-related-posts":"","theme-transparent-header-meta":"","adv-header-id-meta":"","stick-header-meta":"","header-above-stick-meta":"","header-main-stick-meta":"","header-below-stick-meta":"","astra-migrate-meta-layouts":"set","ast-page-background-enabled":"default","ast-page-background-meta":{"desktop":{"background-color":"","background-image":"","background-repeat":"repeat","background-position":"center center","background-size":"auto","background-attachment":"scroll","background-type":"","background-media":"","overlay-type":"","overlay-color":"","overlay-opacity":"","overlay-gradient":""},"tablet":{"background-color":"","background-image":"","background-repeat":"repeat","background-position":"center center","background-size":"auto","background-attachment":"scroll","background-type":"","background-media":"","overlay-type":"","overlay-color":"","overlay-opacity":"","overlay-gradient":""},"mobile":{"background-color":"","background-image":"","background-repeat":"repeat","background-position":"center center","background-size":"auto","background-attachment":"scroll","background-type":"","background-media":"","overlay-type":"","overlay-color":"","overlay-opacity":"","overlay-gradient":""}},"ast-content-background-meta":{"desktop":{"background-color":"var(--ast-global-color-5)","background-image":"","background-repeat":"repeat","background-position":"center center","background-size":"auto","background-attachment":"scroll","background-type":"","background-media":"","overlay-type":"","overlay-color":"","overlay-opacity":"","overlay-gradient":""},"tablet":{"background-color":"var(--ast-global-color-5)","background-image":"","background-repeat":"repeat","background-position":"center center","background-size":"auto","background-attachment":"scroll","background-type":"","background-media":"","overlay-type":"","overlay-color":"","overlay-opacity":"","overlay-gradient":""},"mobile":{"background-color":"var(--ast-global-color-5)","background-image":"","background-repeat":"repeat","background-position":"center center","background-size":"auto","background-attachment":"scroll","background-type":"","background-media":"","overlay-type":"","overlay-color":"","overlay-opacity":"","overlay-gradient":""}},"footnotes":""},"class_list":["post-3086","page","type-page","status-publish","hentry"],"aioseo_notices":[],"uagb_featured_image_src":{"full":false,"thumbnail":false,"medium":false,"medium_large":false,"large":false,"1536x1536":false,"2048x2048":false,"trp-custom-language-flag":false},"uagb_author_info":{"display_name":"dj23769@gmail.com","author_link":"https:\/\/3dviewjanssen.com\/hu\/author\/dj23769gmail-com\/"},"uagb_comment_info":0,"uagb_excerpt":"\ud83d\udcca Betriebliche Abrechnung von Immobilien \u2013 transparent &amp; zuverl\u00e4ssig Ob Nebenkosten, Jahresabrechnungen der Versorger oder die komplette kaufm\u00e4nnische Verwaltung \u2013 Energiekontor Janssen \u00fcbernimmt f\u00fcr Sie die betriebliche Abrechnung von Immobilien professionell und nachvollziehbar. Wir k\u00fcmmern uns um: Mit Energiekontor Janssen profitieren Sie von klaren Strukturen, l\u00fcckenloser Dokumentation und fairer Abrechnung \u2013 damit Sie jederzeit den&hellip;","_links":{"self":[{"href":"https:\/\/3dviewjanssen.com\/hu\/wp-json\/wp\/v2\/pages\/3086","targetHints":{"allow":["GET"]}}],"collection":[{"href":"https:\/\/3dviewjanssen.com\/hu\/wp-json\/wp\/v2\/pages"}],"about":[{"href":"https:\/\/3dviewjanssen.com\/hu\/wp-json\/wp\/v2\/types\/page"}],"author":[{"embeddable":true,"href":"https:\/\/3dviewjanssen.com\/hu\/wp-json\/wp\/v2\/users\/1"}],"replies":[{"embeddable":true,"href":"https:\/\/3dviewjanssen.com\/hu\/wp-json\/wp\/v2\/comments?post=3086"}],"version-history":[{"count":6,"href":"https:\/\/3dviewjanssen.com\/hu\/wp-json\/wp\/v2\/pages\/3086\/revisions"}],"predecessor-version":[{"id":3547,"href":"https:\/\/3dviewjanssen.com\/hu\/wp-json\/wp\/v2\/pages\/3086\/revisions\/3547"}],"up":[{"embeddable":true,"href":"https:\/\/3dviewjanssen.com\/hu\/wp-json\/wp\/v2\/pages\/3075"}],"wp:attachment":[{"href":"https:\/\/3dviewjanssen.com\/hu\/wp-json\/wp\/v2\/media?parent=3086"}],"curies":[{"name":"wp","href":"https:\/\/api.w.org\/{rel}","templated":true}]}}