{"id":3092,"date":"2025-08-19T13:08:57","date_gmt":"2025-08-19T13:08:57","guid":{"rendered":"https:\/\/3dviewjanssen.com\/?page_id=3092"},"modified":"2026-03-15T15:43:49","modified_gmt":"2026-03-15T15:43:49","slug":"formulare","status":"publish","type":"page","link":"https:\/\/3dviewjanssen.com\/hu\/home\/start\/service\/formulare\/","title":{"rendered":"Nyomtatv\u00e1nyok"},"content":{"rendered":"<figure class=\"wp-block-image alignright size-full is-resized\"><img loading=\"lazy\" decoding=\"async\" width=\"512\" height=\"512\" src=\"https:\/\/3dviewjanssen.com\/wp-content\/uploads\/2026\/01\/cropped-Logo_Farbig_Web.jpg\" alt=\"\" class=\"wp-image-3504\" style=\"width:124px;height:auto\" srcset=\"https:\/\/3dviewjanssen.com\/wp-content\/uploads\/2026\/01\/cropped-Logo_Farbig_Web.jpg 512w, https:\/\/3dviewjanssen.com\/wp-content\/uploads\/2026\/01\/cropped-Logo_Farbig_Web-300x300.jpg 300w, https:\/\/3dviewjanssen.com\/wp-content\/uploads\/2026\/01\/cropped-Logo_Farbig_Web-150x150.jpg 150w, https:\/\/3dviewjanssen.com\/wp-content\/uploads\/2026\/01\/cropped-Logo_Farbig_Web-12x12.jpg 12w, https:\/\/3dviewjanssen.com\/wp-content\/uploads\/2026\/01\/cropped-Logo_Farbig_Web-270x270.jpg 270w, https:\/\/3dviewjanssen.com\/wp-content\/uploads\/2026\/01\/cropped-Logo_Farbig_Web-192x192.jpg 192w, https:\/\/3dviewjanssen.com\/wp-content\/uploads\/2026\/01\/cropped-Logo_Farbig_Web-180x180.jpg 180w, https:\/\/3dviewjanssen.com\/wp-content\/uploads\/2026\/01\/cropped-Logo_Farbig_Web-32x32.jpg 32w\" sizes=\"auto, (max-width: 512px) 100vw, 512px\" \/><figcaption class=\"wp-element-caption\"><a href=\"https:\/\/3dviewjanssen.com\/hu\/home\/start\/\">Vissza...<\/a><\/figcaption><\/figure>\n\n\n\n<p>\ud83d\udcdd <strong>Adatgy\u0171jt\u00e9s \u0171rlapok seg\u00edts\u00e9g\u00e9vel - egyszer\u0171, biztons\u00e1gos, hat\u00e9kony<\/strong><\/p>\n\n\n\n<p>Az Energiekontor Janssen seg\u00edts\u00e9g\u00e9vel a projektjeire vagy ingatlanjaira vonatkoz\u00f3 \u00f6sszes l\u00e9nyeges inform\u00e1ci\u00f3t egyszer\u0171en \u00e9s struktur\u00e1ltan r\u00f6gz\u00edtheti. Digit\u00e1lis \u0171rlapjaink biztos\u00edtj\u00e1k, hogy az adatok <strong>Teljes, vil\u00e1gos \u00e9s hibamentes<\/strong> legyen sz\u00f3 energetikai tan\u00e1csad\u00e1sr\u00f3l, fel\u00faj\u00edt\u00e1sr\u00f3l, \u00e1talak\u00edt\u00e1sr\u00f3l vagy \u00e9rt\u00e9kbecsl\u00e9sr\u0151l.<\/p>\n\n\n\n<ul class=\"wp-block-list\">\n<li><strong>Egyszer\u0171 \u00e9s intuit\u00edv:<\/strong> A felhaszn\u00e1l\u00f3bar\u00e1t \u0171rlapok lehet\u0151v\u00e9 teszik az \u00f6sszes inform\u00e1ci\u00f3 gyors megad\u00e1s\u00e1t.<\/li>\n\n\n\n<li><strong>Struktur\u00e1lt \u00e9s biztons\u00e1gos:<\/strong> Minden adat t\u00e1rol\u00e1sa szervezett \u00e9s GDPR-konform m\u00f3don t\u00f6rt\u00e9nik.<\/li>\n\n\n\n<li><strong>Hat\u00e9kony feldolgoz\u00e1s:<\/strong> Az inform\u00e1ci\u00f3k k\u00f6zvetlen\u00fcl be\u00e9p\u00fclnek a projekttervez\u00e9si \u00e9s d\u00f6nt\u00e9shozatali folyamatokba.<\/li>\n<\/ul>\n\n\n\n<p>\ud83d\udc49 Id\u0151t takar\u00edthat meg, cs\u00f6kkentheti a hib\u00e1k sz\u00e1m\u00e1t, \u00e9s mindig \u00e1ttekinthet\u0151v\u00e9 teheti a folyamatokat az elej\u00e9t\u0151l a v\u00e9g\u00e9ig.<\/p>\n\n\n\n<p><a href=\"https:\/\/3dviewjanssen.com\/hu\/home\/start\/service\/formulare\/eintragung-der-gebaeudeangaben\/\" target=\"_blank\" rel=\"noopener\" title=\"\">\u00c9p\u00fcletadatok megad\u00e1s\u00e1ra szolg\u00e1l\u00f3 \u0171rlap energetikai tan\u00fas\u00edtv\u00e1nyokhoz, energiatan\u00e1csad\u00e1shoz, \u00e9p\u00edt\u00e9sfel\u00fcgyelethez<\/a><\/p>\n\n\n\n<p><\/p>","protected":false},"excerpt":{"rendered":"<p>\ud83d\udcdd Datenerfassung durch Formulare \u2013 einfach, sicher, effizient Mit Energiekontor Janssen erfassen Sie alle relevanten Informationen zu Ihren Projekten oder Immobilien unkompliziert und strukturiert. Unsere digitalen Formulare sorgen daf\u00fcr, dass Daten vollst\u00e4ndig, \u00fcbersichtlich und fehlerfrei erfasst werden \u2013 egal ob f\u00fcr Energieberatung, Sanierung, Renovierung oder Wertermittlung. \ud83d\udc49 So sparen Sie Zeit, reduzieren Fehler und behalten [&hellip;]<\/p>\n","protected":false},"author":1,"featured_media":0,"parent":3079,"menu_order":1,"comment_status":"closed","ping_status":"closed","template":"","meta":{"_uag_custom_page_level_css":"","site-sidebar-layout":"default","site-content-layout":"","ast-site-content-layout":"default","site-content-style":"default","site-sidebar-style":"default","ast-global-header-display":"","ast-banner-title-visibility":"","ast-main-header-display":"","ast-hfb-above-header-display":"","ast-hfb-below-header-display":"","ast-hfb-mobile-header-display":"","site-post-title":"","ast-breadcrumbs-content":"","ast-featured-img":"","footer-sml-layout":"","ast-disable-related-posts":"","theme-transparent-header-meta":"","adv-header-id-meta":"","stick-header-meta":"","header-above-stick-meta":"","header-main-stick-meta":"","header-below-stick-meta":"","astra-migrate-meta-layouts":"set","ast-page-background-enabled":"default","ast-page-background-meta":{"desktop":{"background-color":"","background-image":"","background-repeat":"repeat","background-position":"center center","background-size":"auto","background-attachment":"scroll","background-type":"","background-media":"","overlay-type":"","overlay-color":"","overlay-opacity":"","overlay-gradient":""},"tablet":{"background-color":"","background-image":"","background-repeat":"repeat","background-position":"center center","background-size":"auto","background-attachment":"scroll","background-type":"","background-media":"","overlay-type":"","overlay-color":"","overlay-opacity":"","overlay-gradient":""},"mobile":{"background-color":"","background-image":"","background-repeat":"repeat","background-position":"center center","background-size":"auto","background-attachment":"scroll","background-type":"","background-media":"","overlay-type":"","overlay-color":"","overlay-opacity":"","overlay-gradient":""}},"ast-content-background-meta":{"desktop":{"background-color":"var(--ast-global-color-5)","background-image":"","background-repeat":"repeat","background-position":"center center","background-size":"auto","background-attachment":"scroll","background-type":"","background-media":"","overlay-type":"","overlay-color":"","overlay-opacity":"","overlay-gradient":""},"tablet":{"background-color":"var(--ast-global-color-5)","background-image":"","background-repeat":"repeat","background-position":"center center","background-size":"auto","background-attachment":"scroll","background-type":"","background-media":"","overlay-type":"","overlay-color":"","overlay-opacity":"","overlay-gradient":""},"mobile":{"background-color":"var(--ast-global-color-5)","background-image":"","background-repeat":"repeat","background-position":"center center","background-size":"auto","background-attachment":"scroll","background-type":"","background-media":"","overlay-type":"","overlay-color":"","overlay-opacity":"","overlay-gradient":""}},"footnotes":""},"class_list":["post-3092","page","type-page","status-publish","hentry"],"aioseo_notices":[],"uagb_featured_image_src":{"full":false,"thumbnail":false,"medium":false,"medium_large":false,"large":false,"1536x1536":false,"2048x2048":false,"trp-custom-language-flag":false},"uagb_author_info":{"display_name":"dj23769@gmail.com","author_link":"https:\/\/3dviewjanssen.com\/hu\/author\/dj23769gmail-com\/"},"uagb_comment_info":0,"uagb_excerpt":"\ud83d\udcdd Datenerfassung durch Formulare \u2013 einfach, sicher, effizient Mit Energiekontor Janssen erfassen Sie alle relevanten Informationen zu Ihren Projekten oder Immobilien unkompliziert und strukturiert. Unsere digitalen Formulare sorgen daf\u00fcr, dass Daten vollst\u00e4ndig, \u00fcbersichtlich und fehlerfrei erfasst werden \u2013 egal ob f\u00fcr Energieberatung, Sanierung, Renovierung oder Wertermittlung. \ud83d\udc49 So sparen Sie Zeit, reduzieren Fehler und behalten&hellip;","_links":{"self":[{"href":"https:\/\/3dviewjanssen.com\/hu\/wp-json\/wp\/v2\/pages\/3092","targetHints":{"allow":["GET"]}}],"collection":[{"href":"https:\/\/3dviewjanssen.com\/hu\/wp-json\/wp\/v2\/pages"}],"about":[{"href":"https:\/\/3dviewjanssen.com\/hu\/wp-json\/wp\/v2\/types\/page"}],"author":[{"embeddable":true,"href":"https:\/\/3dviewjanssen.com\/hu\/wp-json\/wp\/v2\/users\/1"}],"replies":[{"embeddable":true,"href":"https:\/\/3dviewjanssen.com\/hu\/wp-json\/wp\/v2\/comments?post=3092"}],"version-history":[{"count":6,"href":"https:\/\/3dviewjanssen.com\/hu\/wp-json\/wp\/v2\/pages\/3092\/revisions"}],"predecessor-version":[{"id":3572,"href":"https:\/\/3dviewjanssen.com\/hu\/wp-json\/wp\/v2\/pages\/3092\/revisions\/3572"}],"up":[{"embeddable":true,"href":"https:\/\/3dviewjanssen.com\/hu\/wp-json\/wp\/v2\/pages\/3079"}],"wp:attachment":[{"href":"https:\/\/3dviewjanssen.com\/hu\/wp-json\/wp\/v2\/media?parent=3092"}],"curies":[{"name":"wp","href":"https:\/\/api.w.org\/{rel}","templated":true}]}}