{"id":3094,"date":"2025-08-19T13:10:10","date_gmt":"2025-08-19T13:10:10","guid":{"rendered":"https:\/\/3dviewjanssen.com\/?page_id=3094"},"modified":"2026-02-20T18:13:53","modified_gmt":"2026-02-20T18:13:53","slug":"uploads","status":"publish","type":"page","link":"https:\/\/3dviewjanssen.com\/hu\/home\/start\/service\/uploads\/","title":{"rendered":"Felt\u00f6lt\u00e9sek"},"content":{"rendered":"<figure class=\"wp-block-image alignright size-full is-resized\"><img loading=\"lazy\" decoding=\"async\" width=\"512\" height=\"512\" src=\"https:\/\/3dviewjanssen.com\/wp-content\/uploads\/2026\/01\/cropped-Logo_Farbig_Web.jpg\" alt=\"\" class=\"wp-image-3504\" style=\"width:124px;height:auto\" srcset=\"https:\/\/3dviewjanssen.com\/wp-content\/uploads\/2026\/01\/cropped-Logo_Farbig_Web.jpg 512w, https:\/\/3dviewjanssen.com\/wp-content\/uploads\/2026\/01\/cropped-Logo_Farbig_Web-300x300.jpg 300w, https:\/\/3dviewjanssen.com\/wp-content\/uploads\/2026\/01\/cropped-Logo_Farbig_Web-150x150.jpg 150w, https:\/\/3dviewjanssen.com\/wp-content\/uploads\/2026\/01\/cropped-Logo_Farbig_Web-12x12.jpg 12w, https:\/\/3dviewjanssen.com\/wp-content\/uploads\/2026\/01\/cropped-Logo_Farbig_Web-270x270.jpg 270w, https:\/\/3dviewjanssen.com\/wp-content\/uploads\/2026\/01\/cropped-Logo_Farbig_Web-192x192.jpg 192w, https:\/\/3dviewjanssen.com\/wp-content\/uploads\/2026\/01\/cropped-Logo_Farbig_Web-180x180.jpg 180w, https:\/\/3dviewjanssen.com\/wp-content\/uploads\/2026\/01\/cropped-Logo_Farbig_Web-32x32.jpg 32w\" sizes=\"auto, (max-width: 512px) 100vw, 512px\" \/><figcaption class=\"wp-element-caption\"><a href=\"https:\/\/3dviewjanssen.com\/hu\/home\/start\/\">Vissza...<\/a><\/figcaption><\/figure>\n\n\n\n<p>\ud83d\udcc2 <strong>Dokumentumok egyszer\u0171 \u00e9s biztons\u00e1gos felt\u00f6lt\u00e9se<\/strong><\/p>\n\n\n\n<p>Annak \u00e9rdek\u00e9ben, hogy k\u00e9r\u00e9seit gyorsan \u00e9s z\u00f6kken\u0151mentesen tudjuk feldolgozni, az Energiekontor Janssen lehet\u0151s\u00e9get k\u00edn\u00e1l \u00d6nnek arra, hogy felt\u00f6ltse a k\u00f6vetkez\u0151 fontos dokumentumokat, mint p\u00e9ld\u00e1ul <strong>\u00e1raj\u00e1nlatok, rajzok vagy sz\u00e1ml\u00e1k<\/strong> k\u00f6zvetlen\u00fcl.<\/p>\n\n\n\n<p>\u2714\ufe0f Gyors felt\u00f6lt\u00e9s - postai vagy e-mailes kit\u00e9r\u0151k n\u00e9lk\u00fcl<br>\u2714\ufe0f Biztons\u00e1gos \u00e1tvitel - az \u00d6n adatai v\u00e9dettek<br>\u2714\ufe0f Vil\u00e1gosan szervezett iktat\u00e1s - a hat\u00e9kony feldolgoz\u00e1s \u00e9rdek\u00e9ben<\/p>\n\n\n\n<p>\ud83d\udc49 Egyszer\u0171en t\u00f6ltse fel dokumentumait, a t\u00f6bbir\u0151l mi gondoskodunk.<\/p>\n\n\n\n<p><\/p>","protected":false},"excerpt":{"rendered":"<p>\ud83d\udcc2 Einfach &amp; sicher Unterlagen hochladen Damit wir Ihre Anliegen schnell und reibungslos bearbeiten k\u00f6nnen, bietet Energiekontor Janssen Ihnen hier die M\u00f6glichkeit, wichtige Dokumente wie Angebote, Zeichnungen oder Rechnungen direkt hochzuladen. \u2714\ufe0f Schneller Upload \u2013 ohne Umwege per Post oder E-Mail\u2714\ufe0f Sichere \u00dcbertragung \u2013 Ihre Daten sind gesch\u00fctzt\u2714\ufe0f \u00dcbersichtliche Ablage \u2013 f\u00fcr eine effiziente Bearbeitung [&hellip;]<\/p>\n","protected":false},"author":1,"featured_media":0,"parent":3079,"menu_order":2,"comment_status":"closed","ping_status":"closed","template":"","meta":{"_uag_custom_page_level_css":"","site-sidebar-layout":"default","site-content-layout":"","ast-site-content-layout":"default","site-content-style":"default","site-sidebar-style":"default","ast-global-header-display":"","ast-banner-title-visibility":"","ast-main-header-display":"","ast-hfb-above-header-display":"","ast-hfb-below-header-display":"","ast-hfb-mobile-header-display":"","site-post-title":"","ast-breadcrumbs-content":"","ast-featured-img":"","footer-sml-layout":"","ast-disable-related-posts":"","theme-transparent-header-meta":"","adv-header-id-meta":"","stick-header-meta":"","header-above-stick-meta":"","header-main-stick-meta":"","header-below-stick-meta":"","astra-migrate-meta-layouts":"set","ast-page-background-enabled":"default","ast-page-background-meta":{"desktop":{"background-color":"","background-image":"","background-repeat":"repeat","background-position":"center center","background-size":"auto","background-attachment":"scroll","background-type":"","background-media":"","overlay-type":"","overlay-color":"","overlay-opacity":"","overlay-gradient":""},"tablet":{"background-color":"","background-image":"","background-repeat":"repeat","background-position":"center center","background-size":"auto","background-attachment":"scroll","background-type":"","background-media":"","overlay-type":"","overlay-color":"","overlay-opacity":"","overlay-gradient":""},"mobile":{"background-color":"","background-image":"","background-repeat":"repeat","background-position":"center center","background-size":"auto","background-attachment":"scroll","background-type":"","background-media":"","overlay-type":"","overlay-color":"","overlay-opacity":"","overlay-gradient":""}},"ast-content-background-meta":{"desktop":{"background-color":"var(--ast-global-color-5)","background-image":"","background-repeat":"repeat","background-position":"center center","background-size":"auto","background-attachment":"scroll","background-type":"","background-media":"","overlay-type":"","overlay-color":"","overlay-opacity":"","overlay-gradient":""},"tablet":{"background-color":"var(--ast-global-color-5)","background-image":"","background-repeat":"repeat","background-position":"center center","background-size":"auto","background-attachment":"scroll","background-type":"","background-media":"","overlay-type":"","overlay-color":"","overlay-opacity":"","overlay-gradient":""},"mobile":{"background-color":"var(--ast-global-color-5)","background-image":"","background-repeat":"repeat","background-position":"center center","background-size":"auto","background-attachment":"scroll","background-type":"","background-media":"","overlay-type":"","overlay-color":"","overlay-opacity":"","overlay-gradient":""}},"footnotes":""},"class_list":["post-3094","page","type-page","status-publish","hentry"],"aioseo_notices":[],"uagb_featured_image_src":{"full":false,"thumbnail":false,"medium":false,"medium_large":false,"large":false,"1536x1536":false,"2048x2048":false,"trp-custom-language-flag":false},"uagb_author_info":{"display_name":"dj23769@gmail.com","author_link":"https:\/\/3dviewjanssen.com\/hu\/author\/dj23769gmail-com\/"},"uagb_comment_info":0,"uagb_excerpt":"\ud83d\udcc2 Einfach &amp; sicher Unterlagen hochladen Damit wir Ihre Anliegen schnell und reibungslos bearbeiten k\u00f6nnen, bietet Energiekontor Janssen Ihnen hier die M\u00f6glichkeit, wichtige Dokumente wie Angebote, Zeichnungen oder Rechnungen direkt hochzuladen. \u2714\ufe0f Schneller Upload \u2013 ohne Umwege per Post oder E-Mail\u2714\ufe0f Sichere \u00dcbertragung \u2013 Ihre Daten sind gesch\u00fctzt\u2714\ufe0f \u00dcbersichtliche Ablage \u2013 f\u00fcr eine effiziente Bearbeitung&hellip;","_links":{"self":[{"href":"https:\/\/3dviewjanssen.com\/hu\/wp-json\/wp\/v2\/pages\/3094","targetHints":{"allow":["GET"]}}],"collection":[{"href":"https:\/\/3dviewjanssen.com\/hu\/wp-json\/wp\/v2\/pages"}],"about":[{"href":"https:\/\/3dviewjanssen.com\/hu\/wp-json\/wp\/v2\/types\/page"}],"author":[{"embeddable":true,"href":"https:\/\/3dviewjanssen.com\/hu\/wp-json\/wp\/v2\/users\/1"}],"replies":[{"embeddable":true,"href":"https:\/\/3dviewjanssen.com\/hu\/wp-json\/wp\/v2\/comments?post=3094"}],"version-history":[{"count":6,"href":"https:\/\/3dviewjanssen.com\/hu\/wp-json\/wp\/v2\/pages\/3094\/revisions"}],"predecessor-version":[{"id":3541,"href":"https:\/\/3dviewjanssen.com\/hu\/wp-json\/wp\/v2\/pages\/3094\/revisions\/3541"}],"up":[{"embeddable":true,"href":"https:\/\/3dviewjanssen.com\/hu\/wp-json\/wp\/v2\/pages\/3079"}],"wp:attachment":[{"href":"https:\/\/3dviewjanssen.com\/hu\/wp-json\/wp\/v2\/media?parent=3094"}],"curies":[{"name":"wp","href":"https:\/\/api.w.org\/{rel}","templated":true}]}}