{"id":3098,"date":"2025-08-19T13:13:16","date_gmt":"2025-08-19T13:13:16","guid":{"rendered":"https:\/\/3dviewjanssen.com\/?page_id=3098"},"modified":"2026-01-18T10:59:57","modified_gmt":"2026-01-18T10:59:57","slug":"projekte","status":"publish","type":"page","link":"https:\/\/3dviewjanssen.com\/hu\/home\/start\/projekte\/","title":{"rendered":"Tan\u00e1csad\u00e1s"},"content":{"rendered":"<figure class=\"wp-block-image alignright size-full is-resized\"><img loading=\"lazy\" decoding=\"async\" width=\"144\" height=\"96\" src=\"https:\/\/3dviewjanssen.com\/wp-content\/uploads\/2026\/01\/Logo_Farbig_Web.jpg\" alt=\"\" class=\"wp-image-3499\" style=\"width:110px;height:auto\" srcset=\"https:\/\/3dviewjanssen.com\/wp-content\/uploads\/2026\/01\/Logo_Farbig_Web.jpg 144w, https:\/\/3dviewjanssen.com\/wp-content\/uploads\/2026\/01\/Logo_Farbig_Web-18x12.jpg 18w\" sizes=\"auto, (max-width: 144px) 100vw, 144px\" \/><figcaption class=\"wp-element-caption\"><a href=\"https:\/\/3dviewjanssen.com\/hu\/home\/start\/\">Vissza...<\/a><\/figcaption><\/figure>\n\n\n\n<p>\ud83c\udf31 <strong>Energiekontor Janssen - Az \u00d6n partnere az energia, a pen\u00e9sz \u00e9s az eg\u00e9szs\u00e9ges \u00e9letm\u00f3d ter\u00e9n<\/strong><\/p>\n\n\n\n<p>Energiahat\u00e9kony, modern \u00e9s eg\u00e9szs\u00e9ges \u00e9letm\u00f3d - mi t\u00e1mogatjuk \u00d6nt!<br>Az Energiekontor Janssen szak\u00e9rt\u0151i tan\u00e1csad\u00e1ssal \u00e9s gyakorlati megold\u00e1sokkal \u00e1ll az \u00d6n rendelkez\u00e9s\u00e9re ingatlan\u00e1nak minden ter\u00fclet\u00e9n:<\/p>\n\n\n\n<ul class=\"wp-block-list\">\n<li>\ud83d\udd0b <strong>Energetikai tan\u00e1csad\u00e1s<\/strong> - Megmutatjuk, hogyan cs\u00f6kkentheti az energiak\u00f6lts\u00e9geket \u00e9s hogyan teheti j\u00f6v\u0151biztoss\u00e1 ingatlan\u00e1t.<\/li>\n\n\n\n<li>\ud83e\udda0 <strong>Pen\u00e9sz tan\u00e1csad\u00e1s<\/strong> - Elemezz\u00fck az okokat, megold\u00e1sokat tal\u00e1lunk \u00e9s biztos\u00edtjuk a tart\u00f3san eg\u00e9szs\u00e9ges belt\u00e9ri kl\u00edm\u00e1t.<\/li>\n<\/ul>\n\n\n\n<p>Az Energiekontor Janssen egyes\u00edti a szak\u00e9rtelmet \u00e9s a tapasztalatot, hogy otthona ne csak szebb, hanem fenntarthat\u00f3bb \u00e9s eg\u00e9szs\u00e9gesebb is legyen.<\/p>\n\n\n\n<p><\/p>","protected":false},"excerpt":{"rendered":"<p>\ud83c\udf31 Energiekontor Janssen \u2013 Ihr Partner f\u00fcr Energie, Schimmel &amp; gesundes Wohnen Energieeffizient, modern und gesund wohnen \u2013 wir unterst\u00fctzen Sie dabei!Mit dem Energiekontor Janssen erhalten Sie kompetente Beratung und praxisnahe L\u00f6sungen rund um Ihre Immobilie: \ud83d\udc49 Das Energiekontor Janssen verbindet Fachwissen mit Erfahrung, damit Ihr Zuhause nicht nur sch\u00f6ner, sondern auch nachhaltiger und ges\u00fcnder [&hellip;]<\/p>\n","protected":false},"author":1,"featured_media":0,"parent":2514,"menu_order":2,"comment_status":"closed","ping_status":"closed","template":"","meta":{"_uag_custom_page_level_css":"","site-sidebar-layout":"default","site-content-layout":"","ast-site-content-layout":"default","site-content-style":"default","site-sidebar-style":"default","ast-global-header-display":"","ast-banner-title-visibility":"","ast-main-header-display":"","ast-hfb-above-header-display":"","ast-hfb-below-header-display":"","ast-hfb-mobile-header-display":"","site-post-title":"","ast-breadcrumbs-content":"","ast-featured-img":"","footer-sml-layout":"","ast-disable-related-posts":"","theme-transparent-header-meta":"","adv-header-id-meta":"","stick-header-meta":"","header-above-stick-meta":"","header-main-stick-meta":"","header-below-stick-meta":"","astra-migrate-meta-layouts":"set","ast-page-background-enabled":"default","ast-page-background-meta":{"desktop":{"background-color":"","background-image":"","background-repeat":"repeat","background-position":"center center","background-size":"auto","background-attachment":"scroll","background-type":"","background-media":"","overlay-type":"","overlay-color":"","overlay-opacity":"","overlay-gradient":""},"tablet":{"background-color":"","background-image":"","background-repeat":"repeat","background-position":"center center","background-size":"auto","background-attachment":"scroll","background-type":"","background-media":"","overlay-type":"","overlay-color":"","overlay-opacity":"","overlay-gradient":""},"mobile":{"background-color":"","background-image":"","background-repeat":"repeat","background-position":"center center","background-size":"auto","background-attachment":"scroll","background-type":"","background-media":"","overlay-type":"","overlay-color":"","overlay-opacity":"","overlay-gradient":""}},"ast-content-background-meta":{"desktop":{"background-color":"var(--ast-global-color-5)","background-image":"","background-repeat":"repeat","background-position":"center center","background-size":"auto","background-attachment":"scroll","background-type":"","background-media":"","overlay-type":"","overlay-color":"","overlay-opacity":"","overlay-gradient":""},"tablet":{"background-color":"var(--ast-global-color-5)","background-image":"","background-repeat":"repeat","background-position":"center center","background-size":"auto","background-attachment":"scroll","background-type":"","background-media":"","overlay-type":"","overlay-color":"","overlay-opacity":"","overlay-gradient":""},"mobile":{"background-color":"var(--ast-global-color-5)","background-image":"","background-repeat":"repeat","background-position":"center center","background-size":"auto","background-attachment":"scroll","background-type":"","background-media":"","overlay-type":"","overlay-color":"","overlay-opacity":"","overlay-gradient":""}},"footnotes":""},"class_list":["post-3098","page","type-page","status-publish","hentry"],"aioseo_notices":[],"uagb_featured_image_src":{"full":false,"thumbnail":false,"medium":false,"medium_large":false,"large":false,"1536x1536":false,"2048x2048":false,"trp-custom-language-flag":false},"uagb_author_info":{"display_name":"dj23769@gmail.com","author_link":"https:\/\/3dviewjanssen.com\/hu\/author\/dj23769gmail-com\/"},"uagb_comment_info":0,"uagb_excerpt":"\ud83c\udf31 Energiekontor Janssen \u2013 Ihr Partner f\u00fcr Energie, Schimmel &amp; gesundes Wohnen Energieeffizient, modern und gesund wohnen \u2013 wir unterst\u00fctzen Sie dabei!Mit dem Energiekontor Janssen erhalten Sie kompetente Beratung und praxisnahe L\u00f6sungen rund um Ihre Immobilie: \ud83d\udc49 Das Energiekontor Janssen verbindet Fachwissen mit Erfahrung, damit Ihr Zuhause nicht nur sch\u00f6ner, sondern auch nachhaltiger und ges\u00fcnder&hellip;","_links":{"self":[{"href":"https:\/\/3dviewjanssen.com\/hu\/wp-json\/wp\/v2\/pages\/3098","targetHints":{"allow":["GET"]}}],"collection":[{"href":"https:\/\/3dviewjanssen.com\/hu\/wp-json\/wp\/v2\/pages"}],"about":[{"href":"https:\/\/3dviewjanssen.com\/hu\/wp-json\/wp\/v2\/types\/page"}],"author":[{"embeddable":true,"href":"https:\/\/3dviewjanssen.com\/hu\/wp-json\/wp\/v2\/users\/1"}],"replies":[{"embeddable":true,"href":"https:\/\/3dviewjanssen.com\/hu\/wp-json\/wp\/v2\/comments?post=3098"}],"version-history":[{"count":9,"href":"https:\/\/3dviewjanssen.com\/hu\/wp-json\/wp\/v2\/pages\/3098\/revisions"}],"predecessor-version":[{"id":3522,"href":"https:\/\/3dviewjanssen.com\/hu\/wp-json\/wp\/v2\/pages\/3098\/revisions\/3522"}],"up":[{"embeddable":true,"href":"https:\/\/3dviewjanssen.com\/hu\/wp-json\/wp\/v2\/pages\/2514"}],"wp:attachment":[{"href":"https:\/\/3dviewjanssen.com\/hu\/wp-json\/wp\/v2\/media?parent=3098"}],"curies":[{"name":"wp","href":"https:\/\/api.w.org\/{rel}","templated":true}]}}