{"id":3100,"date":"2025-08-19T13:16:37","date_gmt":"2025-08-19T13:16:37","guid":{"rendered":"https:\/\/3dviewjanssen.com\/?page_id=3100"},"modified":"2026-02-20T18:12:26","modified_gmt":"2026-02-20T18:12:26","slug":"energieberatung","status":"publish","type":"page","link":"https:\/\/3dviewjanssen.com\/hu\/home\/start\/projekte\/energieberatung\/","title":{"rendered":"Energetikai tan\u00e1csad\u00e1s"},"content":{"rendered":"<figure class=\"wp-block-image alignright size-full is-resized\"><img loading=\"lazy\" decoding=\"async\" width=\"144\" height=\"96\" src=\"https:\/\/3dviewjanssen.com\/wp-content\/uploads\/2026\/01\/Logo_Farbig_Web.jpg\" alt=\"\" class=\"wp-image-3499\" style=\"width:124px;height:auto\" srcset=\"https:\/\/3dviewjanssen.com\/wp-content\/uploads\/2026\/01\/Logo_Farbig_Web.jpg 144w, https:\/\/3dviewjanssen.com\/wp-content\/uploads\/2026\/01\/Logo_Farbig_Web-18x12.jpg 18w\" sizes=\"auto, (max-width: 144px) 100vw, 144px\" \/><figcaption class=\"wp-element-caption\"><a href=\"https:\/\/3dviewjanssen.com\/hu\/home\/start\/\">Vissza...<\/a><\/figcaption><\/figure>\n\n\n\n<p>\ud83d\udd0b <strong>Energetikai tan\u00e1csad\u00e1s az Energiekontor Janssen-t\u0151l - hat\u00e9kony, fenntarthat\u00f3, j\u00f6v\u0151biztos<\/strong><\/p>\n\n\n\n<p>Az energia \u00e9rt\u00e9kes - \u00e9s a megfelel\u0151 strat\u00e9gi\u00e1val p\u00e9nzt takar\u00edthat meg. Szakszer\u0171 energetikai tan\u00e1csad\u00e1sunkkal egy\u00e9rtelm\u0171 elemz\u00e9st kap ingatlana jelenlegi energiafogyaszt\u00e1s\u00e1r\u00f3l, \u00e9s konkr\u00e9t int\u00e9zked\u00e9seket arra vonatkoz\u00f3an, hogyan optimaliz\u00e1lhatja azt.<\/p>\n\n\n\n<p>Legyen sz\u00f3 korszer\u0171s\u00edt\u00e9sr\u0151l, fel\u00faj\u00edt\u00e1sr\u00f3l vagy meg\u00fajul\u00f3 energi\u00e1k haszn\u00e1lat\u00e1r\u00f3l - egy\u00fctt dolgozunk \u00d6nnel, hogy olyan egyedi koncepci\u00f3t dolgozzunk ki, amely a k\u00f6rnyezetet \u00e9s az \u00d6n p\u00e9nzt\u00e1rc\u00e1j\u00e1t is k\u00edm\u00e9li.<\/p>\n\n\n\n<p>\ud83d\udc49 Az Energiekontor Janssennel megteremti egy energiahat\u00e9kony otthon alapj\u00e1t, \u00e9s ezzel egyidej\u0171leg n\u00f6veli ingatlana \u00e9rt\u00e9k\u00e9t.<\/p>\n\n\n\n<p><\/p>","protected":false},"excerpt":{"rendered":"<p>\ud83d\udd0b Energieberatung vom Energiekontor Janssen \u2013 effizient, nachhaltig, zukunftssicher Energie ist kostbar \u2013 und die richtige Strategie spart bares Geld. Mit unserer professionellen Energieberatung erhalten Sie eine klare Analyse des aktuellen Energieverbrauchs Ihrer Immobilie und konkrete Ma\u00dfnahmen, wie Sie diesen optimieren k\u00f6nnen. Ob Modernisierung, Sanierung oder der Einsatz erneuerbarer Energien \u2013 wir entwickeln gemeinsam mit [&hellip;]<\/p>\n","protected":false},"author":1,"featured_media":0,"parent":3098,"menu_order":1,"comment_status":"closed","ping_status":"closed","template":"","meta":{"_uag_custom_page_level_css":"","site-sidebar-layout":"default","site-content-layout":"","ast-site-content-layout":"default","site-content-style":"default","site-sidebar-style":"default","ast-global-header-display":"","ast-banner-title-visibility":"","ast-main-header-display":"","ast-hfb-above-header-display":"","ast-hfb-below-header-display":"","ast-hfb-mobile-header-display":"","site-post-title":"","ast-breadcrumbs-content":"","ast-featured-img":"","footer-sml-layout":"","ast-disable-related-posts":"","theme-transparent-header-meta":"","adv-header-id-meta":"","stick-header-meta":"","header-above-stick-meta":"","header-main-stick-meta":"","header-below-stick-meta":"","astra-migrate-meta-layouts":"set","ast-page-background-enabled":"default","ast-page-background-meta":{"desktop":{"background-color":"","background-image":"","background-repeat":"repeat","background-position":"center center","background-size":"auto","background-attachment":"scroll","background-type":"","background-media":"","overlay-type":"","overlay-color":"","overlay-opacity":"","overlay-gradient":""},"tablet":{"background-color":"","background-image":"","background-repeat":"repeat","background-position":"center center","background-size":"auto","background-attachment":"scroll","background-type":"","background-media":"","overlay-type":"","overlay-color":"","overlay-opacity":"","overlay-gradient":""},"mobile":{"background-color":"","background-image":"","background-repeat":"repeat","background-position":"center center","background-size":"auto","background-attachment":"scroll","background-type":"","background-media":"","overlay-type":"","overlay-color":"","overlay-opacity":"","overlay-gradient":""}},"ast-content-background-meta":{"desktop":{"background-color":"var(--ast-global-color-5)","background-image":"","background-repeat":"repeat","background-position":"center center","background-size":"auto","background-attachment":"scroll","background-type":"","background-media":"","overlay-type":"","overlay-color":"","overlay-opacity":"","overlay-gradient":""},"tablet":{"background-color":"var(--ast-global-color-5)","background-image":"","background-repeat":"repeat","background-position":"center center","background-size":"auto","background-attachment":"scroll","background-type":"","background-media":"","overlay-type":"","overlay-color":"","overlay-opacity":"","overlay-gradient":""},"mobile":{"background-color":"var(--ast-global-color-5)","background-image":"","background-repeat":"repeat","background-position":"center center","background-size":"auto","background-attachment":"scroll","background-type":"","background-media":"","overlay-type":"","overlay-color":"","overlay-opacity":"","overlay-gradient":""}},"footnotes":""},"class_list":["post-3100","page","type-page","status-publish","hentry"],"aioseo_notices":[],"uagb_featured_image_src":{"full":false,"thumbnail":false,"medium":false,"medium_large":false,"large":false,"1536x1536":false,"2048x2048":false,"trp-custom-language-flag":false},"uagb_author_info":{"display_name":"dj23769@gmail.com","author_link":"https:\/\/3dviewjanssen.com\/hu\/author\/dj23769gmail-com\/"},"uagb_comment_info":0,"uagb_excerpt":"\ud83d\udd0b Energieberatung vom Energiekontor Janssen \u2013 effizient, nachhaltig, zukunftssicher Energie ist kostbar \u2013 und die richtige Strategie spart bares Geld. Mit unserer professionellen Energieberatung erhalten Sie eine klare Analyse des aktuellen Energieverbrauchs Ihrer Immobilie und konkrete Ma\u00dfnahmen, wie Sie diesen optimieren k\u00f6nnen. Ob Modernisierung, Sanierung oder der Einsatz erneuerbarer Energien \u2013 wir entwickeln gemeinsam mit&hellip;","_links":{"self":[{"href":"https:\/\/3dviewjanssen.com\/hu\/wp-json\/wp\/v2\/pages\/3100","targetHints":{"allow":["GET"]}}],"collection":[{"href":"https:\/\/3dviewjanssen.com\/hu\/wp-json\/wp\/v2\/pages"}],"about":[{"href":"https:\/\/3dviewjanssen.com\/hu\/wp-json\/wp\/v2\/types\/page"}],"author":[{"embeddable":true,"href":"https:\/\/3dviewjanssen.com\/hu\/wp-json\/wp\/v2\/users\/1"}],"replies":[{"embeddable":true,"href":"https:\/\/3dviewjanssen.com\/hu\/wp-json\/wp\/v2\/comments?post=3100"}],"version-history":[{"count":6,"href":"https:\/\/3dviewjanssen.com\/hu\/wp-json\/wp\/v2\/pages\/3100\/revisions"}],"predecessor-version":[{"id":3538,"href":"https:\/\/3dviewjanssen.com\/hu\/wp-json\/wp\/v2\/pages\/3100\/revisions\/3538"}],"up":[{"embeddable":true,"href":"https:\/\/3dviewjanssen.com\/hu\/wp-json\/wp\/v2\/pages\/3098"}],"wp:attachment":[{"href":"https:\/\/3dviewjanssen.com\/hu\/wp-json\/wp\/v2\/media?parent=3100"}],"curies":[{"name":"wp","href":"https:\/\/api.w.org\/{rel}","templated":true}]}}