{"id":3128,"date":"2025-08-21T18:29:16","date_gmt":"2025-08-21T18:29:16","guid":{"rendered":"https:\/\/3dviewjanssen.com\/de_de\/?page_id=3128"},"modified":"2026-02-20T18:12:02","modified_gmt":"2026-02-20T18:12:02","slug":"schimmelberatung","status":"publish","type":"page","link":"https:\/\/3dviewjanssen.com\/hu\/home\/start\/projekte\/schimmelberatung\/","title":{"rendered":"Pen\u00e9sz tan\u00e1csad\u00e1s"},"content":{"rendered":"<figure class=\"wp-block-image alignright size-full is-resized\"><img loading=\"lazy\" decoding=\"async\" width=\"144\" height=\"96\" src=\"https:\/\/3dviewjanssen.com\/wp-content\/uploads\/2026\/01\/Logo_Farbig_Web.jpg\" alt=\"\" class=\"wp-image-3499\" style=\"width:124px;height:auto\" srcset=\"https:\/\/3dviewjanssen.com\/wp-content\/uploads\/2026\/01\/Logo_Farbig_Web.jpg 144w, https:\/\/3dviewjanssen.com\/wp-content\/uploads\/2026\/01\/Logo_Farbig_Web-18x12.jpg 18w\" sizes=\"auto, (max-width: 144px) 100vw, 144px\" \/><figcaption class=\"wp-element-caption\"><a href=\"https:\/\/3dviewjanssen.com\/hu\/home\/start\/\">Vissza...<\/a><\/figcaption><\/figure>\n\n\n\n<p>\ud83e\udda0 <strong>Pen\u00e9szre vonatkoz\u00f3 tan\u00e1csad\u00e1s az Energiekotnor Janssen-t\u0151l - az eg\u00e9szs\u00e9ges \u00e9letm\u00f3d\u00e9rt<\/strong><\/p>\n\n\n\n<p>A lak\u00f3terekben tal\u00e1lhat\u00f3 pen\u00e9sz nemcsak cs\u00fanya, hanem k\u00e1ros\u00edthatja az \u00e9p\u00fcletszerkezetet \u00e9s k\u00e1ros\u00edthatja az eg\u00e9szs\u00e9get. Szakszer\u0171 pen\u00e9sztan\u00e1csad\u00e1sunkkal \u00d6n a k\u00f6vetkez\u0151ket kapja <strong>Az okok alapos elemz\u00e9se<\/strong>, gyakorlati megold\u00e1sok \u00e9s egy\u00e9rtelm\u0171 cselekv\u00e9si aj\u00e1nl\u00e1sok.<\/p>\n\n\n\n<p>Elemezz\u00fck, honnan ered a nedvess\u00e9g, hogyan lehet tart\u00f3san megel\u0151zni, \u00e9s milyen fel\u00faj\u00edt\u00e1si int\u00e9zked\u00e9seknek van \u00e9rtelme. Ennek sor\u00e1n a k\u00f6vetkez\u0151kre t\u00e1maszkodunk <strong>\u00c1tl\u00e1that\u00f3 tan\u00e1csad\u00e1s \u00e9s fenntarthat\u00f3 megold\u00e1sok<\/strong>, hogy otthona hossz\u00fa t\u00e1von pen\u00e9szmentes maradjon.<\/p>\n\n\n\n<p>Az Energiekontor Janssen biztos\u00edtja az eg\u00e9szs\u00e9ges belt\u00e9ri kl\u00edm\u00e1t \u00e9s meg\u0151rzi ingatlana \u00e9rt\u00e9k\u00e9t.<\/p>\n\n\n\n<p><\/p>","protected":false},"excerpt":{"rendered":"<p>\ud83e\udda0 Schimmelberatung vom Energiekotnor Janssen \u2013 f\u00fcr gesundes Wohnen Schimmel in Wohnr\u00e4umen ist nicht nur unsch\u00f6n, sondern kann auch die Bausubstanz sch\u00e4digen und die Gesundheit beeintr\u00e4chtigen. Mit unserer professionellen Schimmelberatung erhalten Sie eine gr\u00fcndliche Analyse der Ursachen, praxisnahe L\u00f6sungsvorschl\u00e4ge und klare Handlungsempfehlungen. Wir pr\u00fcfen, woher die Feuchtigkeit kommt, wie sie sich dauerhaft vermeiden l\u00e4sst und [&hellip;]<\/p>\n","protected":false},"author":1,"featured_media":0,"parent":3098,"menu_order":0,"comment_status":"closed","ping_status":"closed","template":"","meta":{"_uag_custom_page_level_css":"","site-sidebar-layout":"default","site-content-layout":"","ast-site-content-layout":"default","site-content-style":"default","site-sidebar-style":"default","ast-global-header-display":"","ast-banner-title-visibility":"","ast-main-header-display":"","ast-hfb-above-header-display":"","ast-hfb-below-header-display":"","ast-hfb-mobile-header-display":"","site-post-title":"","ast-breadcrumbs-content":"","ast-featured-img":"","footer-sml-layout":"","ast-disable-related-posts":"","theme-transparent-header-meta":"","adv-header-id-meta":"","stick-header-meta":"","header-above-stick-meta":"","header-main-stick-meta":"","header-below-stick-meta":"","astra-migrate-meta-layouts":"set","ast-page-background-enabled":"default","ast-page-background-meta":{"desktop":{"background-color":"","background-image":"","background-repeat":"repeat","background-position":"center center","background-size":"auto","background-attachment":"scroll","background-type":"","background-media":"","overlay-type":"","overlay-color":"","overlay-opacity":"","overlay-gradient":""},"tablet":{"background-color":"","background-image":"","background-repeat":"repeat","background-position":"center center","background-size":"auto","background-attachment":"scroll","background-type":"","background-media":"","overlay-type":"","overlay-color":"","overlay-opacity":"","overlay-gradient":""},"mobile":{"background-color":"","background-image":"","background-repeat":"repeat","background-position":"center center","background-size":"auto","background-attachment":"scroll","background-type":"","background-media":"","overlay-type":"","overlay-color":"","overlay-opacity":"","overlay-gradient":""}},"ast-content-background-meta":{"desktop":{"background-color":"var(--ast-global-color-5)","background-image":"","background-repeat":"repeat","background-position":"center center","background-size":"auto","background-attachment":"scroll","background-type":"","background-media":"","overlay-type":"","overlay-color":"","overlay-opacity":"","overlay-gradient":""},"tablet":{"background-color":"var(--ast-global-color-5)","background-image":"","background-repeat":"repeat","background-position":"center center","background-size":"auto","background-attachment":"scroll","background-type":"","background-media":"","overlay-type":"","overlay-color":"","overlay-opacity":"","overlay-gradient":""},"mobile":{"background-color":"var(--ast-global-color-5)","background-image":"","background-repeat":"repeat","background-position":"center center","background-size":"auto","background-attachment":"scroll","background-type":"","background-media":"","overlay-type":"","overlay-color":"","overlay-opacity":"","overlay-gradient":""}},"footnotes":""},"class_list":["post-3128","page","type-page","status-publish","hentry"],"aioseo_notices":[],"uagb_featured_image_src":{"full":false,"thumbnail":false,"medium":false,"medium_large":false,"large":false,"1536x1536":false,"2048x2048":false,"trp-custom-language-flag":false},"uagb_author_info":{"display_name":"dj23769@gmail.com","author_link":"https:\/\/3dviewjanssen.com\/hu\/author\/dj23769gmail-com\/"},"uagb_comment_info":0,"uagb_excerpt":"\ud83e\udda0 Schimmelberatung vom Energiekotnor Janssen \u2013 f\u00fcr gesundes Wohnen Schimmel in Wohnr\u00e4umen ist nicht nur unsch\u00f6n, sondern kann auch die Bausubstanz sch\u00e4digen und die Gesundheit beeintr\u00e4chtigen. Mit unserer professionellen Schimmelberatung erhalten Sie eine gr\u00fcndliche Analyse der Ursachen, praxisnahe L\u00f6sungsvorschl\u00e4ge und klare Handlungsempfehlungen. Wir pr\u00fcfen, woher die Feuchtigkeit kommt, wie sie sich dauerhaft vermeiden l\u00e4sst und&hellip;","_links":{"self":[{"href":"https:\/\/3dviewjanssen.com\/hu\/wp-json\/wp\/v2\/pages\/3128","targetHints":{"allow":["GET"]}}],"collection":[{"href":"https:\/\/3dviewjanssen.com\/hu\/wp-json\/wp\/v2\/pages"}],"about":[{"href":"https:\/\/3dviewjanssen.com\/hu\/wp-json\/wp\/v2\/types\/page"}],"author":[{"embeddable":true,"href":"https:\/\/3dviewjanssen.com\/hu\/wp-json\/wp\/v2\/users\/1"}],"replies":[{"embeddable":true,"href":"https:\/\/3dviewjanssen.com\/hu\/wp-json\/wp\/v2\/comments?post=3128"}],"version-history":[{"count":6,"href":"https:\/\/3dviewjanssen.com\/hu\/wp-json\/wp\/v2\/pages\/3128\/revisions"}],"predecessor-version":[{"id":3537,"href":"https:\/\/3dviewjanssen.com\/hu\/wp-json\/wp\/v2\/pages\/3128\/revisions\/3537"}],"up":[{"embeddable":true,"href":"https:\/\/3dviewjanssen.com\/hu\/wp-json\/wp\/v2\/pages\/3098"}],"wp:attachment":[{"href":"https:\/\/3dviewjanssen.com\/hu\/wp-json\/wp\/v2\/media?parent=3128"}],"curies":[{"name":"wp","href":"https:\/\/api.w.org\/{rel}","templated":true}]}}