{"id":3310,"date":"2025-09-16T08:06:27","date_gmt":"2025-09-16T08:06:27","guid":{"rendered":"https:\/\/3dviewjanssen.com\/?page_id=3310"},"modified":"2026-01-18T10:58:52","modified_gmt":"2026-01-18T10:58:52","slug":"ergebnis-der-wertermittlung-hu","status":"publish","type":"page","link":"https:\/\/3dviewjanssen.com\/hu\/home\/start\/immobilien\/wertermittlung\/wertermittlung-hu\/ergebnis-der-wertermittlung-hu\/","title":{"rendered":"Az \u00e9rt\u00e9kel\u00e9s eredm\u00e9nye HU"},"content":{"rendered":"<figure class=\"wp-block-image alignright size-full is-resized\"><img loading=\"lazy\" decoding=\"async\" width=\"144\" height=\"96\" src=\"https:\/\/3dviewjanssen.com\/wp-content\/uploads\/2026\/01\/Logo_Farbig_Web.jpg\" alt=\"\" class=\"wp-image-3499\" style=\"width:110px;height:auto\" srcset=\"https:\/\/3dviewjanssen.com\/wp-content\/uploads\/2026\/01\/Logo_Farbig_Web.jpg 144w, https:\/\/3dviewjanssen.com\/wp-content\/uploads\/2026\/01\/Logo_Farbig_Web-18x12.jpg 18w\" sizes=\"auto, (max-width: 144px) 100vw, 144px\" \/><figcaption class=\"wp-element-caption\"><a href=\"https:\/\/3dviewjanssen.com\/hu\/home\/start\/\">Vissza...<\/a><\/figcaption><\/figure>\n\n\n<style>.wertermittlung p { margin:3px 0; }<\/style><div class='wertermittlung' style='font-family:Arial, sans-serif; text-align:left; line-height:1.2;'><h2>Utols\u00f3 \u00e9rt\u00e9kel\u00e9s (ID 13)<\/h2><p><strong>Megnevez\u00e9s:<\/strong> EFH Bgm. Feilke Str. 8a<\/p><p><strong>Utca:<\/strong> Minta utca 99<\/p><p><strong>POSTAC\u00cdM:<\/strong> 99999<\/p><p><strong>Helysz\u00edn:<\/strong> A minta helye<\/p><p><strong>Az \u00e9p\u00edt\u00e9s \u00e9ve:<\/strong> 1890 (\u00e9letkor: 135 \u00e9v)<\/p><p><strong>Lak\u00f3t\u00e9r:<\/strong> 195.00 m\u00b2<\/p><p><strong>Lak\u00f3egys\u00e9gek:<\/strong> 2<\/p><p><strong>Ter\u00fclet:<\/strong> 1250.00 m\u00b2<\/p><p><strong>B\u00e9rl\u00e9s:<\/strong> 625.00 \u20ac<\/p><p><strong>M\u0171k\u00f6d\u00e9si k\u00f6lts\u00e9gek:<\/strong> 475.00 \u20ac<\/p><hr><h3>Sz\u00e1m\u00edt\u00e1si l\u00e9p\u00e9sek<\/h3><p><strong>Alap\u00e9rt\u00e9k:<\/strong> 18.750,00 \u20ac<\/p><p><strong>Helysz\u00edn \u00e9rt\u00e9ke:<\/strong> 27.648,00 \u20ac<\/p><p><strong>\u00c9letkori t\u00e9nyez\u0151:<\/strong> 0,07<\/p><p><strong>Lakoss\u00e1gi \u00e9rt\u00e9k:<\/strong> 8.168,33 \u20ac<\/p><p><strong>Berendez\u00e9s \u00e9rt\u00e9ke:<\/strong> 74.571,18 \u20ac<\/p><hr><p style='font-size:1.5em; color:green; text-align:center;'>\n                    <strong>Az ingatlan becs\u00fclt \u00e9rt\u00e9ke: 130 000 \u20ac<\/strong>\n                  <\/p><\/div><p style='font-size:0.8em; color:gray;'>1.4.2 verzi\u00f3<\/p>\n\n\n<p>\u2705 A magyar nyelv\u0171 \u00e9rt\u00e9kbecsl\u00e9st sikeresen elk\u00e9sz\u00edtett\u00fck..: <a href='https:\/\/3dviewjanssen.com\/wp-content\/uploads\/wertermittlung_hu_1776412984.pdf' target='_blank'>PDF megnyit\u00e1sa<\/a><\/p>\n\n\n\n<p><\/p>","protected":false},"excerpt":{"rendered":"","protected":false},"author":1,"featured_media":0,"parent":3191,"menu_order":2,"comment_status":"closed","ping_status":"closed","template":"","meta":{"_uag_custom_page_level_css":"","site-sidebar-layout":"default","site-content-layout":"","ast-site-content-layout":"default","site-content-style":"default","site-sidebar-style":"default","ast-global-header-display":"","ast-banner-title-visibility":"","ast-main-header-display":"","ast-hfb-above-header-display":"","ast-hfb-below-header-display":"","ast-hfb-mobile-header-display":"","site-post-title":"","ast-breadcrumbs-content":"","ast-featured-img":"","footer-sml-layout":"","ast-disable-related-posts":"","theme-transparent-header-meta":"","adv-header-id-meta":"","stick-header-meta":"","header-above-stick-meta":"","header-main-stick-meta":"","header-below-stick-meta":"","astra-migrate-meta-layouts":"set","ast-page-background-enabled":"default","ast-page-background-meta":{"desktop":{"background-color":"","background-image":"","background-repeat":"repeat","background-position":"center center","background-size":"auto","background-attachment":"scroll","background-type":"","background-media":"","overlay-type":"","overlay-color":"","overlay-opacity":"","overlay-gradient":""},"tablet":{"background-color":"","background-image":"","background-repeat":"repeat","background-position":"center center","background-size":"auto","background-attachment":"scroll","background-type":"","background-media":"","overlay-type":"","overlay-color":"","overlay-opacity":"","overlay-gradient":""},"mobile":{"background-color":"","background-image":"","background-repeat":"repeat","background-position":"center center","background-size":"auto","background-attachment":"scroll","background-type":"","background-media":"","overlay-type":"","overlay-color":"","overlay-opacity":"","overlay-gradient":""}},"ast-content-background-meta":{"desktop":{"background-color":"var(--ast-global-color-5)","background-image":"","background-repeat":"repeat","background-position":"center center","background-size":"auto","background-attachment":"scroll","background-type":"","background-media":"","overlay-type":"","overlay-color":"","overlay-opacity":"","overlay-gradient":""},"tablet":{"background-color":"var(--ast-global-color-5)","background-image":"","background-repeat":"repeat","background-position":"center center","background-size":"auto","background-attachment":"scroll","background-type":"","background-media":"","overlay-type":"","overlay-color":"","overlay-opacity":"","overlay-gradient":""},"mobile":{"background-color":"var(--ast-global-color-5)","background-image":"","background-repeat":"repeat","background-position":"center center","background-size":"auto","background-attachment":"scroll","background-type":"","background-media":"","overlay-type":"","overlay-color":"","overlay-opacity":"","overlay-gradient":""}},"footnotes":""},"class_list":["post-3310","page","type-page","status-publish","hentry"],"aioseo_notices":[],"uagb_featured_image_src":{"full":false,"thumbnail":false,"medium":false,"medium_large":false,"large":false,"1536x1536":false,"2048x2048":false,"trp-custom-language-flag":false},"uagb_author_info":{"display_name":"dj23769@gmail.com","author_link":"https:\/\/3dviewjanssen.com\/hu\/author\/dj23769gmail-com\/"},"uagb_comment_info":0,"uagb_excerpt":null,"_links":{"self":[{"href":"https:\/\/3dviewjanssen.com\/hu\/wp-json\/wp\/v2\/pages\/3310","targetHints":{"allow":["GET"]}}],"collection":[{"href":"https:\/\/3dviewjanssen.com\/hu\/wp-json\/wp\/v2\/pages"}],"about":[{"href":"https:\/\/3dviewjanssen.com\/hu\/wp-json\/wp\/v2\/types\/page"}],"author":[{"embeddable":true,"href":"https:\/\/3dviewjanssen.com\/hu\/wp-json\/wp\/v2\/users\/1"}],"replies":[{"embeddable":true,"href":"https:\/\/3dviewjanssen.com\/hu\/wp-json\/wp\/v2\/comments?post=3310"}],"version-history":[{"count":9,"href":"https:\/\/3dviewjanssen.com\/hu\/wp-json\/wp\/v2\/pages\/3310\/revisions"}],"predecessor-version":[{"id":3520,"href":"https:\/\/3dviewjanssen.com\/hu\/wp-json\/wp\/v2\/pages\/3310\/revisions\/3520"}],"up":[{"embeddable":true,"href":"https:\/\/3dviewjanssen.com\/hu\/wp-json\/wp\/v2\/pages\/3191"}],"wp:attachment":[{"href":"https:\/\/3dviewjanssen.com\/hu\/wp-json\/wp\/v2\/media?parent=3310"}],"curies":[{"name":"wp","href":"https:\/\/api.w.org\/{rel}","templated":true}]}}