{"id":3566,"date":"2026-03-15T15:17:35","date_gmt":"2026-03-15T15:17:35","guid":{"rendered":"https:\/\/3dviewjanssen.com\/?page_id=3566"},"modified":"2026-03-15T15:32:42","modified_gmt":"2026-03-15T15:32:42","slug":"eintragung-der-gebaeudeangaben","status":"publish","type":"page","link":"https:\/\/3dviewjanssen.com\/hu\/home\/start\/service\/formulare\/eintragung-der-gebaeudeangaben\/","title":{"rendered":"Az \u00e9p\u00fclet r\u00e9szleteinek bejegyz\u00e9se"},"content":{"rendered":"<figure class=\"wp-block-image alignright size-full is-resized\"><img loading=\"lazy\" decoding=\"async\" width=\"144\" height=\"96\" src=\"https:\/\/3dviewjanssen.com\/wp-content\/uploads\/2026\/01\/Logo_Farbig_Web.jpg\" alt=\"\" class=\"wp-image-3499\" style=\"width:112px;height:auto\" srcset=\"https:\/\/3dviewjanssen.com\/wp-content\/uploads\/2026\/01\/Logo_Farbig_Web.jpg 144w, https:\/\/3dviewjanssen.com\/wp-content\/uploads\/2026\/01\/Logo_Farbig_Web-18x12.jpg 18w\" sizes=\"auto, (max-width: 144px) 100vw, 144px\" \/><figcaption class=\"wp-element-caption\"><a href=\"https:\/\/3dviewjanssen.com\/hu\/\" title=\"\">Kezd\u0151lap...<\/a><\/figcaption><\/figure>\n\n\n\n<p>Az \u00e9p\u00fcletre vonatkoz\u00f3 inform\u00e1ci\u00f3i, az energiam\u00e9rleg \u00e9s \u00edgy a lehets\u00e9ges energetikai konzult\u00e1ci\u00f3 alapj\u00e1n elk\u00e9sz\u00fclhet az \u00e9p\u00fcletfel\u00fcgyelet vagy az energiasz\u00fcks\u00e9gleti tan\u00fas\u00edtv\u00e1ny.<\/p>\n\n\n\n<form method=\"post\" enctype=\"multipart\/form-data\" action=\"\">\n\n<input type=\"hidden\" id=\"energie_nonce\" name=\"energie_nonce\" value=\"9de5a3657d\" \/><input type=\"hidden\" name=\"_wp_http_referer\" value=\"\/hu\/wp-json\/wp\/v2\/pages\/3566\" \/>\n<h2>Tulajdonos<\/h2>\n\n<select name=\"anrede\">\n<option value=\"\">\u00dcdv\u00f6zl\u00e9s<\/option>\n<option>Mr<\/option>\n<option>Mrs<\/option>\n<\/select>\n\n<input type=\"text\" name=\"vorname\" placeholder=\"Keresztn\u00e9v\" required>\n<input type=\"text\" name=\"nachname\" placeholder=\"Vezet\u00e9kn\u00e9v\" required>\n\n<input type=\"text\" name=\"strasse\" placeholder=\"Street\">\n<input type=\"text\" name=\"plz\" placeholder=\"POSTAC\u00cdM\">\n<input type=\"text\" name=\"wohnort\" placeholder=\"Lak\u00f3hely\">\n\n<input type=\"text\" name=\"telefon\" placeholder=\"Telefon\">\n<input type=\"text\" name=\"handy\" placeholder=\"Mobiltelefon\">\n\n<input type=\"email\" name=\"mail\" placeholder=\"e-mail\">\n\n<input type=\"text\" name=\"gebort\" placeholder=\"Sz\u00fclet\u00e9si hely\">\n<input type=\"date\" name=\"gedatum\">\n\n<input type=\"text\" name=\"steuerid\" placeholder=\"Ad\u00f3sz\u00e1m\">\n<input type=\"text\" name=\"iban\" placeholder=\"IBAN\">\n\n<h2>\u00c9p\u00fclet<\/h2>\n\n<input type=\"text\" name=\"g_strasse\" placeholder=\"Street\">\n<input type=\"text\" name=\"g_plz\" placeholder=\"POSTAC\u00cdM\">\n<input type=\"text\" name=\"g_wohnort\" placeholder=\"Lak\u00f3hely\">\n\n<input type=\"number\" name=\"baujahr\" placeholder=\"Az \u00e9p\u00edt\u00e9s \u00e9ve\">\n<input type=\"number\" name=\"we\" placeholder=\"Lak\u00f3egys\u00e9gek\">\n<input type=\"number\" name=\"wflaeche\" placeholder=\"Lak\u00f3t\u00e9r m\u00b2\">\n\n<select name=\"keller\">\n<option value=\"\">Pince<\/option>\n<option>Nincs pince<\/option>\n<option>R\u00e9szleges pince<\/option>\n<option>Teljes pince<\/option>\n<\/select>\n\n<h2>F\u0171t\u00e9s<\/h2>\n\n<select name=\"heizart\">\n<option value=\"\">F\u0171t\u00e9s t\u00edpusa<\/option>\n<option>f\u0171t\u0151\u00e9rt\u00e9k<\/option>\n<option>Biomassza<\/option>\n<option>Villamosenergia<\/option>\n<option>NT kaz\u00e1n<\/option>\n<option>Sz\u00e9n<\/option>\n<\/select>\n\n<select name=\"energietraeger\">\n<option value=\"\">Energiaforr\u00e1s<\/option>\n<option>F\u00f6ldg\u00e1z<\/option>\n<option>EL f\u0171t\u0151olaj<\/option>\n<option>Foly\u00e9kony g\u00e1z FL<\/option>\n<option>Pellet<\/option>\n<option>Fa<\/option>\n<option>Villamosenergia<\/option>\n<option>Lignit<\/option>\n<\/select>\n\n<input type=\"number\" name=\"h_baujahr\" placeholder=\"\u00c9p\u00edt\u00e9s \u00e9ve F\u0171t\u00e9s\">\n<input type=\"text\" name=\"leistung\" placeholder=\"Teljes\u00edtm\u00e9ny (kW)\">\n\n<h2>Adatok felt\u00f6lt\u00e9se (max. 10 f\u00e1jl - PDF, PNG, JPG)<\/h2>\n<input type=\"file\" name=\"dateien[]\" multiple accept=\".pdf,.png,.jpg,.jpeg\">\n\n<h2>Adatv\u00e9delem<\/h2>\n\n<label>\n<input type=\"checkbox\" name=\"dsgvo\" required>\nElfogadom a GDPR-t \u00e9s az adataim feldolgoz\u00e1s\u00e1t.\n<\/label>\n\n<br><br>\n\n<input type=\"submit\" name=\"energie_submit\" value=\"Formanyomtatv\u00e1ny elk\u00fcld\u00e9se\">\n\n<input type=\"hidden\" name=\"trp-form-language\" value=\"hu\"\/><\/form>\n\n\n\n\n\n<p><\/p>","protected":false},"excerpt":{"rendered":"<p>Az \u00e9p\u00fcletre vonatkoz\u00f3 inform\u00e1ci\u00f3i, az energiam\u00e9rleg \u00e9s \u00edgy a lehets\u00e9ges energetikai konzult\u00e1ci\u00f3 alapj\u00e1n elk\u00e9sz\u00fclhet az \u00e9p\u00fcletfel\u00fcgyelet vagy az energiasz\u00fcks\u00e9gleti tan\u00fas\u00edtv\u00e1ny.<\/p>","protected":false},"author":1,"featured_media":0,"parent":3092,"menu_order":1,"comment_status":"closed","ping_status":"closed","template":"","meta":{"_uag_custom_page_level_css":"","site-sidebar-layout":"default","site-content-layout":"","ast-site-content-layout":"default","site-content-style":"default","site-sidebar-style":"default","ast-global-header-display":"","ast-banner-title-visibility":"","ast-main-header-display":"","ast-hfb-above-header-display":"","ast-hfb-below-header-display":"","ast-hfb-mobile-header-display":"","site-post-title":"","ast-breadcrumbs-content":"","ast-featured-img":"","footer-sml-layout":"","ast-disable-related-posts":"","theme-transparent-header-meta":"","adv-header-id-meta":"","stick-header-meta":"","header-above-stick-meta":"","header-main-stick-meta":"","header-below-stick-meta":"","astra-migrate-meta-layouts":"set","ast-page-background-enabled":"default","ast-page-background-meta":{"desktop":{"background-color":"","background-image":"","background-repeat":"repeat","background-position":"center center","background-size":"auto","background-attachment":"scroll","background-type":"","background-media":"","overlay-type":"","overlay-color":"","overlay-opacity":"","overlay-gradient":""},"tablet":{"background-color":"","background-image":"","background-repeat":"repeat","background-position":"center center","background-size":"auto","background-attachment":"scroll","background-type":"","background-media":"","overlay-type":"","overlay-color":"","overlay-opacity":"","overlay-gradient":""},"mobile":{"background-color":"","background-image":"","background-repeat":"repeat","background-position":"center center","background-size":"auto","background-attachment":"scroll","background-type":"","background-media":"","overlay-type":"","overlay-color":"","overlay-opacity":"","overlay-gradient":""}},"ast-content-background-meta":{"desktop":{"background-color":"var(--ast-global-color-5)","background-image":"","background-repeat":"repeat","background-position":"center center","background-size":"auto","background-attachment":"scroll","background-type":"","background-media":"","overlay-type":"","overlay-color":"","overlay-opacity":"","overlay-gradient":""},"tablet":{"background-color":"var(--ast-global-color-5)","background-image":"","background-repeat":"repeat","background-position":"center center","background-size":"auto","background-attachment":"scroll","background-type":"","background-media":"","overlay-type":"","overlay-color":"","overlay-opacity":"","overlay-gradient":""},"mobile":{"background-color":"var(--ast-global-color-5)","background-image":"","background-repeat":"repeat","background-position":"center center","background-size":"auto","background-attachment":"scroll","background-type":"","background-media":"","overlay-type":"","overlay-color":"","overlay-opacity":"","overlay-gradient":""}},"footnotes":""},"class_list":["post-3566","page","type-page","status-publish","hentry"],"aioseo_notices":[],"uagb_featured_image_src":{"full":false,"thumbnail":false,"medium":false,"medium_large":false,"large":false,"1536x1536":false,"2048x2048":false,"trp-custom-language-flag":false},"uagb_author_info":{"display_name":"dj23769@gmail.com","author_link":"https:\/\/3dviewjanssen.com\/hu\/author\/dj23769gmail-com\/"},"uagb_comment_info":0,"uagb_excerpt":"Nach Ihren Angaben zu dem Geb\u00e4ude k\u00f6nnen die Energiebilanz und damit die m\u00f6gliche Energieberatung, die daraus resultierende Baubegleitung oder auch der Energiebedarfsausweis angefertigt werden.","_links":{"self":[{"href":"https:\/\/3dviewjanssen.com\/hu\/wp-json\/wp\/v2\/pages\/3566","targetHints":{"allow":["GET"]}}],"collection":[{"href":"https:\/\/3dviewjanssen.com\/hu\/wp-json\/wp\/v2\/pages"}],"about":[{"href":"https:\/\/3dviewjanssen.com\/hu\/wp-json\/wp\/v2\/types\/page"}],"author":[{"embeddable":true,"href":"https:\/\/3dviewjanssen.com\/hu\/wp-json\/wp\/v2\/users\/1"}],"replies":[{"embeddable":true,"href":"https:\/\/3dviewjanssen.com\/hu\/wp-json\/wp\/v2\/comments?post=3566"}],"version-history":[{"count":2,"href":"https:\/\/3dviewjanssen.com\/hu\/wp-json\/wp\/v2\/pages\/3566\/revisions"}],"predecessor-version":[{"id":3569,"href":"https:\/\/3dviewjanssen.com\/hu\/wp-json\/wp\/v2\/pages\/3566\/revisions\/3569"}],"up":[{"embeddable":true,"href":"https:\/\/3dviewjanssen.com\/hu\/wp-json\/wp\/v2\/pages\/3092"}],"wp:attachment":[{"href":"https:\/\/3dviewjanssen.com\/hu\/wp-json\/wp\/v2\/media?parent=3566"}],"curies":[{"name":"wp","href":"https:\/\/api.w.org\/{rel}","templated":true}]}}